{"id":1337,"date":"2021-06-04T14:29:29","date_gmt":"2021-06-04T17:29:29","guid":{"rendered":"http:\/\/es.www.assesso.com.br\/?page_id=1337"},"modified":"2022-02-10T18:02:24","modified_gmt":"2022-02-10T21:02:24","slug":"transformacao-digital","status":"publish","type":"page","link":"https:\/\/www.assesso.com.br\/es\/transformacao-digital\/","title":{"rendered":"Transformaci\u00f3n Digital"},"content":{"rendered":"<p>[vc_row][vc_column][vc_column_text]<\/p>\n<h2 style=\"text-align: center;\">Impulse la Transformaci\u00f3n Digital<\/h2>\n<p style=\"text-align: center;\">Prosperar en la nueva econom\u00eda digital requiere estar preparado para lidiar con la hiperconectividad, asegurando la calidad de los datos. Cantidades masivas de datos abren innumerables posibilidades de uso con Inteligencia Artificial, Aprendizaje Autom\u00e1tico (Machine learning) y An\u00e1lisis en tiempo real (Analytics). Sin embargo, la calidad de sus datos es decisiva para el \u00e9xito de sus iniciativas. Los datos inseguros y poco confiables son el gran desaf\u00edo de su transformaci\u00f3n digital.<\/p>\n<p>[\/vc_column_text][\/vc_column][\/vc_row][vc_row gap=&#8221;35&#8243; content_placement=&#8221;middle&#8221;][vc_column width=&#8221;1\/2&#8243;][vc_column_text]<\/p>\n<h3 style=\"text-align: center;\">\u00bfCu\u00e1les son los principales retos en la Transformaci\u00f3n Digital?<\/h3>\n<p style=\"text-align: center;\">Si estos elementos son desaf\u00edos para todo el equipo, Datacare puede revolucionar sus operaciones.<\/p>\n<p>[\/vc_column_text][\/vc_column][vc_column width=&#8221;1\/2&#8243;][vc_column_text]1. \u00bfPuede conectar r\u00e1pidamente los sistemas heredados a las innovaciones?<\/p>\n<p>2. \u00bfSus datos est\u00e1n centralizados y altamente disponibles para nuevos proyectos?<\/p>\n<p>3. \u00bfSus iniciativas de IA y ML est\u00e1n aprendiendo basados en datos confiables?[\/vc_column_text][\/vc_column][\/vc_row][vc_row padding_top_multiplier=&#8221;3x&#8221; padding_bottom_multiplier=&#8221;3x&#8221;][vc_column width=&#8221;1\/4&#8243;]<div class=\"grve-element grve-image grve-align-center\" style=\"\">  <div class=\"grve-image-wrapper\"><img loading=\"lazy\" decoding=\"async\" width=\"250\" height=\"250\" src=\"https:\/\/www.assesso.com.br\/es\/wp-content\/uploads\/3\/2021\/06\/topic-red.png\" class=\"attachment-full size-full\" alt=\"\" srcset=\"https:\/\/www.assesso.com.br\/es\/wp-content\/uploads\/3\/2021\/06\/topic-red.png 250w, https:\/\/www.assesso.com.br\/es\/wp-content\/uploads\/3\/2021\/06\/topic-red-150x150.png 150w, https:\/\/www.assesso.com.br\/es\/wp-content\/uploads\/3\/2021\/06\/topic-red-204x204.png 204w\" sizes=\"auto, (max-width: 250px) 100vw, 250px\" \/>   <\/div><\/div>[\/vc_column][vc_column width=&#8221;1\/2&#8243;][vc_column_text]<\/p>\n<h3>Acelere su innovaci\u00f3n con un repositorio de datos centralizado y confiable<\/h3>\n<p>Los datos descentralizados traen grandes desaf\u00edos para la gesti\u00f3n e integraci\u00f3n de nuevos sistemas. Crear y mantener integraciones con m\u00faltiples aplicaciones consume un valioso tiempo de su equipo. Se puede resolver esto con un \u00fanico repositorio centralizado de datos que ofrece muy alta disponibilidad y seguridad. Datacare va m\u00e1s all\u00e1. Todav\u00eda consolida, desinfecta, valida y proporciona varios controles para la gesti\u00f3n de sus datos.[\/vc_column_text][\/vc_column][vc_column width=&#8221;1\/4&#8243;]<div class=\"grve-element grve-image grve-align-center\" style=\"\">  <div class=\"grve-image-wrapper\"><img loading=\"lazy\" decoding=\"async\" width=\"512\" height=\"512\" src=\"https:\/\/www.assesso.com.br\/es\/wp-content\/uploads\/3\/2021\/06\/Transform-And-Deployment.png\" class=\"attachment-full size-full\" alt=\"\" srcset=\"https:\/\/www.assesso.com.br\/es\/wp-content\/uploads\/3\/2021\/06\/Transform-And-Deployment.png 512w, https:\/\/www.assesso.com.br\/es\/wp-content\/uploads\/3\/2021\/06\/Transform-And-Deployment-300x300.png 300w, https:\/\/www.assesso.com.br\/es\/wp-content\/uploads\/3\/2021\/06\/Transform-And-Deployment-150x150.png 150w, https:\/\/www.assesso.com.br\/es\/wp-content\/uploads\/3\/2021\/06\/Transform-And-Deployment-204x204.png 204w\" sizes=\"auto, (max-width: 512px) 100vw, 512px\" \/>   <\/div><\/div>[\/vc_column][\/vc_row][vc_row padding_top_multiplier=&#8221;3x&#8221; padding_bottom_multiplier=&#8221;3x&#8221;][vc_column width=&#8221;1\/4&#8243;]<div class=\"grve-element grve-image grve-align-center\" style=\"\">  <div class=\"grve-image-wrapper\"><img loading=\"lazy\" decoding=\"async\" width=\"250\" height=\"250\" src=\"https:\/\/www.assesso.com.br\/es\/wp-content\/uploads\/3\/2021\/06\/topic-orange.png\" class=\"attachment-full size-full\" alt=\"\" srcset=\"https:\/\/www.assesso.com.br\/es\/wp-content\/uploads\/3\/2021\/06\/topic-orange.png 250w, https:\/\/www.assesso.com.br\/es\/wp-content\/uploads\/3\/2021\/06\/topic-orange-150x150.png 150w, https:\/\/www.assesso.com.br\/es\/wp-content\/uploads\/3\/2021\/06\/topic-orange-204x204.png 204w\" sizes=\"auto, (max-width: 250px) 100vw, 250px\" \/>   <\/div><\/div>[\/vc_column][vc_column width=&#8221;1\/2&#8243;][vc_column_text]<\/p>\n<h3>Traiga su legado a la nueva era digital<\/h3>\n<p>No necesita renunciar a los sistemas heredados. Los a\u00f1os de uso acumularon datos valiosos que se pueden ser r\u00e1pidamente migrados a Datacare. Independientemente de su tecnolog\u00eda, Datacare puede consumirla y ponerla a disposici\u00f3n de forma segura en los repositorios modernos. Datacare tambi\u00e9n se encarga de la integraci\u00f3n entre diferentes repositorios en diferentes tecnolog\u00edas.[\/vc_column_text][\/vc_column][vc_column width=&#8221;1\/4&#8243;]<div class=\"grve-element grve-image grve-align-center\" style=\"\">  <div class=\"grve-image-wrapper\"><img loading=\"lazy\" decoding=\"async\" width=\"512\" height=\"512\" src=\"https:\/\/www.assesso.com.br\/es\/wp-content\/uploads\/3\/2021\/06\/Timing.png\" class=\"attachment-full size-full\" alt=\"\" srcset=\"https:\/\/www.assesso.com.br\/es\/wp-content\/uploads\/3\/2021\/06\/Timing.png 512w, https:\/\/www.assesso.com.br\/es\/wp-content\/uploads\/3\/2021\/06\/Timing-300x300.png 300w, https:\/\/www.assesso.com.br\/es\/wp-content\/uploads\/3\/2021\/06\/Timing-150x150.png 150w, https:\/\/www.assesso.com.br\/es\/wp-content\/uploads\/3\/2021\/06\/Timing-204x204.png 204w\" sizes=\"auto, (max-width: 512px) 100vw, 512px\" \/>   <\/div><\/div>[\/vc_column][\/vc_row][vc_row padding_top_multiplier=&#8221;3x&#8221; padding_bottom_multiplier=&#8221;3x&#8221;][vc_column width=&#8221;1\/4&#8243;]<div class=\"grve-element grve-image grve-align-center\" style=\"\">  <div class=\"grve-image-wrapper\"><img loading=\"lazy\" decoding=\"async\" width=\"250\" height=\"250\" src=\"https:\/\/www.assesso.com.br\/es\/wp-content\/uploads\/3\/2021\/06\/topic-yellow.png\" class=\"attachment-full size-full\" alt=\"\" srcset=\"https:\/\/www.assesso.com.br\/es\/wp-content\/uploads\/3\/2021\/06\/topic-yellow.png 250w, https:\/\/www.assesso.com.br\/es\/wp-content\/uploads\/3\/2021\/06\/topic-yellow-150x150.png 150w, https:\/\/www.assesso.com.br\/es\/wp-content\/uploads\/3\/2021\/06\/topic-yellow-204x204.png 204w\" sizes=\"auto, (max-width: 250px) 100vw, 250px\" \/>   <\/div><\/div>[\/vc_column][vc_column width=&#8221;1\/2&#8243;][vc_column_text]<\/p>\n<h3>BI, An\u00e1lisis de Datos y Ciencia de Datos<\/h3>\n<p>En promedio, los cient\u00edficos de datos dedican el 70% de su tiempo a estructurar datos y solo el 30% a analizarlos. No hay que ser as\u00ed. Sus decisiones no pueden tardar ni fallar. Informaciones concretas y confiables son la base para las decisiones estrat\u00e9gicas y de gesti\u00f3n. La calidad de sus datos ser\u00e1 vital para el desarrollo de cuadros de mando y pr\u00e1cticas de ciencia de datos. Datacare reduce dr\u00e1sticamente el tiempo dedicado a estructurar y desinfectar datos.[\/vc_column_text][\/vc_column][vc_column width=&#8221;1\/4&#8243;]<div class=\"grve-element grve-image grve-align-center\" style=\"\">  <div class=\"grve-image-wrapper\"><img loading=\"lazy\" decoding=\"async\" width=\"512\" height=\"512\" src=\"https:\/\/www.assesso.com.br\/es\/wp-content\/uploads\/3\/2021\/06\/Monitoring-Project-Data.png\" class=\"attachment-full size-full\" alt=\"\" srcset=\"https:\/\/www.assesso.com.br\/es\/wp-content\/uploads\/3\/2021\/06\/Monitoring-Project-Data.png 512w, https:\/\/www.assesso.com.br\/es\/wp-content\/uploads\/3\/2021\/06\/Monitoring-Project-Data-300x300.png 300w, https:\/\/www.assesso.com.br\/es\/wp-content\/uploads\/3\/2021\/06\/Monitoring-Project-Data-150x150.png 150w, https:\/\/www.assesso.com.br\/es\/wp-content\/uploads\/3\/2021\/06\/Monitoring-Project-Data-204x204.png 204w\" sizes=\"auto, (max-width: 512px) 100vw, 512px\" \/>   <\/div><\/div>[\/vc_column][\/vc_row][vc_row padding_top_multiplier=&#8221;3x&#8221; padding_bottom_multiplier=&#8221;3x&#8221;][vc_column width=&#8221;1\/4&#8243;]<div class=\"grve-element grve-image grve-align-center\" style=\"\">  <div class=\"grve-image-wrapper\"><img loading=\"lazy\" decoding=\"async\" width=\"250\" height=\"250\" src=\"https:\/\/www.assesso.com.br\/es\/wp-content\/uploads\/3\/2021\/06\/topic-green.png\" class=\"attachment-full size-full\" alt=\"\" srcset=\"https:\/\/www.assesso.com.br\/es\/wp-content\/uploads\/3\/2021\/06\/topic-green.png 250w, https:\/\/www.assesso.com.br\/es\/wp-content\/uploads\/3\/2021\/06\/topic-green-150x150.png 150w, https:\/\/www.assesso.com.br\/es\/wp-content\/uploads\/3\/2021\/06\/topic-green-204x204.png 204w\" sizes=\"auto, (max-width: 250px) 100vw, 250px\" \/>   <\/div><\/div>[\/vc_column][vc_column width=&#8221;1\/2&#8243;][vc_column_text]<\/p>\n<h3>Inteligencia Artificial y Aprendizaje Autom\u00e1tico<\/h3>\n<p>El aprendizaje autom\u00e1tico requiere datos correctos. Puede parecer obvio, pero los datos incorrectos llevar\u00e1n a su IA a conclusiones equivocadas y un comportamiento imprevisible. Sus iniciativas de aprendizaje autom\u00e1tico necesitan grandes cantidades de datos con informaciones confiables. Datacare puede analizar los datos y ofrecer entradas de calidad a su IA para desarrollarse en su aprendizaje.[\/vc_column_text][\/vc_column][vc_column width=&#8221;1\/4&#8243;]<div class=\"grve-element grve-image grve-align-center\" style=\"\">  <div class=\"grve-image-wrapper\"><img loading=\"lazy\" decoding=\"async\" width=\"512\" height=\"512\" src=\"https:\/\/www.assesso.com.br\/es\/wp-content\/uploads\/3\/2021\/06\/Creative.png\" class=\"attachment-full size-full\" alt=\"\" srcset=\"https:\/\/www.assesso.com.br\/es\/wp-content\/uploads\/3\/2021\/06\/Creative.png 512w, https:\/\/www.assesso.com.br\/es\/wp-content\/uploads\/3\/2021\/06\/Creative-300x300.png 300w, https:\/\/www.assesso.com.br\/es\/wp-content\/uploads\/3\/2021\/06\/Creative-150x150.png 150w, https:\/\/www.assesso.com.br\/es\/wp-content\/uploads\/3\/2021\/06\/Creative-204x204.png 204w\" sizes=\"auto, (max-width: 512px) 100vw, 512px\" \/>   <\/div><\/div>[\/vc_column][\/vc_row][vc_row padding_top_multiplier=&#8221;2x&#8221; padding_bottom_multiplier=&#8221;2x&#8221;][vc_column]<style type=\"text\/css\">.grve-title-gradient.grve-title-69f53b447de08 > span,.grve-title-gradient.grve-title-69f53b447de08 .grve-clipping-content > span {color: #dd3333;background-image: -moz-linear-gradient(-45deg, #dd3333 0%, #003a40 100%);background-image: -webkit-linear-gradient(-45deg, #dd3333 0%, #003a40 100%);background-image: linear-gradient(135deg, #dd3333 0%, #003a40 100%);}<\/style><h2 class=\"grve-element grve-title grve-align-center grve-h2 grve-title-gradient grve-title-69f53b447de08\" style=\"margin-bottom: 30px;\"><span>Casos de Transformaci\u00f3n Digital<\/span><\/h2>\t\t\t<div class=\"grve-element grve-with-gap grve-portfolio grve-isotope caselist\" style=\"\" data-spinner=\"no\" data-columns=\"3\" data-columns-large-screen=\"3\" data-columns-tablet-landscape=\"2\" data-columns-tablet-portrait=\"2\" data-columns-mobile=\"1\" data-layout=\"fitRows\" data-gutter-size=\"30\">\r\n\t\t\r\n\t\t\t<div class=\"grve-isotope-container\">\r\n\t\t\t\t\t\t\t<article id=\"portfolio-1998-69f53b447f65a\" class=\"grve-isotope-item grve-portfolio-item  post-1998 portfolio type-portfolio status-publish has-post-thumbnail hentry portfolio_category-acelere-la-transformacion-digital portfolio_category-salud\">\r\n\t\t\t\t\t\t<div class=\"grve-isotope-item-inner grve-hover-item grve-hover-style-1\">\t\t\t\t\t\t\t\t\t<figure class=\"grve-image-hover grve-media\">\r\n\t\t\t\t\t\t\t\t\t\t<a class=\"grve-item-url\" aria-label=\"Perspectivas para la Creaci\u00f3n de Productos en una Healthtech\" href=\"https:\/\/www.assesso.com.br\/es\/cases\/insights-para-criacao-de-produtos-em-uma-healthtech\/\"><\/a>\t\t\t\t\t\t\t\t\t\t<div class=\"grve-bg-light grve-hover-overlay grve-opacity-90\"><\/div>\r\n\t\t\t\t\t\t\t\t\t\t<img loading=\"lazy\" decoding=\"async\" width=\"560\" height=\"340\" src=\"https:\/\/www.assesso.com.br\/es\/wp-content\/uploads\/3\/2021\/10\/case-health2-560x340.png\" class=\"attachment-movedo-grve-small-rect-horizontal size-movedo-grve-small-rect-horizontal\" alt=\"\" \/>\t\t\t\t\t\t\t\t\t\t<figcaption><\/figcaption>\r\n\t\t\t\t\t\t\t\t\t<\/figure>\r\n\t\t\t\t\t\t\t\t\t\t\t\t\t\t\t\t\t\t<div class=\"grve-content grve-align-center\">\r\n\t\t\t\t\t\t\t\t\t\t\t\t\t\t\t\t\t\t\t\t\t\t\t\t\t\t\t\t\t\t<h4 class=\"grve-title grve-text-inherit grve-h4\">Perspectivas para la Creaci\u00f3n de Productos en una Healthtech<\/h4>\r\n\t\t\t\t\t\t\t\t\t\t\t\t\t\t\t\t\t\t\t\t\t\t\t\t\t\t\t\t\t\t\t\t\t\t\t\t\t\t\t<\/div>\r\n\t\t\t\t\t\t\t\t\t\t\t\t\t\t\t\t\t\t\t\t\t\t<\/div>\r\n\t\t\t\t\t<\/article>\r\n\t\t\t\t\t<article id=\"portfolio-1999-69f53b447fc7b\" class=\"grve-isotope-item grve-portfolio-item  post-1999 portfolio type-portfolio status-publish has-post-thumbnail hentry portfolio_category-acelere-la-transformacion-digital portfolio_category-salud\">\r\n\t\t\t\t\t\t<div class=\"grve-isotope-item-inner grve-hover-item grve-hover-style-1\">\t\t\t\t\t\t\t\t\t<figure class=\"grve-image-hover grve-media\">\r\n\t\t\t\t\t\t\t\t\t\t<a class=\"grve-item-url\" aria-label=\"Visi\u00f3n 360\u00b0 de Pacientes, Empleados, Empresas y Profesionales de Salud en Healthtech\" href=\"https:\/\/www.assesso.com.br\/es\/cases\/visao-360o-de-pacientes-funcionarios-empresas-e-profissionais-de-saude-em-healthtech\/\"><\/a>\t\t\t\t\t\t\t\t\t\t<div class=\"grve-bg-light grve-hover-overlay grve-opacity-90\"><\/div>\r\n\t\t\t\t\t\t\t\t\t\t<img loading=\"lazy\" decoding=\"async\" width=\"560\" height=\"340\" src=\"https:\/\/www.assesso.com.br\/es\/wp-content\/uploads\/3\/2021\/10\/case-health2-560x340.png\" class=\"attachment-movedo-grve-small-rect-horizontal size-movedo-grve-small-rect-horizontal\" alt=\"\" \/>\t\t\t\t\t\t\t\t\t\t<figcaption><\/figcaption>\r\n\t\t\t\t\t\t\t\t\t<\/figure>\r\n\t\t\t\t\t\t\t\t\t\t\t\t\t\t\t\t\t\t<div class=\"grve-content grve-align-center\">\r\n\t\t\t\t\t\t\t\t\t\t\t\t\t\t\t\t\t\t\t\t\t\t\t\t\t\t\t\t\t\t<h4 class=\"grve-title grve-text-inherit grve-h4\">Visi\u00f3n 360\u00b0 de Pacientes, Empleados, Empresas y Profesionales de Salud en Healthtech<\/h4>\r\n\t\t\t\t\t\t\t\t\t\t\t\t\t\t\t\t\t\t\t\t\t\t\t\t\t\t\t\t\t\t<div class=\"grve-description grve-text-content\">Racionalizar y mejorar los servicios de salud de los empleados de las empresas y los asegurados de los proveedores de atenci\u00f3n m\u00e9dica y, al mismo tiempo, ofrecer servicios de medicina de baja complejidad, asequibles a la poblaci\u00f3n en general.<\/div>\r\n\t\t\t\t\t\t\t\t\t\t\t\t\t\t\t\t\t\t\t\t\t\t\t\t\t\t\t\t\t<\/div>\r\n\t\t\t\t\t\t\t\t\t\t\t\t\t\t\t\t\t\t\t\t\t\t<\/div>\r\n\t\t\t\t\t<\/article>\r\n\t\t\t\t<\/div>\r\n\t\t\t<\/div>\r\n\r\n\t\t[\/vc_column][\/vc_row][vc_row padding_top_multiplier=&#8221;3x&#8221; padding_bottom_multiplier=&#8221;3x&#8221;][vc_column width=&#8221;1\/2&#8243;]<div class=\"grve-element grve-image grve-align-center\" style=\"\">  <div class=\"grve-image-wrapper\"><img loading=\"lazy\" decoding=\"async\" width=\"720\" height=\"140\" src=\"https:\/\/www.assesso.com.br\/es\/wp-content\/uploads\/3\/2021\/05\/logo-datacare.png\" class=\"attachment-full size-full\" alt=\"datacare\" srcset=\"https:\/\/www.assesso.com.br\/es\/wp-content\/uploads\/3\/2021\/05\/logo-datacare.png 720w, https:\/\/www.assesso.com.br\/es\/wp-content\/uploads\/3\/2021\/05\/logo-datacare-300x58.png 300w\" sizes=\"auto, (max-width: 720px) 100vw, 720px\" \/>   <\/div><\/div>[\/vc_column][vc_column width=&#8221;1\/2&#8243;][vc_column_text]<\/p>\n<h3>Datacare<\/h3>\n<p>Datacare es una herramienta completa, con cientos de funciones y herramientas listas para usar capaces de manejar datos de personas (individuos y empresas), direcciones, georreferenciaci\u00f3n, historiales de relaciones, materiales, productos, registros contables, logs, im\u00e1genes, hojas de c\u00e1lculo y mucho m\u00e1s.[\/vc_column_text]<div class=\"grve-empty-space grve-height-2x\" style=\"\"><\/div>[vc_column_text]<\/p>\n<h3>Servicios Profesionales<\/h3>\n<p>Assesso ofrece un conjunto de servicios profesionales especializados en el tratamiento, gesti\u00f3n, gobierno y soporte de sus servicios de datos, asegurando un alt\u00edsimo rendimiento y disponibilidad.[\/vc_column_text][\/vc_column][\/vc_row][vc_row][vc_column width=&#8221;1\/2&#8243;]<div class=\"grve-element grve-align-center\"><a href=\"\/es\/datacare\/\" class=\"grve-btn grve-btn-medium grve-round grve-bg-primary-1 grve-bg-hover-black\" style=\"margin-bottom: 20px;\"><span>M\u00e1s informaciones sobre el Datacare<\/span><\/a><\/div>[\/vc_column][vc_column width=&#8221;1\/2&#8243;]<div class=\"grve-element grve-align-center\"><a href=\"\/es\/contato\" class=\"grve-btn grve-btn-medium grve-round grve-bg-primary-1 grve-bg-hover-black\" style=\"margin-bottom: 20px;\"><span>\u00a1Escr\u00edbanos!<\/span><\/a><\/div>[\/vc_column][\/vc_row]<\/p>\n","protected":false},"excerpt":{"rendered":"<p>[vc_row][vc_column][vc_column_text] Impulse la Transformaci\u00f3n Digital Prosperar en la nueva econom\u00eda digital requiere estar preparado para lidiar con la hiperconectividad, asegurando la calidad de los datos. Cantidades masivas de datos abren innumerables posibilidades de uso con Inteligencia Artificial, Aprendizaje Autom\u00e1tico (Machine learning) y An\u00e1lisis en tiempo real (Analytics). Sin embargo, la calidad de sus datos es [&hellip;]<\/p>\n","protected":false},"author":10,"featured_media":0,"parent":0,"menu_order":0,"comment_status":"closed","ping_status":"closed","template":"","meta":{"footnotes":""},"class_list":["post-1337","page","type-page","status-publish","hentry"],"yoast_head":"<!-- This site is optimized with the Yoast SEO plugin v18.0 - https:\/\/yoast.com\/wordpress\/plugins\/seo\/ -->\n<title>Transformaci\u00f3n Digital - Assesso - Espa\u00f1ol<\/title>\n<meta name=\"robots\" content=\"index, follow, max-snippet:-1, max-image-preview:large, max-video-preview:-1\" \/>\n<link rel=\"canonical\" href=\"https:\/\/www.assesso.com.br\/es\/transformacao-digital\/\" \/>\n<meta property=\"og:locale\" content=\"es_ES\" \/>\n<meta property=\"og:type\" content=\"article\" \/>\n<meta property=\"og:title\" content=\"Transformaci\u00f3n Digital - Assesso - Espa\u00f1ol\" \/>\n<meta property=\"og:description\" content=\"[vc_row][vc_column][vc_column_text] Impulse la Transformaci\u00f3n Digital Prosperar en la nueva econom\u00eda digital requiere estar preparado para lidiar con la hiperconectividad, asegurando la calidad de los datos. Cantidades masivas de datos abren innumerables posibilidades de uso con Inteligencia Artificial, Aprendizaje Autom\u00e1tico (Machine learning) y An\u00e1lisis en tiempo real (Analytics). Sin embargo, la calidad de sus datos es [&hellip;]\" \/>\n<meta property=\"og:url\" content=\"https:\/\/www.assesso.com.br\/es\/transformacao-digital\/\" \/>\n<meta property=\"og:site_name\" content=\"Assesso - Espa\u00f1ol\" \/>\n<meta property=\"article:modified_time\" content=\"2022-02-10T21:02:24+00:00\" \/>\n<meta name=\"twitter:card\" content=\"summary_large_image\" \/>\n<meta name=\"twitter:label1\" content=\"Tiempo de lectura\" \/>\n\t<meta name=\"twitter:data1\" content=\"3 minutos\" \/>\n<script type=\"application\/ld+json\" class=\"yoast-schema-graph\">{\"@context\":\"https:\/\/schema.org\",\"@graph\":[{\"@type\":\"WebSite\",\"@id\":\"https:\/\/www.assesso.com.br\/#website\",\"url\":\"https:\/\/www.assesso.com.br\/\",\"name\":\"Assesso - Espa\u00f1ol\",\"description\":\"Conectando dados a decis\u00f5es\",\"potentialAction\":[{\"@type\":\"SearchAction\",\"target\":{\"@type\":\"EntryPoint\",\"urlTemplate\":\"https:\/\/www.assesso.com.br\/?s={search_term_string}\"},\"query-input\":\"required name=search_term_string\"}],\"inLanguage\":\"es\"},{\"@type\":\"WebPage\",\"@id\":\"https:\/\/www.assesso.com.br\/es\/transformacao-digital\/#webpage\",\"url\":\"https:\/\/www.assesso.com.br\/es\/transformacao-digital\/\",\"name\":\"Transformaci\u00f3n Digital - Assesso - Espa\u00f1ol\",\"isPartOf\":{\"@id\":\"https:\/\/www.assesso.com.br\/#website\"},\"datePublished\":\"2021-06-04T17:29:29+00:00\",\"dateModified\":\"2022-02-10T21:02:24+00:00\",\"breadcrumb\":{\"@id\":\"https:\/\/www.assesso.com.br\/es\/transformacao-digital\/#breadcrumb\"},\"inLanguage\":\"es\",\"potentialAction\":[{\"@type\":\"ReadAction\",\"target\":[\"https:\/\/www.assesso.com.br\/es\/transformacao-digital\/\"]}]},{\"@type\":\"BreadcrumbList\",\"@id\":\"https:\/\/www.assesso.com.br\/es\/transformacao-digital\/#breadcrumb\",\"itemListElement\":[{\"@type\":\"ListItem\",\"position\":1,\"name\":\"In\u00edcio\",\"item\":\"https:\/\/www.assesso.com.br\/es\/\"},{\"@type\":\"ListItem\",\"position\":2,\"name\":\"Transformaci\u00f3n Digital\"}]}]}<\/script>\n<!-- \/ Yoast SEO plugin. -->","yoast_head_json":{"title":"Transformaci\u00f3n Digital - Assesso - Espa\u00f1ol","robots":{"index":"index","follow":"follow","max-snippet":"max-snippet:-1","max-image-preview":"max-image-preview:large","max-video-preview":"max-video-preview:-1"},"canonical":"https:\/\/www.assesso.com.br\/es\/transformacao-digital\/","og_locale":"es_ES","og_type":"article","og_title":"Transformaci\u00f3n Digital - Assesso - Espa\u00f1ol","og_description":"[vc_row][vc_column][vc_column_text] Impulse la Transformaci\u00f3n Digital Prosperar en la nueva econom\u00eda digital requiere estar preparado para lidiar con la hiperconectividad, asegurando la calidad de los datos. Cantidades masivas de datos abren innumerables posibilidades de uso con Inteligencia Artificial, Aprendizaje Autom\u00e1tico (Machine learning) y An\u00e1lisis en tiempo real (Analytics). Sin embargo, la calidad de sus datos es [&hellip;]","og_url":"https:\/\/www.assesso.com.br\/es\/transformacao-digital\/","og_site_name":"Assesso - Espa\u00f1ol","article_modified_time":"2022-02-10T21:02:24+00:00","twitter_card":"summary_large_image","twitter_misc":{"Tiempo de lectura":"3 minutos"},"schema":{"@context":"https:\/\/schema.org","@graph":[{"@type":"WebSite","@id":"https:\/\/www.assesso.com.br\/#website","url":"https:\/\/www.assesso.com.br\/","name":"Assesso - Espa\u00f1ol","description":"Conectando dados a decis\u00f5es","potentialAction":[{"@type":"SearchAction","target":{"@type":"EntryPoint","urlTemplate":"https:\/\/www.assesso.com.br\/?s={search_term_string}"},"query-input":"required name=search_term_string"}],"inLanguage":"es"},{"@type":"WebPage","@id":"https:\/\/www.assesso.com.br\/es\/transformacao-digital\/#webpage","url":"https:\/\/www.assesso.com.br\/es\/transformacao-digital\/","name":"Transformaci\u00f3n Digital - Assesso - Espa\u00f1ol","isPartOf":{"@id":"https:\/\/www.assesso.com.br\/#website"},"datePublished":"2021-06-04T17:29:29+00:00","dateModified":"2022-02-10T21:02:24+00:00","breadcrumb":{"@id":"https:\/\/www.assesso.com.br\/es\/transformacao-digital\/#breadcrumb"},"inLanguage":"es","potentialAction":[{"@type":"ReadAction","target":["https:\/\/www.assesso.com.br\/es\/transformacao-digital\/"]}]},{"@type":"BreadcrumbList","@id":"https:\/\/www.assesso.com.br\/es\/transformacao-digital\/#breadcrumb","itemListElement":[{"@type":"ListItem","position":1,"name":"In\u00edcio","item":"https:\/\/www.assesso.com.br\/es\/"},{"@type":"ListItem","position":2,"name":"Transformaci\u00f3n Digital"}]}]}},"_links":{"self":[{"href":"https:\/\/www.assesso.com.br\/es\/wp-json\/wp\/v2\/pages\/1337","targetHints":{"allow":["GET"]}}],"collection":[{"href":"https:\/\/www.assesso.com.br\/es\/wp-json\/wp\/v2\/pages"}],"about":[{"href":"https:\/\/www.assesso.com.br\/es\/wp-json\/wp\/v2\/types\/page"}],"author":[{"embeddable":true,"href":"https:\/\/www.assesso.com.br\/es\/wp-json\/wp\/v2\/users\/10"}],"replies":[{"embeddable":true,"href":"https:\/\/www.assesso.com.br\/es\/wp-json\/wp\/v2\/comments?post=1337"}],"version-history":[{"count":14,"href":"https:\/\/www.assesso.com.br\/es\/wp-json\/wp\/v2\/pages\/1337\/revisions"}],"predecessor-version":[{"id":2135,"href":"https:\/\/www.assesso.com.br\/es\/wp-json\/wp\/v2\/pages\/1337\/revisions\/2135"}],"wp:attachment":[{"href":"https:\/\/www.assesso.com.br\/es\/wp-json\/wp\/v2\/media?parent=1337"}],"curies":[{"name":"wp","href":"https:\/\/api.w.org\/{rel}","templated":true}]}}