{"id":1411,"date":"2021-06-07T13:40:50","date_gmt":"2021-06-07T16:40:50","guid":{"rendered":"http:\/\/es.www.assesso.com.br\/?page_id=1411"},"modified":"2022-03-28T15:08:51","modified_gmt":"2022-03-28T18:08:51","slug":"logistica","status":"publish","type":"page","link":"https:\/\/www.assesso.com.br\/es\/logistica\/","title":{"rendered":"Log\u00edstica"},"content":{"rendered":"<p>[vc_row][vc_column][vc_column_text]<\/p>\n<h2 style=\"text-align: center;\">Sorprenda sus clientes con<br \/>\nentregas m\u00e1s r\u00e1pidas y m\u00e1s eficientes<\/h2>\n<p style=\"text-align: center;\">El tiempo de entrega y la precisi\u00f3n son las principales ventajas competitivas en el comercio electr\u00f3nico. Entregar m\u00e1s r\u00e1pido y con mayor precisi\u00f3n es un factor decisivo en la satisfacci\u00f3n del cliente y en los costos. Estudios indican que el costo log\u00edstico consume m\u00e1s del 12% de los ingresos de las empresas brasile\u00f1as *. Es por eso que tener un sistema de datos integrados y confiables es vital para prosperar en los canales digitales.<\/p>\n<p style=\"text-align: center;\"><small>*Fuente: Funda\u00e7\u00e3o Dom Cabral<\/small><\/p>\n<p>[\/vc_column_text][\/vc_column][\/vc_row][vc_row padding_top_multiplier=&#8221;3x&#8221; padding_bottom_multiplier=&#8221;3x&#8221;][vc_column width=&#8221;1\/2&#8243;][vc_column_text]<\/p>\n<h3 style=\"text-align: center;\">\u00bfCu\u00e1les son los principales retos en la b\u00fasqueda de la eficiencia log\u00edstica?<\/h3>\n<p style=\"text-align: center;\">Si estos elementos son desaf\u00edos para todo el equipo, Datacare puede revolucionar tus operaciones.<\/p>\n<p>[\/vc_column_text][\/vc_column][vc_column width=&#8221;1\/2&#8243;][vc_column_text]1. \u00bfLos retrasos y el reenv\u00edo de pedidos son un gran desperdicio?<\/p>\n<p>2. \u00bfLos indicadores de las operaciones log\u00edsticas sufren distorsiones por datos inexactos?<\/p>\n<p>3. \u00bfSe pueden mejorar los indicadores de calidad y satisfacci\u00f3n del cliente?[\/vc_column_text][\/vc_column][\/vc_row][vc_row padding_top_multiplier=&#8221;3x&#8221; padding_bottom_multiplier=&#8221;3x&#8221;][vc_column width=&#8221;1\/4&#8243;]<div class=\"grve-element grve-image grve-align-center\" style=\"\">  <div class=\"grve-image-wrapper\"><img loading=\"lazy\" decoding=\"async\" width=\"250\" height=\"250\" src=\"https:\/\/www.assesso.com.br\/es\/wp-content\/uploads\/3\/2021\/06\/topic-red.png\" class=\"attachment-full size-full\" alt=\"\" srcset=\"https:\/\/www.assesso.com.br\/es\/wp-content\/uploads\/3\/2021\/06\/topic-red.png 250w, https:\/\/www.assesso.com.br\/es\/wp-content\/uploads\/3\/2021\/06\/topic-red-150x150.png 150w, https:\/\/www.assesso.com.br\/es\/wp-content\/uploads\/3\/2021\/06\/topic-red-204x204.png 204w\" sizes=\"auto, (max-width: 250px) 100vw, 250px\" \/>   <\/div><\/div>[\/vc_column][vc_column width=&#8221;1\/2&#8243;][vc_column_text]<\/p>\n<h3>Asegure la entrega de productos mediante el adequado manejo de las direcciones en el registro de clientes.<\/h3>\n<p>Imagine registros de clientes llenos de errores relacionados al c\u00f3digo postal. Inevitablemente, la empresa desperdiciar\u00e1 tiempo y recursos enviando el pedido al lugar equivocado. Tambi\u00e9n es seguro que el cliente no estar\u00e1 satisfecho con el retraso. Con el uso de la herramienta de datos maestros Datacare, la empresa reduce los costos log\u00edsticos en la entrega de productos porque maneja adecuadamente las direcciones en los registros de los clientes. Como resultado, se reducen los retrasos en la entrega de paquetes y los reenv\u00edos causados por problemas de direcci\u00f3n. La gobernanza, la calidad y la singularidad de las informaciones son fundamentales para el negocio.[\/vc_column_text][\/vc_column][vc_column width=&#8221;1\/4&#8243;]<div class=\"grve-element grve-image grve-align-center\" style=\"\">  <div class=\"grve-image-wrapper\"><img loading=\"lazy\" decoding=\"async\" width=\"512\" height=\"512\" src=\"https:\/\/www.assesso.com.br\/es\/wp-content\/uploads\/3\/2021\/06\/moving-checklist.png\" class=\"attachment-full size-full\" alt=\"\" srcset=\"https:\/\/www.assesso.com.br\/es\/wp-content\/uploads\/3\/2021\/06\/moving-checklist.png 512w, https:\/\/www.assesso.com.br\/es\/wp-content\/uploads\/3\/2021\/06\/moving-checklist-300x300.png 300w, https:\/\/www.assesso.com.br\/es\/wp-content\/uploads\/3\/2021\/06\/moving-checklist-150x150.png 150w, https:\/\/www.assesso.com.br\/es\/wp-content\/uploads\/3\/2021\/06\/moving-checklist-204x204.png 204w\" sizes=\"auto, (max-width: 512px) 100vw, 512px\" \/>   <\/div><\/div>[\/vc_column][\/vc_row][vc_row padding_top_multiplier=&#8221;3x&#8221; padding_bottom_multiplier=&#8221;3x&#8221;][vc_column width=&#8221;1\/4&#8243;]<div class=\"grve-element grve-image grve-align-center\" style=\"\">  <div class=\"grve-image-wrapper\"><img loading=\"lazy\" decoding=\"async\" width=\"250\" height=\"250\" src=\"https:\/\/www.assesso.com.br\/es\/wp-content\/uploads\/3\/2021\/06\/topic-orange.png\" class=\"attachment-full size-full\" alt=\"\" srcset=\"https:\/\/www.assesso.com.br\/es\/wp-content\/uploads\/3\/2021\/06\/topic-orange.png 250w, https:\/\/www.assesso.com.br\/es\/wp-content\/uploads\/3\/2021\/06\/topic-orange-150x150.png 150w, https:\/\/www.assesso.com.br\/es\/wp-content\/uploads\/3\/2021\/06\/topic-orange-204x204.png 204w\" sizes=\"auto, (max-width: 250px) 100vw, 250px\" \/>   <\/div><\/div>[\/vc_column][vc_column width=&#8221;1\/2&#8243;][vc_column_text]<\/p>\n<h3>Incremente las ventas optimizando los plazos de entrega de los pedidos<\/h3>\n<p>La eficiencia log\u00edstica tiene un impacto no solo en la reducci\u00f3n de costos, sino tambi\u00e9n en la elevaci\u00f3n de la satisfacci\u00f3n del cliente. Algunas empresas que utilizan Datacare para optimizar sus operaciones log\u00edsticas han conseguido incrementar el \u00edndice de satisfacci\u00f3n de sus clientes. \u00a1Es un n\u00famero expresivo! Adem\u00e1s, hubo una reducci\u00f3n en los indicadores de entregas no realizadas y reenv\u00edo por problemas de direcci\u00f3n. Una mejor gesti\u00f3n y manejo de los datos de productos, direcciones, proveedores y clientes conduce a una operaci\u00f3n m\u00e1s \u00e1gil, eficiente y beneficiosa para todos.[\/vc_column_text][\/vc_column][vc_column width=&#8221;1\/4&#8243;]<div class=\"grve-element grve-image grve-align-center\" style=\"\">  <div class=\"grve-image-wrapper\"><img loading=\"lazy\" decoding=\"async\" width=\"512\" height=\"512\" src=\"https:\/\/www.assesso.com.br\/es\/wp-content\/uploads\/3\/2021\/06\/volume-pricing.png\" class=\"attachment-full size-full\" alt=\"\" srcset=\"https:\/\/www.assesso.com.br\/es\/wp-content\/uploads\/3\/2021\/06\/volume-pricing.png 512w, https:\/\/www.assesso.com.br\/es\/wp-content\/uploads\/3\/2021\/06\/volume-pricing-300x300.png 300w, https:\/\/www.assesso.com.br\/es\/wp-content\/uploads\/3\/2021\/06\/volume-pricing-150x150.png 150w, https:\/\/www.assesso.com.br\/es\/wp-content\/uploads\/3\/2021\/06\/volume-pricing-204x204.png 204w\" sizes=\"auto, (max-width: 512px) 100vw, 512px\" \/>   <\/div><\/div>[\/vc_column][\/vc_row][vc_row padding_top_multiplier=&#8221;3x&#8221; padding_bottom_multiplier=&#8221;3x&#8221;][vc_column width=&#8221;1\/4&#8243;]<div class=\"grve-element grve-image grve-align-center\" style=\"\">  <div class=\"grve-image-wrapper\"><img loading=\"lazy\" decoding=\"async\" width=\"250\" height=\"250\" src=\"https:\/\/www.assesso.com.br\/es\/wp-content\/uploads\/3\/2021\/06\/topic-yellow.png\" class=\"attachment-full size-full\" alt=\"\" srcset=\"https:\/\/www.assesso.com.br\/es\/wp-content\/uploads\/3\/2021\/06\/topic-yellow.png 250w, https:\/\/www.assesso.com.br\/es\/wp-content\/uploads\/3\/2021\/06\/topic-yellow-150x150.png 150w, https:\/\/www.assesso.com.br\/es\/wp-content\/uploads\/3\/2021\/06\/topic-yellow-204x204.png 204w\" sizes=\"auto, (max-width: 250px) 100vw, 250px\" \/>   <\/div><\/div>[\/vc_column][vc_column width=&#8221;1\/2&#8243;][vc_column_text]<\/p>\n<h3>Optimice los plazos de entrega establecidos por los proveedores<\/h3>\n<p>El 95% de las empresas se ven afectadas por la baja calidad de los datos y el 65% dice que grandes cantidades de datos impiden una gesti\u00f3n perfeccionada**. Datacare se cre\u00f3 para organizar los datos y revolucionar la manera como tu empresa administra los datos. Los plazos excesivamente largos y retrasos suelen ser un problema de gesti\u00f3n. Con el uso de georreferenciaci\u00f3n y big data es posible establecer mejores rutas, predecir retrasos y manejar emergencias con m\u00e1s agilidad y previsibilidad. Los usuarios de Datacare vieron una reducci\u00f3n sobre incidencias en los env\u00edos de los proveedores.<\/p>\n<p><small>** Global Data Manager Report<\/small>[\/vc_column_text][\/vc_column][vc_column width=&#8221;1\/4&#8243;]<div class=\"grve-element grve-image grve-align-center\" style=\"\">  <div class=\"grve-image-wrapper\"><img loading=\"lazy\" decoding=\"async\" width=\"512\" height=\"512\" src=\"https:\/\/www.assesso.com.br\/es\/wp-content\/uploads\/3\/2021\/06\/change-of-address.png\" class=\"attachment-full size-full\" alt=\"\" srcset=\"https:\/\/www.assesso.com.br\/es\/wp-content\/uploads\/3\/2021\/06\/change-of-address.png 512w, https:\/\/www.assesso.com.br\/es\/wp-content\/uploads\/3\/2021\/06\/change-of-address-300x300.png 300w, https:\/\/www.assesso.com.br\/es\/wp-content\/uploads\/3\/2021\/06\/change-of-address-150x150.png 150w, https:\/\/www.assesso.com.br\/es\/wp-content\/uploads\/3\/2021\/06\/change-of-address-204x204.png 204w\" sizes=\"auto, (max-width: 512px) 100vw, 512px\" \/>   <\/div><\/div>[\/vc_column][\/vc_row][vc_row padding_top_multiplier=&#8221;3x&#8221; padding_bottom_multiplier=&#8221;3x&#8221;][vc_column width=&#8221;1\/4&#8243;]<div class=\"grve-element grve-image grve-align-center\" style=\"\">  <div class=\"grve-image-wrapper\"><img loading=\"lazy\" decoding=\"async\" width=\"250\" height=\"250\" src=\"https:\/\/www.assesso.com.br\/es\/wp-content\/uploads\/3\/2021\/06\/topic-green.png\" class=\"attachment-full size-full\" alt=\"\" srcset=\"https:\/\/www.assesso.com.br\/es\/wp-content\/uploads\/3\/2021\/06\/topic-green.png 250w, https:\/\/www.assesso.com.br\/es\/wp-content\/uploads\/3\/2021\/06\/topic-green-150x150.png 150w, https:\/\/www.assesso.com.br\/es\/wp-content\/uploads\/3\/2021\/06\/topic-green-204x204.png 204w\" sizes=\"auto, (max-width: 250px) 100vw, 250px\" \/>   <\/div><\/div>[\/vc_column][vc_column width=&#8221;1\/2&#8243;][vc_column_text]<\/p>\n<h3>Mejore los indicadores de calidad del proveedor de servicios log\u00edsticos.<\/h3>\n<p>Una gesti\u00f3n m\u00e1s inteligente est\u00e1 estrechamente relacionada a la disponibilidad y a la calidad de los datos capturados y supervisados. Los ejecutivos ven los datos como el activo m\u00e1s valioso para los negocios. La ventaja competitiva de estar basado en datos es brindar una mejor experiencia al cliente. Datacare es una manera de simplificar la administraci\u00f3n de datos y que los datos confiables est\u00e9n disponibles para sus cuadros de mando y SLAs.[\/vc_column_text][\/vc_column][vc_column width=&#8221;1\/4&#8243;]<div class=\"grve-element grve-image grve-align-center\" style=\"\">  <div class=\"grve-image-wrapper\"><img loading=\"lazy\" decoding=\"async\" width=\"512\" height=\"512\" src=\"https:\/\/www.assesso.com.br\/es\/wp-content\/uploads\/3\/2021\/06\/Monitoring-Project-Data.png\" class=\"attachment-full size-full\" alt=\"\" srcset=\"https:\/\/www.assesso.com.br\/es\/wp-content\/uploads\/3\/2021\/06\/Monitoring-Project-Data.png 512w, https:\/\/www.assesso.com.br\/es\/wp-content\/uploads\/3\/2021\/06\/Monitoring-Project-Data-300x300.png 300w, https:\/\/www.assesso.com.br\/es\/wp-content\/uploads\/3\/2021\/06\/Monitoring-Project-Data-150x150.png 150w, https:\/\/www.assesso.com.br\/es\/wp-content\/uploads\/3\/2021\/06\/Monitoring-Project-Data-204x204.png 204w\" sizes=\"auto, (max-width: 512px) 100vw, 512px\" \/>   <\/div><\/div>[\/vc_column][\/vc_row][vc_row padding_top_multiplier=&#8221;2x&#8221; padding_bottom_multiplier=&#8221;2x&#8221;][vc_column]<style type=\"text\/css\">.grve-title-gradient.grve-title-6a009246b4376 > span,.grve-title-gradient.grve-title-6a009246b4376 .grve-clipping-content > span {color: #dd3333;background-image: -moz-linear-gradient(-45deg, #dd3333 0%, #003a40 100%);background-image: -webkit-linear-gradient(-45deg, #dd3333 0%, #003a40 100%);background-image: linear-gradient(135deg, #dd3333 0%, #003a40 100%);}<\/style><h2 class=\"grve-element grve-title grve-align-center grve-h2 grve-title-gradient grve-title-6a009246b4376\" style=\"margin-bottom: 30px;\"><span>Casos en el campo de la Log\u00edstica<\/span><\/h2>\t\t\t<div class=\"grve-element grve-with-gap grve-portfolio grve-isotope caselist\" style=\"\" data-spinner=\"no\" data-columns=\"3\" data-columns-large-screen=\"3\" data-columns-tablet-landscape=\"2\" data-columns-tablet-portrait=\"2\" data-columns-mobile=\"1\" data-layout=\"fitRows\" data-gutter-size=\"30\">\r\n\t\t\r\n\t\t\t<div class=\"grve-isotope-container\">\r\n\t\t\t\t\t\t\t<article id=\"portfolio-2040-6a009246b58c7\" class=\"grve-isotope-item grve-portfolio-item  post-2040 portfolio type-portfolio status-publish has-post-thumbnail hentry portfolio_category-eficiencia-logistica portfolio_category-transporte-y-logistica\">\r\n\t\t\t\t\t\t<div class=\"grve-isotope-item-inner grve-hover-item grve-hover-style-1\">\t\t\t\t\t\t\t\t\t<figure class=\"grve-image-hover grve-media\">\r\n\t\t\t\t\t\t\t\t\t\t<a class=\"grve-item-url\" aria-label=\"Caso de reducci\u00f3n del ciclo de entrega operativa en una gran empresa de log\u00edstica\" href=\"https:\/\/www.assesso.com.br\/es\/cases\/case-de-reducao-do-ciclo-operacional-de-delivery-em-grande-empresa-de-logistica\/\"><\/a>\t\t\t\t\t\t\t\t\t\t<div class=\"grve-bg-light grve-hover-overlay grve-opacity-90\"><\/div>\r\n\t\t\t\t\t\t\t\t\t\t<img loading=\"lazy\" decoding=\"async\" width=\"560\" height=\"340\" src=\"https:\/\/www.assesso.com.br\/es\/wp-content\/uploads\/3\/2021\/12\/case-logistics-560x340.png\" class=\"attachment-movedo-grve-small-rect-horizontal size-movedo-grve-small-rect-horizontal\" alt=\"\" \/>\t\t\t\t\t\t\t\t\t\t<figcaption><\/figcaption>\r\n\t\t\t\t\t\t\t\t\t<\/figure>\r\n\t\t\t\t\t\t\t\t\t\t\t\t\t\t\t\t\t\t<div class=\"grve-content grve-align-center\">\r\n\t\t\t\t\t\t\t\t\t\t\t\t\t\t\t\t\t\t\t\t\t\t\t\t\t\t\t\t\t\t<h4 class=\"grve-title grve-text-inherit grve-h4\">Caso de reducci\u00f3n del ciclo de entrega operativa en una gran empresa de log\u00edstica<\/h4>\r\n\t\t\t\t\t\t\t\t\t\t\t\t\t\t\t\t\t\t\t\t\t\t\t\t\t\t\t\t\t\t<div class=\"grve-description grve-text-content\">Una gran empresa de log\u00edstica brasile\u00f1a mejor\u00f3 la calidad de los datos de direcciones por medio del manejo e identificaci\u00f3n de inconsistencias.<\/div>\r\n\t\t\t\t\t\t\t\t\t\t\t\t\t\t\t\t\t\t\t\t\t\t\t\t\t\t\t\t\t<\/div>\r\n\t\t\t\t\t\t\t\t\t\t\t\t\t\t\t\t\t\t\t\t\t\t<\/div>\r\n\t\t\t\t\t<\/article>\r\n\t\t\t\t<\/div>\r\n\t\t\t<\/div>\r\n\r\n\t\t[\/vc_column][\/vc_row][vc_row padding_top_multiplier=&#8221;3x&#8221; padding_bottom_multiplier=&#8221;3x&#8221;][vc_column width=&#8221;1\/2&#8243;]<div class=\"grve-element grve-image grve-align-center\" style=\"\">  <div class=\"grve-image-wrapper\"><img loading=\"lazy\" decoding=\"async\" width=\"720\" height=\"140\" src=\"https:\/\/www.assesso.com.br\/es\/wp-content\/uploads\/3\/2021\/05\/logo-datacare.png\" class=\"attachment-full size-full\" alt=\"datacare\" srcset=\"https:\/\/www.assesso.com.br\/es\/wp-content\/uploads\/3\/2021\/05\/logo-datacare.png 720w, https:\/\/www.assesso.com.br\/es\/wp-content\/uploads\/3\/2021\/05\/logo-datacare-300x58.png 300w\" sizes=\"auto, (max-width: 720px) 100vw, 720px\" \/>   <\/div><\/div>[\/vc_column][vc_column width=&#8221;1\/2&#8243;][vc_column_text]<\/p>\n<h3>Datacare Personas<\/h3>\n<p>Los registros de personas jur\u00eddicas y personas f\u00edsicas, as\u00ed como su historial de relaci\u00f3n, contienen informaciones valiosas para decisiones estrat\u00e9gicas. La fiabilidad de estos datos es fundamental para el correcto funcionamiento de sus estrategias de marketing y ventas.[\/vc_column_text]<div class=\"grve-empty-space grve-height-2x\" style=\"\"><\/div>[vc_column_text]<\/p>\n<h3>Servicios Profesionales<\/h3>\n<p>Assesso ofrece un conjunto de servicios profesionales especializados en el tratamiento, gesti\u00f3n, gobierno y soporte de sus servicios de datos, asegurando un alt\u00edsimo rendimiento y disponibilidad.[\/vc_column_text][\/vc_column][\/vc_row][vc_row padding_top_multiplier=&#8221;3x&#8221; padding_bottom_multiplier=&#8221;3x&#8221;][vc_column width=&#8221;1\/2&#8243;]<div class=\"grve-element grve-align-center\"><a href=\"\/es\/datacare\/\" class=\"grve-btn grve-btn-medium grve-shadow-medium grve-round grve-bg-primary-1 grve-bg-hover-black\" style=\"margin-bottom: 20px;\"><span>M\u00e1s informaciones sobre el Datacare<\/span><\/a><\/div>[\/vc_column][vc_column width=&#8221;1\/2&#8243;]<div class=\"grve-element grve-align-center\"><a href=\"\/es\/contato\" class=\"grve-btn grve-btn-medium grve-shadow-medium grve-round grve-bg-primary-1 grve-bg-hover-black\" style=\"margin-bottom: 20px;\"><span>\u00a1Escr\u00edbanos!<\/span><\/a><\/div>[\/vc_column][\/vc_row]<\/p>\n","protected":false},"excerpt":{"rendered":"<p>[vc_row][vc_column][vc_column_text] Sorprenda sus clientes con entregas m\u00e1s r\u00e1pidas y m\u00e1s eficientes El tiempo de entrega y la precisi\u00f3n son las principales ventajas competitivas en el comercio electr\u00f3nico. Entregar m\u00e1s r\u00e1pido y con mayor precisi\u00f3n es un factor decisivo en la satisfacci\u00f3n del cliente y en los costos. Estudios indican que el costo log\u00edstico consume m\u00e1s [&hellip;]<\/p>\n","protected":false},"author":10,"featured_media":0,"parent":0,"menu_order":0,"comment_status":"closed","ping_status":"closed","template":"","meta":{"footnotes":""},"class_list":["post-1411","page","type-page","status-publish","hentry"],"yoast_head":"<!-- This site is optimized with the Yoast SEO plugin v18.0 - https:\/\/yoast.com\/wordpress\/plugins\/seo\/ -->\n<title>Log\u00edstica - Assesso - Espa\u00f1ol<\/title>\n<meta name=\"robots\" content=\"index, follow, max-snippet:-1, max-image-preview:large, max-video-preview:-1\" \/>\n<link rel=\"canonical\" href=\"https:\/\/www.assesso.com.br\/es\/logistica\/\" \/>\n<meta property=\"og:locale\" content=\"es_ES\" \/>\n<meta property=\"og:type\" content=\"article\" \/>\n<meta property=\"og:title\" content=\"Log\u00edstica - Assesso - Espa\u00f1ol\" \/>\n<meta property=\"og:description\" content=\"[vc_row][vc_column][vc_column_text] Sorprenda sus clientes con entregas m\u00e1s r\u00e1pidas y m\u00e1s eficientes El tiempo de entrega y la precisi\u00f3n son las principales ventajas competitivas en el comercio electr\u00f3nico. Entregar m\u00e1s r\u00e1pido y con mayor precisi\u00f3n es un factor decisivo en la satisfacci\u00f3n del cliente y en los costos. Estudios indican que el costo log\u00edstico consume m\u00e1s [&hellip;]\" \/>\n<meta property=\"og:url\" content=\"https:\/\/www.assesso.com.br\/es\/logistica\/\" \/>\n<meta property=\"og:site_name\" content=\"Assesso - Espa\u00f1ol\" \/>\n<meta property=\"article:modified_time\" content=\"2022-03-28T18:08:51+00:00\" \/>\n<meta name=\"twitter:card\" content=\"summary_large_image\" \/>\n<meta name=\"twitter:label1\" content=\"Tiempo de lectura\" \/>\n\t<meta name=\"twitter:data1\" content=\"4 minutos\" \/>\n<script type=\"application\/ld+json\" class=\"yoast-schema-graph\">{\"@context\":\"https:\/\/schema.org\",\"@graph\":[{\"@type\":\"WebSite\",\"@id\":\"https:\/\/www.assesso.com.br\/#website\",\"url\":\"https:\/\/www.assesso.com.br\/\",\"name\":\"Assesso - Espa\u00f1ol\",\"description\":\"Conectando dados a decis\u00f5es\",\"potentialAction\":[{\"@type\":\"SearchAction\",\"target\":{\"@type\":\"EntryPoint\",\"urlTemplate\":\"https:\/\/www.assesso.com.br\/?s={search_term_string}\"},\"query-input\":\"required name=search_term_string\"}],\"inLanguage\":\"es\"},{\"@type\":\"WebPage\",\"@id\":\"https:\/\/www.assesso.com.br\/es\/logistica\/#webpage\",\"url\":\"https:\/\/www.assesso.com.br\/es\/logistica\/\",\"name\":\"Log\u00edstica - Assesso - Espa\u00f1ol\",\"isPartOf\":{\"@id\":\"https:\/\/www.assesso.com.br\/#website\"},\"datePublished\":\"2021-06-07T16:40:50+00:00\",\"dateModified\":\"2022-03-28T18:08:51+00:00\",\"breadcrumb\":{\"@id\":\"https:\/\/www.assesso.com.br\/es\/logistica\/#breadcrumb\"},\"inLanguage\":\"es\",\"potentialAction\":[{\"@type\":\"ReadAction\",\"target\":[\"https:\/\/www.assesso.com.br\/es\/logistica\/\"]}]},{\"@type\":\"BreadcrumbList\",\"@id\":\"https:\/\/www.assesso.com.br\/es\/logistica\/#breadcrumb\",\"itemListElement\":[{\"@type\":\"ListItem\",\"position\":1,\"name\":\"In\u00edcio\",\"item\":\"https:\/\/www.assesso.com.br\/es\/\"},{\"@type\":\"ListItem\",\"position\":2,\"name\":\"Log\u00edstica\"}]}]}<\/script>\n<!-- \/ Yoast SEO plugin. -->","yoast_head_json":{"title":"Log\u00edstica - Assesso - Espa\u00f1ol","robots":{"index":"index","follow":"follow","max-snippet":"max-snippet:-1","max-image-preview":"max-image-preview:large","max-video-preview":"max-video-preview:-1"},"canonical":"https:\/\/www.assesso.com.br\/es\/logistica\/","og_locale":"es_ES","og_type":"article","og_title":"Log\u00edstica - Assesso - Espa\u00f1ol","og_description":"[vc_row][vc_column][vc_column_text] Sorprenda sus clientes con entregas m\u00e1s r\u00e1pidas y m\u00e1s eficientes El tiempo de entrega y la precisi\u00f3n son las principales ventajas competitivas en el comercio electr\u00f3nico. Entregar m\u00e1s r\u00e1pido y con mayor precisi\u00f3n es un factor decisivo en la satisfacci\u00f3n del cliente y en los costos. Estudios indican que el costo log\u00edstico consume m\u00e1s [&hellip;]","og_url":"https:\/\/www.assesso.com.br\/es\/logistica\/","og_site_name":"Assesso - Espa\u00f1ol","article_modified_time":"2022-03-28T18:08:51+00:00","twitter_card":"summary_large_image","twitter_misc":{"Tiempo de lectura":"4 minutos"},"schema":{"@context":"https:\/\/schema.org","@graph":[{"@type":"WebSite","@id":"https:\/\/www.assesso.com.br\/#website","url":"https:\/\/www.assesso.com.br\/","name":"Assesso - Espa\u00f1ol","description":"Conectando dados a decis\u00f5es","potentialAction":[{"@type":"SearchAction","target":{"@type":"EntryPoint","urlTemplate":"https:\/\/www.assesso.com.br\/?s={search_term_string}"},"query-input":"required name=search_term_string"}],"inLanguage":"es"},{"@type":"WebPage","@id":"https:\/\/www.assesso.com.br\/es\/logistica\/#webpage","url":"https:\/\/www.assesso.com.br\/es\/logistica\/","name":"Log\u00edstica - Assesso - Espa\u00f1ol","isPartOf":{"@id":"https:\/\/www.assesso.com.br\/#website"},"datePublished":"2021-06-07T16:40:50+00:00","dateModified":"2022-03-28T18:08:51+00:00","breadcrumb":{"@id":"https:\/\/www.assesso.com.br\/es\/logistica\/#breadcrumb"},"inLanguage":"es","potentialAction":[{"@type":"ReadAction","target":["https:\/\/www.assesso.com.br\/es\/logistica\/"]}]},{"@type":"BreadcrumbList","@id":"https:\/\/www.assesso.com.br\/es\/logistica\/#breadcrumb","itemListElement":[{"@type":"ListItem","position":1,"name":"In\u00edcio","item":"https:\/\/www.assesso.com.br\/es\/"},{"@type":"ListItem","position":2,"name":"Log\u00edstica"}]}]}},"_links":{"self":[{"href":"https:\/\/www.assesso.com.br\/es\/wp-json\/wp\/v2\/pages\/1411","targetHints":{"allow":["GET"]}}],"collection":[{"href":"https:\/\/www.assesso.com.br\/es\/wp-json\/wp\/v2\/pages"}],"about":[{"href":"https:\/\/www.assesso.com.br\/es\/wp-json\/wp\/v2\/types\/page"}],"author":[{"embeddable":true,"href":"https:\/\/www.assesso.com.br\/es\/wp-json\/wp\/v2\/users\/10"}],"replies":[{"embeddable":true,"href":"https:\/\/www.assesso.com.br\/es\/wp-json\/wp\/v2\/comments?post=1411"}],"version-history":[{"count":19,"href":"https:\/\/www.assesso.com.br\/es\/wp-json\/wp\/v2\/pages\/1411\/revisions"}],"predecessor-version":[{"id":2175,"href":"https:\/\/www.assesso.com.br\/es\/wp-json\/wp\/v2\/pages\/1411\/revisions\/2175"}],"wp:attachment":[{"href":"https:\/\/www.assesso.com.br\/es\/wp-json\/wp\/v2\/media?parent=1411"}],"curies":[{"name":"wp","href":"https:\/\/api.w.org\/{rel}","templated":true}]}}