{"id":1434,"date":"2021-06-16T19:12:04","date_gmt":"2021-06-16T22:12:04","guid":{"rendered":"http:\/\/es.www.assesso.com.br\/?page_id=1434"},"modified":"2022-03-28T15:09:26","modified_gmt":"2022-03-28T18:09:26","slug":"governanca-de-dados","status":"publish","type":"page","link":"https:\/\/www.assesso.com.br\/es\/governanca-de-dados\/","title":{"rendered":"Gobernanza de Datos"},"content":{"rendered":"<p>[vc_row padding_top_multiplier=&#8221;2x&#8221; padding_bottom_multiplier=&#8221;2x&#8221;][vc_column][vc_column_text]<\/p>\n<h2 style=\"text-align: center;\">Convierta la Gobernanza de Datos<br \/>\nen Ventaja Competitiva<\/h2>\n<p style=\"text-align: center;\">Los Datos son un activo valioso en la era digital. Pueden revelar ideas para el aumento de la competitividad, diferenciaci\u00f3n y mejor\u00eda de la jornada del cliente. Las empresas con una buena gobernanza de datos salen adelante y detectan demandas inexplotadas mucho antes de sus concurrentes.<\/p>\n<p>[\/vc_column_text][\/vc_column][\/vc_row][vc_row padding_top_multiplier=&#8221;2x&#8221; padding_bottom_multiplier=&#8221;2x&#8221;][vc_column width=&#8221;1\/2&#8243;][vc_column_text]<\/p>\n<h3 style=\"text-align: center;\">\u00bfCu\u00e1les son los principales retos en la b\u00fasqueda por la innovaci\u00f3n e inteligencia de datos?<\/h3>\n<p style=\"text-align: center;\">Si estos elementos son desaf\u00edos todo el equipo, Datacare puede revolucionar sus operaciones.<\/p>\n<p>[\/vc_column_text][\/vc_column][vc_column width=&#8221;1\/2&#8243;][vc_column_text]1. \u00bfSon los datos un activo valioso para su empresa?<\/p>\n<p>2. \u00bfConoces los datos disponibles y sacas el mejor provecho de los mismos?<\/p>\n<p>3. \u00bfEs importante para usted obtener ideas para atender nuevos segmentos o nichos?[\/vc_column_text][\/vc_column][\/vc_row][vc_row padding_top_multiplier=&#8221;2x&#8221; padding_bottom_multiplier=&#8221;2x&#8221;][vc_column width=&#8221;1\/4&#8243;]<div class=\"grve-element grve-image grve-align-center\" style=\"\">  <div class=\"grve-image-wrapper\"><img loading=\"lazy\" decoding=\"async\" width=\"250\" height=\"250\" src=\"https:\/\/www.assesso.com.br\/es\/wp-content\/uploads\/3\/2021\/06\/topic-red.png\" class=\"attachment-full size-full\" alt=\"\" srcset=\"https:\/\/www.assesso.com.br\/es\/wp-content\/uploads\/3\/2021\/06\/topic-red.png 250w, https:\/\/www.assesso.com.br\/es\/wp-content\/uploads\/3\/2021\/06\/topic-red-150x150.png 150w, https:\/\/www.assesso.com.br\/es\/wp-content\/uploads\/3\/2021\/06\/topic-red-204x204.png 204w\" sizes=\"auto, (max-width: 250px) 100vw, 250px\" \/>   <\/div><\/div>[\/vc_column][vc_column width=&#8221;1\/2&#8243;][vc_column_text]<\/p>\n<h3>Obtenga ideas valiosas a partir de sus datos<\/h3>\n<p>La gobernanza de datos es un soporte invaluable a la estrategia corporativa. En este momento, sus bases de datos contienen informaciones valiosas que pueden indicar c\u00f3mo puedes aumentar su ventaja competitiva. Sin embargo, la calidad de los datos es un factor cr\u00edtico en este proceso. Datacare es la herramienta que puede facilitar la construcci\u00f3n de una comprensi\u00f3n com\u00fan y compartida de los datos. La democratizaci\u00f3n del acceso a los datos, evitando la creaci\u00f3n de silos repartidos por \u00e1reas departamentales, es una buena pr\u00e1ctica de gobernanza de datos que puede ser mucho m\u00e1s sencilla a trav\u00e9s de Datacare.[\/vc_column_text][\/vc_column][vc_column width=&#8221;1\/4&#8243;]<div class=\"grve-element grve-image grve-align-center\" style=\"\">  <div class=\"grve-image-wrapper\"><img loading=\"lazy\" decoding=\"async\" width=\"512\" height=\"512\" src=\"https:\/\/www.assesso.com.br\/es\/wp-content\/uploads\/3\/2021\/06\/Brainstorm.png\" class=\"attachment-full size-full\" alt=\"\" srcset=\"https:\/\/www.assesso.com.br\/es\/wp-content\/uploads\/3\/2021\/06\/Brainstorm.png 512w, https:\/\/www.assesso.com.br\/es\/wp-content\/uploads\/3\/2021\/06\/Brainstorm-300x300.png 300w, https:\/\/www.assesso.com.br\/es\/wp-content\/uploads\/3\/2021\/06\/Brainstorm-150x150.png 150w, https:\/\/www.assesso.com.br\/es\/wp-content\/uploads\/3\/2021\/06\/Brainstorm-204x204.png 204w\" sizes=\"auto, (max-width: 512px) 100vw, 512px\" \/>   <\/div><\/div>[\/vc_column][\/vc_row][vc_row padding_top_multiplier=&#8221;2x&#8221; padding_bottom_multiplier=&#8221;2x&#8221;][vc_column width=&#8221;1\/4&#8243;]<div class=\"grve-element grve-image grve-align-center\" style=\"\">  <div class=\"grve-image-wrapper\"><img loading=\"lazy\" decoding=\"async\" width=\"250\" height=\"250\" src=\"https:\/\/www.assesso.com.br\/es\/wp-content\/uploads\/3\/2021\/06\/topic-orange.png\" class=\"attachment-full size-full\" alt=\"\" srcset=\"https:\/\/www.assesso.com.br\/es\/wp-content\/uploads\/3\/2021\/06\/topic-orange.png 250w, https:\/\/www.assesso.com.br\/es\/wp-content\/uploads\/3\/2021\/06\/topic-orange-150x150.png 150w, https:\/\/www.assesso.com.br\/es\/wp-content\/uploads\/3\/2021\/06\/topic-orange-204x204.png 204w\" sizes=\"auto, (max-width: 250px) 100vw, 250px\" \/>   <\/div><\/div>[\/vc_column][vc_column width=&#8221;1\/2&#8243;][vc_column_text]<\/p>\n<h3>Innovaci\u00f3n y reducci\u00f3n de costos con gobernanza de datos<\/h3>\n<p>Los datos son un activo precioso en la era digital. Por lo tanto, es importante gestionarlos de manera que se maximice el uso y el valor efectivo de cada informaci\u00f3n para la empresa. Datacare permite el an\u00e1lisis e informes que conducen a una mejora sustancial en la eficiencia de los procesos de gesti\u00f3n. M\u00e1s que eso, el conocimiento favorece el lanzamiento de innovaciones, nuevos productos y servicios adecuados para segmentos y nichos inexplorados.[\/vc_column_text][\/vc_column][vc_column width=&#8221;1\/4&#8243;]<div class=\"grve-element grve-image grve-align-center\" style=\"\">  <div class=\"grve-image-wrapper\"><img loading=\"lazy\" decoding=\"async\" width=\"512\" height=\"512\" src=\"https:\/\/www.assesso.com.br\/es\/wp-content\/uploads\/3\/2021\/06\/Budget-Spending.png\" class=\"attachment-full size-full\" alt=\"\" srcset=\"https:\/\/www.assesso.com.br\/es\/wp-content\/uploads\/3\/2021\/06\/Budget-Spending.png 512w, https:\/\/www.assesso.com.br\/es\/wp-content\/uploads\/3\/2021\/06\/Budget-Spending-300x300.png 300w, https:\/\/www.assesso.com.br\/es\/wp-content\/uploads\/3\/2021\/06\/Budget-Spending-150x150.png 150w, https:\/\/www.assesso.com.br\/es\/wp-content\/uploads\/3\/2021\/06\/Budget-Spending-204x204.png 204w\" sizes=\"auto, (max-width: 512px) 100vw, 512px\" \/>   <\/div><\/div>[\/vc_column][\/vc_row][vc_row padding_top_multiplier=&#8221;2x&#8221; padding_bottom_multiplier=&#8221;2x&#8221;][vc_column width=&#8221;1\/4&#8243;]<div class=\"grve-element grve-image grve-align-center\" style=\"\">  <div class=\"grve-image-wrapper\"><img loading=\"lazy\" decoding=\"async\" width=\"250\" height=\"250\" src=\"https:\/\/www.assesso.com.br\/es\/wp-content\/uploads\/3\/2021\/06\/topic-yellow.png\" class=\"attachment-full size-full\" alt=\"\" srcset=\"https:\/\/www.assesso.com.br\/es\/wp-content\/uploads\/3\/2021\/06\/topic-yellow.png 250w, https:\/\/www.assesso.com.br\/es\/wp-content\/uploads\/3\/2021\/06\/topic-yellow-150x150.png 150w, https:\/\/www.assesso.com.br\/es\/wp-content\/uploads\/3\/2021\/06\/topic-yellow-204x204.png 204w\" sizes=\"auto, (max-width: 250px) 100vw, 250px\" \/>   <\/div><\/div>[\/vc_column][vc_column width=&#8221;1\/2&#8243;][vc_column_text]<\/p>\n<h3>Cumpla f\u00e1cilmente a los requisitos legales y reglamentarios<\/h3>\n<p>Las regulaciones requieren que las empresas mantengan un control riguroso sobre c\u00f3mo los datos son almacenados y compartidos. Es funci\u00f3n de la gobernanza de datos garantizar la calidad de las informaciones a lo largo de su ciclo de vida, as\u00ed como cumplir a los requisitos legales y reglamentarios. Datacare puede consolidar las diversas fuentes de datos de las organizaciones en una visi\u00f3n \u00fanica, validada y confiable. Esto facilita enormemente la gesti\u00f3n de datos, as\u00ed como la resoluci\u00f3n de inconformidades.[\/vc_column_text][\/vc_column][vc_column width=&#8221;1\/4&#8243;]<div class=\"grve-element grve-image grve-align-center\" style=\"\">  <div class=\"grve-image-wrapper\"><img loading=\"lazy\" decoding=\"async\" width=\"512\" height=\"512\" src=\"https:\/\/www.assesso.com.br\/es\/wp-content\/uploads\/3\/2021\/06\/Legal-Document.png\" class=\"attachment-full size-full\" alt=\"\" srcset=\"https:\/\/www.assesso.com.br\/es\/wp-content\/uploads\/3\/2021\/06\/Legal-Document.png 512w, https:\/\/www.assesso.com.br\/es\/wp-content\/uploads\/3\/2021\/06\/Legal-Document-300x300.png 300w, https:\/\/www.assesso.com.br\/es\/wp-content\/uploads\/3\/2021\/06\/Legal-Document-150x150.png 150w, https:\/\/www.assesso.com.br\/es\/wp-content\/uploads\/3\/2021\/06\/Legal-Document-204x204.png 204w\" sizes=\"auto, (max-width: 512px) 100vw, 512px\" \/>   <\/div><\/div>[\/vc_column][\/vc_row][vc_row padding_top_multiplier=&#8221;2x&#8221; padding_bottom_multiplier=&#8221;2x&#8221;][vc_column]<style type=\"text\/css\">.grve-title-gradient.grve-title-69f2cb9aea516 > span,.grve-title-gradient.grve-title-69f2cb9aea516 .grve-clipping-content > span {color: #dd3333;background-image: -moz-linear-gradient(-45deg, #dd3333 0%, #003a40 100%);background-image: -webkit-linear-gradient(-45deg, #dd3333 0%, #003a40 100%);background-image: linear-gradient(135deg, #dd3333 0%, #003a40 100%);}<\/style><h2 class=\"grve-element grve-title grve-align-center grve-h2 grve-title-gradient grve-title-69f2cb9aea516\" style=\"margin-bottom: 30px;\"><span>Casos de Gobernanza de Datos<\/span><\/h2>\t\t\t<div class=\"grve-element grve-with-gap grve-portfolio grve-isotope caselist\" style=\"\" data-spinner=\"no\" data-columns=\"3\" data-columns-large-screen=\"3\" data-columns-tablet-landscape=\"2\" data-columns-tablet-portrait=\"2\" data-columns-mobile=\"1\" data-layout=\"fitRows\" data-gutter-size=\"30\">\r\n\t\t\r\n\t\t\t<div class=\"grve-isotope-container\">\r\n\t\t\t\t\t\t\t<article id=\"portfolio-1982-69f2cb9aeb6ba\" class=\"grve-isotope-item grve-portfolio-item  post-1982 portfolio type-portfolio status-publish has-post-thumbnail hentry portfolio_category-transforme-el-gobierno-de-datos-en-una-ventaja-competitiva portfolio_category-venta-al-por-menor\">\r\n\t\t\t\t\t\t<div class=\"grve-isotope-item-inner grve-hover-item grve-hover-style-1\">\t\t\t\t\t\t\t\t\t<figure class=\"grve-image-hover grve-media\">\r\n\t\t\t\t\t\t\t\t\t\t<a class=\"grve-item-url\" aria-label=\"Mejorando la gobernanza de datos en Neogrid\" href=\"https:\/\/www.assesso.com.br\/es\/cases\/aprimoramento-da-governanca-de-dados-na-neogrid\/\"><\/a>\t\t\t\t\t\t\t\t\t\t<div class=\"grve-bg-light grve-hover-overlay grve-opacity-90\"><\/div>\r\n\t\t\t\t\t\t\t\t\t\t<img loading=\"lazy\" decoding=\"async\" width=\"560\" height=\"340\" src=\"https:\/\/www.assesso.com.br\/es\/wp-content\/uploads\/3\/2021\/11\/case-neogrid-560x340.png\" class=\"attachment-movedo-grve-small-rect-horizontal size-movedo-grve-small-rect-horizontal\" alt=\"\" \/>\t\t\t\t\t\t\t\t\t\t<figcaption><\/figcaption>\r\n\t\t\t\t\t\t\t\t\t<\/figure>\r\n\t\t\t\t\t\t\t\t\t\t\t\t\t\t\t\t\t\t<div class=\"grve-content grve-align-center\">\r\n\t\t\t\t\t\t\t\t\t\t\t\t\t\t\t\t\t\t\t\t\t\t\t\t\t\t\t\t\t\t<h4 class=\"grve-title grve-text-inherit grve-h4\">Mejorando la gobernanza de datos en Neogrid<\/h4>\r\n\t\t\t\t\t\t\t\t\t\t\t\t\t\t\t\t\t\t\t\t\t\t\t\t\t\t\t\t\t\t\t\t\t\t\t\t\t\t\t<\/div>\r\n\t\t\t\t\t\t\t\t\t\t\t\t\t\t\t\t\t\t\t\t\t\t<\/div>\r\n\t\t\t\t\t<\/article>\r\n\t\t\t\t\t<article id=\"portfolio-1985-69f2cb9aebc11\" class=\"grve-isotope-item grve-portfolio-item  post-1985 portfolio type-portfolio status-publish has-post-thumbnail hentry portfolio_category-seguros portfolio_category-transforme-el-gobierno-de-datos-en-una-ventaja-competitiva\">\r\n\t\t\t\t\t\t<div class=\"grve-isotope-item-inner grve-hover-item grve-hover-style-1\">\t\t\t\t\t\t\t\t\t<figure class=\"grve-image-hover grve-media\">\r\n\t\t\t\t\t\t\t\t\t\t<a class=\"grve-item-url\" aria-label=\"Mejorar la Relaci\u00f3n con los Clientes en Seguros\" href=\"https:\/\/www.assesso.com.br\/es\/cases\/case-seguradora\/\"><\/a>\t\t\t\t\t\t\t\t\t\t<div class=\"grve-bg-light grve-hover-overlay grve-opacity-90\"><\/div>\r\n\t\t\t\t\t\t\t\t\t\t<img loading=\"lazy\" decoding=\"async\" width=\"560\" height=\"340\" src=\"https:\/\/www.assesso.com.br\/es\/wp-content\/uploads\/3\/2021\/11\/case-insurance-560x340.png\" class=\"attachment-movedo-grve-small-rect-horizontal size-movedo-grve-small-rect-horizontal\" alt=\"\" \/>\t\t\t\t\t\t\t\t\t\t<figcaption><\/figcaption>\r\n\t\t\t\t\t\t\t\t\t<\/figure>\r\n\t\t\t\t\t\t\t\t\t\t\t\t\t\t\t\t\t\t<div class=\"grve-content grve-align-center\">\r\n\t\t\t\t\t\t\t\t\t\t\t\t\t\t\t\t\t\t\t\t\t\t\t\t\t\t\t\t\t\t<h4 class=\"grve-title grve-text-inherit grve-h4\">Mejorar la Relaci\u00f3n con los Clientes en Seguros<\/h4>\r\n\t\t\t\t\t\t\t\t\t\t\t\t\t\t\t\t\t\t\t\t\t\t\t\t\t\t\t\t\t\t\t\t\t\t\t\t\t\t\t<\/div>\r\n\t\t\t\t\t\t\t\t\t\t\t\t\t\t\t\t\t\t\t\t\t\t<\/div>\r\n\t\t\t\t\t<\/article>\r\n\t\t\t\t<\/div>\r\n\t\t\t<\/div>\r\n\r\n\t\t[\/vc_column][\/vc_row][vc_row padding_top_multiplier=&#8221;2x&#8221; padding_bottom_multiplier=&#8221;2x&#8221;][vc_column width=&#8221;1\/2&#8243;]<div class=\"grve-element grve-image grve-align-center\" style=\"\">  <div class=\"grve-image-wrapper\"><img loading=\"lazy\" decoding=\"async\" width=\"720\" height=\"140\" src=\"https:\/\/www.assesso.com.br\/es\/wp-content\/uploads\/3\/2021\/05\/logo-datacare.png\" class=\"attachment-full size-full\" alt=\"datacare\" srcset=\"https:\/\/www.assesso.com.br\/es\/wp-content\/uploads\/3\/2021\/05\/logo-datacare.png 720w, https:\/\/www.assesso.com.br\/es\/wp-content\/uploads\/3\/2021\/05\/logo-datacare-300x58.png 300w\" sizes=\"auto, (max-width: 720px) 100vw, 720px\" \/>   <\/div><\/div>[\/vc_column][vc_column width=&#8221;1\/2&#8243;][vc_column_text]<\/p>\n<h3>Datacare Personas<\/h3>\n<p>Los registros de personas jur\u00eddicas y personas f\u00edsicas, as\u00ed como su historial de relaciones, contienen informaciones valiosas para decisiones estrat\u00e9gicas. La fiabilidad de estos datos es fundamental para el correcto funcionamiento de sus estrategias de marketing y ventas.[\/vc_column_text]<div class=\"grve-empty-space grve-height-2x\" style=\"\"><\/div>[vc_column_text]<\/p>\n<h3>Servicios Profesionales<\/h3>\n<p>Assesso ofrece un conjunto de servicios profesionales especializados en el tratamiento, gesti\u00f3n, gobierno y soporte de sus servicios de datos, asegurando un alt\u00edsimo rendimiento y disponibilidad.[\/vc_column_text][\/vc_column][\/vc_row][vc_row padding_top_multiplier=&#8221;2x&#8221; padding_bottom_multiplier=&#8221;2x&#8221;][vc_column width=&#8221;1\/2&#8243;]<div class=\"grve-element grve-align-center\"><a href=\"\/es\/datacare\/\" class=\"grve-btn grve-btn-medium grve-round grve-bg-primary-1 grve-bg-hover-black\"><span>M\u00e1s informaciones sobre el Datacare<\/span><\/a><\/div>[\/vc_column][vc_column width=&#8221;1\/2&#8243;]<div class=\"grve-element grve-align-center\"><a href=\"\/es\/contato\" class=\"grve-btn grve-btn-medium grve-round grve-bg-primary-1 grve-bg-hover-black\"><span>\u00a1Escr\u00edbanos!<\/span><\/a><\/div>[\/vc_column][\/vc_row]<\/p>\n","protected":false},"excerpt":{"rendered":"<p>[vc_row padding_top_multiplier=&#8221;2x&#8221; padding_bottom_multiplier=&#8221;2x&#8221;][vc_column][vc_column_text] Convierta la Gobernanza de Datos en Ventaja Competitiva Los Datos son un activo valioso en la era digital. Pueden revelar ideas para el aumento de la competitividad, diferenciaci\u00f3n y mejor\u00eda de la jornada del cliente. Las empresas con una buena gobernanza de datos salen adelante y detectan demandas inexplotadas mucho antes de [&hellip;]<\/p>\n","protected":false},"author":10,"featured_media":0,"parent":0,"menu_order":0,"comment_status":"closed","ping_status":"closed","template":"","meta":{"footnotes":""},"class_list":["post-1434","page","type-page","status-publish","hentry"],"yoast_head":"<!-- This site is optimized with the Yoast SEO plugin v18.0 - https:\/\/yoast.com\/wordpress\/plugins\/seo\/ -->\n<title>Gobernanza de Datos - Assesso - Espa\u00f1ol<\/title>\n<meta name=\"robots\" content=\"index, follow, max-snippet:-1, max-image-preview:large, max-video-preview:-1\" \/>\n<link rel=\"canonical\" href=\"https:\/\/www.assesso.com.br\/es\/governanca-de-dados\/\" \/>\n<meta property=\"og:locale\" content=\"es_ES\" \/>\n<meta property=\"og:type\" content=\"article\" \/>\n<meta property=\"og:title\" content=\"Gobernanza de Datos - Assesso - Espa\u00f1ol\" \/>\n<meta property=\"og:description\" content=\"[vc_row padding_top_multiplier=&#8221;2x&#8221; padding_bottom_multiplier=&#8221;2x&#8221;][vc_column][vc_column_text] Convierta la Gobernanza de Datos en Ventaja Competitiva Los Datos son un activo valioso en la era digital. Pueden revelar ideas para el aumento de la competitividad, diferenciaci\u00f3n y mejor\u00eda de la jornada del cliente. Las empresas con una buena gobernanza de datos salen adelante y detectan demandas inexplotadas mucho antes de [&hellip;]\" \/>\n<meta property=\"og:url\" content=\"https:\/\/www.assesso.com.br\/es\/governanca-de-dados\/\" \/>\n<meta property=\"og:site_name\" content=\"Assesso - Espa\u00f1ol\" \/>\n<meta property=\"article:modified_time\" content=\"2022-03-28T18:09:26+00:00\" \/>\n<meta name=\"twitter:card\" content=\"summary_large_image\" \/>\n<meta name=\"twitter:label1\" content=\"Tiempo de lectura\" \/>\n\t<meta name=\"twitter:data1\" content=\"3 minutos\" \/>\n<script type=\"application\/ld+json\" class=\"yoast-schema-graph\">{\"@context\":\"https:\/\/schema.org\",\"@graph\":[{\"@type\":\"WebSite\",\"@id\":\"https:\/\/www.assesso.com.br\/#website\",\"url\":\"https:\/\/www.assesso.com.br\/\",\"name\":\"Assesso - Espa\u00f1ol\",\"description\":\"Conectando dados a decis\u00f5es\",\"potentialAction\":[{\"@type\":\"SearchAction\",\"target\":{\"@type\":\"EntryPoint\",\"urlTemplate\":\"https:\/\/www.assesso.com.br\/?s={search_term_string}\"},\"query-input\":\"required name=search_term_string\"}],\"inLanguage\":\"es\"},{\"@type\":\"WebPage\",\"@id\":\"https:\/\/www.assesso.com.br\/es\/governanca-de-dados\/#webpage\",\"url\":\"https:\/\/www.assesso.com.br\/es\/governanca-de-dados\/\",\"name\":\"Gobernanza de Datos - Assesso - Espa\u00f1ol\",\"isPartOf\":{\"@id\":\"https:\/\/www.assesso.com.br\/#website\"},\"datePublished\":\"2021-06-16T22:12:04+00:00\",\"dateModified\":\"2022-03-28T18:09:26+00:00\",\"breadcrumb\":{\"@id\":\"https:\/\/www.assesso.com.br\/es\/governanca-de-dados\/#breadcrumb\"},\"inLanguage\":\"es\",\"potentialAction\":[{\"@type\":\"ReadAction\",\"target\":[\"https:\/\/www.assesso.com.br\/es\/governanca-de-dados\/\"]}]},{\"@type\":\"BreadcrumbList\",\"@id\":\"https:\/\/www.assesso.com.br\/es\/governanca-de-dados\/#breadcrumb\",\"itemListElement\":[{\"@type\":\"ListItem\",\"position\":1,\"name\":\"In\u00edcio\",\"item\":\"https:\/\/www.assesso.com.br\/es\/\"},{\"@type\":\"ListItem\",\"position\":2,\"name\":\"Gobernanza de Datos\"}]}]}<\/script>\n<!-- \/ Yoast SEO plugin. -->","yoast_head_json":{"title":"Gobernanza de Datos - Assesso - Espa\u00f1ol","robots":{"index":"index","follow":"follow","max-snippet":"max-snippet:-1","max-image-preview":"max-image-preview:large","max-video-preview":"max-video-preview:-1"},"canonical":"https:\/\/www.assesso.com.br\/es\/governanca-de-dados\/","og_locale":"es_ES","og_type":"article","og_title":"Gobernanza de Datos - Assesso - Espa\u00f1ol","og_description":"[vc_row padding_top_multiplier=&#8221;2x&#8221; padding_bottom_multiplier=&#8221;2x&#8221;][vc_column][vc_column_text] Convierta la Gobernanza de Datos en Ventaja Competitiva Los Datos son un activo valioso en la era digital. Pueden revelar ideas para el aumento de la competitividad, diferenciaci\u00f3n y mejor\u00eda de la jornada del cliente. Las empresas con una buena gobernanza de datos salen adelante y detectan demandas inexplotadas mucho antes de [&hellip;]","og_url":"https:\/\/www.assesso.com.br\/es\/governanca-de-dados\/","og_site_name":"Assesso - Espa\u00f1ol","article_modified_time":"2022-03-28T18:09:26+00:00","twitter_card":"summary_large_image","twitter_misc":{"Tiempo de lectura":"3 minutos"},"schema":{"@context":"https:\/\/schema.org","@graph":[{"@type":"WebSite","@id":"https:\/\/www.assesso.com.br\/#website","url":"https:\/\/www.assesso.com.br\/","name":"Assesso - Espa\u00f1ol","description":"Conectando dados a decis\u00f5es","potentialAction":[{"@type":"SearchAction","target":{"@type":"EntryPoint","urlTemplate":"https:\/\/www.assesso.com.br\/?s={search_term_string}"},"query-input":"required name=search_term_string"}],"inLanguage":"es"},{"@type":"WebPage","@id":"https:\/\/www.assesso.com.br\/es\/governanca-de-dados\/#webpage","url":"https:\/\/www.assesso.com.br\/es\/governanca-de-dados\/","name":"Gobernanza de Datos - Assesso - Espa\u00f1ol","isPartOf":{"@id":"https:\/\/www.assesso.com.br\/#website"},"datePublished":"2021-06-16T22:12:04+00:00","dateModified":"2022-03-28T18:09:26+00:00","breadcrumb":{"@id":"https:\/\/www.assesso.com.br\/es\/governanca-de-dados\/#breadcrumb"},"inLanguage":"es","potentialAction":[{"@type":"ReadAction","target":["https:\/\/www.assesso.com.br\/es\/governanca-de-dados\/"]}]},{"@type":"BreadcrumbList","@id":"https:\/\/www.assesso.com.br\/es\/governanca-de-dados\/#breadcrumb","itemListElement":[{"@type":"ListItem","position":1,"name":"In\u00edcio","item":"https:\/\/www.assesso.com.br\/es\/"},{"@type":"ListItem","position":2,"name":"Gobernanza de Datos"}]}]}},"_links":{"self":[{"href":"https:\/\/www.assesso.com.br\/es\/wp-json\/wp\/v2\/pages\/1434","targetHints":{"allow":["GET"]}}],"collection":[{"href":"https:\/\/www.assesso.com.br\/es\/wp-json\/wp\/v2\/pages"}],"about":[{"href":"https:\/\/www.assesso.com.br\/es\/wp-json\/wp\/v2\/types\/page"}],"author":[{"embeddable":true,"href":"https:\/\/www.assesso.com.br\/es\/wp-json\/wp\/v2\/users\/10"}],"replies":[{"embeddable":true,"href":"https:\/\/www.assesso.com.br\/es\/wp-json\/wp\/v2\/comments?post=1434"}],"version-history":[{"count":25,"href":"https:\/\/www.assesso.com.br\/es\/wp-json\/wp\/v2\/pages\/1434\/revisions"}],"predecessor-version":[{"id":2176,"href":"https:\/\/www.assesso.com.br\/es\/wp-json\/wp\/v2\/pages\/1434\/revisions\/2176"}],"wp:attachment":[{"href":"https:\/\/www.assesso.com.br\/es\/wp-json\/wp\/v2\/media?parent=1434"}],"curies":[{"name":"wp","href":"https:\/\/api.w.org\/{rel}","templated":true}]}}