{"id":1445,"date":"2021-06-23T15:03:57","date_gmt":"2021-06-23T18:03:57","guid":{"rendered":"http:\/\/es.www.assesso.com.br\/?page_id=1445"},"modified":"2022-02-10T17:57:33","modified_gmt":"2022-02-10T20:57:33","slug":"adequacao_a_lgpd","status":"publish","type":"page","link":"https:\/\/www.assesso.com.br\/es\/adequacao_a_lgpd\/","title":{"rendered":"Adecuaci\u00f3n a la LGPD"},"content":{"rendered":"<p>[vc_row padding_top_multiplier=&#8221;2x&#8221; padding_bottom_multiplier=&#8221;2x&#8221;][vc_column][vc_column_text]<\/p>\n<h2 style=\"text-align: center;\">Aproveche la adecuaci\u00f3n a la LGPD<\/h2>\n<p style=\"text-align: center;\">La regulaci\u00f3n del uso de datos promueve un entorno m\u00e1s sano y justo para las empresas y sus consumidores, empleados y socios. La adecuaci\u00f3n a la LGPD, GDPR y CCPA son inversiones necesarias que pueden asignarse de manera m\u00e1s inteligente. Una mejor gesti\u00f3n de datos puede llevar su empresa a un nuevo nivel de eficiencia y precisi\u00f3n.<\/p>\n<p>[\/vc_column_text][\/vc_column][\/vc_row][vc_row padding_top_multiplier=&#8221;2x&#8221; padding_bottom_multiplier=&#8221;2x&#8221;][vc_column width=&#8221;1\/2&#8243;][vc_column_text]<\/p>\n<h3 style=\"text-align: center;\">\u00bfCu\u00e1les son los principales retos en la b\u00fasqueda por la adecuaci\u00f3n a la LGPD y GDPR?<\/h3>\n<p style=\"text-align: center;\">Si estos elementos son desaf\u00edos para todo el equipo, Datacare puede revolucionar sus operaciones.<\/p>\n<p>[\/vc_column_text][\/vc_column][vc_column width=&#8221;1\/2&#8243;][vc_column_text]1. \u00bfSon los datos descentralizados en m\u00faltiples plataformas un desaf\u00edo para adaptarse a la LGPD?<\/p>\n<p>2. \u00bfSu empresa almacena datos sensibles y no tiene registros de historial (logs) para auditar el uso de estos datos?<\/p>\n<p>3. \u00bfSon abundantes los datos de personas f\u00edsicas en sus plataformas?[\/vc_column_text][\/vc_column][\/vc_row][vc_row padding_top_multiplier=&#8221;2x&#8221; padding_bottom_multiplier=&#8221;2x&#8221;][vc_column width=&#8221;1\/4&#8243;]<div class=\"grve-element grve-image grve-align-center\" style=\"\">  <div class=\"grve-image-wrapper\"><img loading=\"lazy\" decoding=\"async\" width=\"250\" height=\"250\" src=\"https:\/\/www.assesso.com.br\/es\/wp-content\/uploads\/3\/2021\/06\/topic-red.png\" class=\"attachment-full size-full\" alt=\"\" srcset=\"https:\/\/www.assesso.com.br\/es\/wp-content\/uploads\/3\/2021\/06\/topic-red.png 250w, https:\/\/www.assesso.com.br\/es\/wp-content\/uploads\/3\/2021\/06\/topic-red-150x150.png 150w, https:\/\/www.assesso.com.br\/es\/wp-content\/uploads\/3\/2021\/06\/topic-red-204x204.png 204w\" sizes=\"auto, (max-width: 250px) 100vw, 250px\" \/>   <\/div><\/div>[\/vc_column][vc_column width=&#8221;1\/2&#8243;][vc_column_text]<\/p>\n<h3>Adecuaci\u00f3n a la LGPD puede ser una ventaja<\/h3>\n<p>En entornos complejos, el esfuerzo de adecuaci\u00f3n a las regulaciones de uso de datos puede ser enorme. Es habitual que, tras largos proyectos, las empresas a\u00fan no hayan alcanzado un nivel adecuado de seguridad. Esto crea un riesgo inmensurable. Para una buena gesti\u00f3n de datos, primero es necesario mapear y simplificar los entornos. Esto no significa renunciar a las m\u00faltiples soluciones en uso. Significa que los datos deben estar mapeados, centralizados y auditados. De esta manera, puedes crear un repositorio \u00fanico que es m\u00e1s f\u00e1cil de administrar e integrar a las tecnolog\u00edas modernas. Datacare le permite realizar todo este proceso de manera r\u00e1pida y con total seguridad y disponibilidad.[\/vc_column_text][\/vc_column][vc_column width=&#8221;1\/4&#8243;]<div class=\"grve-element grve-image grve-align-center\" style=\"\">  <div class=\"grve-image-wrapper\"><img loading=\"lazy\" decoding=\"async\" width=\"512\" height=\"512\" src=\"https:\/\/www.assesso.com.br\/es\/wp-content\/uploads\/3\/2021\/06\/Legal-Document.png\" class=\"attachment-full size-full\" alt=\"\" srcset=\"https:\/\/www.assesso.com.br\/es\/wp-content\/uploads\/3\/2021\/06\/Legal-Document.png 512w, https:\/\/www.assesso.com.br\/es\/wp-content\/uploads\/3\/2021\/06\/Legal-Document-300x300.png 300w, https:\/\/www.assesso.com.br\/es\/wp-content\/uploads\/3\/2021\/06\/Legal-Document-150x150.png 150w, https:\/\/www.assesso.com.br\/es\/wp-content\/uploads\/3\/2021\/06\/Legal-Document-204x204.png 204w\" sizes=\"auto, (max-width: 512px) 100vw, 512px\" \/>   <\/div><\/div>[\/vc_column][\/vc_row][vc_row padding_top_multiplier=&#8221;2x&#8221; padding_bottom_multiplier=&#8221;2x&#8221;][vc_column width=&#8221;1\/4&#8243;]<div class=\"grve-element grve-image grve-align-center\" style=\"\">  <div class=\"grve-image-wrapper\"><img loading=\"lazy\" decoding=\"async\" width=\"250\" height=\"250\" src=\"https:\/\/www.assesso.com.br\/es\/wp-content\/uploads\/3\/2021\/06\/topic-orange.png\" class=\"attachment-full size-full\" alt=\"\" srcset=\"https:\/\/www.assesso.com.br\/es\/wp-content\/uploads\/3\/2021\/06\/topic-orange.png 250w, https:\/\/www.assesso.com.br\/es\/wp-content\/uploads\/3\/2021\/06\/topic-orange-150x150.png 150w, https:\/\/www.assesso.com.br\/es\/wp-content\/uploads\/3\/2021\/06\/topic-orange-204x204.png 204w\" sizes=\"auto, (max-width: 250px) 100vw, 250px\" \/>   <\/div><\/div>[\/vc_column][vc_column width=&#8221;1\/2&#8243;][vc_column_text]<\/p>\n<h3>Equilibre esfuerzo versus riesgo en sus proyectos de adecuaci\u00f3n<\/h3>\n<p>Siempre hay maneras sencillas y tambi\u00e9n completas de afrontar los desaf\u00edos que surgen. Es raro que esas cualidades est\u00e9n presentes en una sola opci\u00f3n. La regulaci\u00f3n del uso de datos vino para quedarse, as\u00ed que es fundamental contar con una estrategia estructural para tus proyectos de adaptaci\u00f3n. No se trata de un sprint \u00fanico, sino un marat\u00f3n dividido en ciclos continuos y perpetuos. En este contexto, es necesario afrontar esta inversi\u00f3n con la seriedad que el tema exige. Una mala elecci\u00f3n generar\u00e1 demasiado esfuerzo, mientras que su empresa est\u00e1 expuesta a fugas de datos y multas considerables. Buenas herramientas pueden reducir significativamente tu esfuerzo y riesgos. La implantaci\u00f3n de Datacare para administrar y auditar el uso de datos de individuos en su empresa es una opci\u00f3n sencilla, completa y confiable.[\/vc_column_text][\/vc_column][vc_column width=&#8221;1\/4&#8243;]<div class=\"grve-element grve-image grve-align-center\" style=\"\">  <div class=\"grve-image-wrapper\"><img loading=\"lazy\" decoding=\"async\" width=\"512\" height=\"512\" src=\"https:\/\/www.assesso.com.br\/es\/wp-content\/uploads\/3\/2021\/06\/Secure.png\" class=\"attachment-full size-full\" alt=\"\" srcset=\"https:\/\/www.assesso.com.br\/es\/wp-content\/uploads\/3\/2021\/06\/Secure.png 512w, https:\/\/www.assesso.com.br\/es\/wp-content\/uploads\/3\/2021\/06\/Secure-300x300.png 300w, https:\/\/www.assesso.com.br\/es\/wp-content\/uploads\/3\/2021\/06\/Secure-150x150.png 150w, https:\/\/www.assesso.com.br\/es\/wp-content\/uploads\/3\/2021\/06\/Secure-204x204.png 204w\" sizes=\"auto, (max-width: 512px) 100vw, 512px\" \/>   <\/div><\/div>[\/vc_column][\/vc_row][vc_row padding_top_multiplier=&#8221;2x&#8221; padding_bottom_multiplier=&#8221;2x&#8221;][vc_column]<style type=\"text\/css\">.grve-title-gradient.grve-title-6a0092264f83d > span,.grve-title-gradient.grve-title-6a0092264f83d .grve-clipping-content > span {color: #dd3333;background-image: -moz-linear-gradient(-45deg, #dd3333 0%, #003a40 100%);background-image: -webkit-linear-gradient(-45deg, #dd3333 0%, #003a40 100%);background-image: linear-gradient(135deg, #dd3333 0%, #003a40 100%);}<\/style><h2 class=\"grve-element grve-title grve-align-center grve-h2 grve-title-gradient grve-title-6a0092264f83d\" style=\"margin-bottom: 30px;\"><span>Casos de Adecuaci\u00f3n a la LGPD<\/span><\/h2>\t\t\t<div class=\"grve-element grve-with-gap grve-portfolio grve-isotope caselist\" style=\"\" data-spinner=\"no\" data-columns=\"3\" data-columns-large-screen=\"3\" data-columns-tablet-landscape=\"2\" data-columns-tablet-portrait=\"2\" data-columns-mobile=\"1\" data-layout=\"fitRows\" data-gutter-size=\"30\">\r\n\t\t\r\n\t\t\t<div class=\"grve-isotope-container\">\r\n\t\t\t\t\t\t\t<article id=\"portfolio-1988-6a00922650947\" class=\"grve-isotope-item grve-portfolio-item  post-1988 portfolio type-portfolio status-publish has-post-thumbnail hentry portfolio_category-adecuacion-a-la-lgpd portfolio_category-servicios\">\r\n\t\t\t\t\t\t<div class=\"grve-isotope-item-inner grve-hover-item grve-hover-style-1\">\t\t\t\t\t\t\t\t\t<figure class=\"grve-image-hover grve-media\">\r\n\t\t\t\t\t\t\t\t\t\t<a class=\"grve-item-url\" aria-label=\"Adecuaci\u00f3n a la LGPD en una empresa de Servicios de Asistencia\" href=\"https:\/\/www.assesso.com.br\/es\/cases\/adequacao-a-lgpd-em-empresa-de-servicos-de-assistencia\/\"><\/a>\t\t\t\t\t\t\t\t\t\t<div class=\"grve-bg-light grve-hover-overlay grve-opacity-90\"><\/div>\r\n\t\t\t\t\t\t\t\t\t\t<img loading=\"lazy\" decoding=\"async\" width=\"560\" height=\"340\" src=\"https:\/\/www.assesso.com.br\/es\/wp-content\/uploads\/3\/2021\/11\/case-assistence-560x340.png\" class=\"attachment-movedo-grve-small-rect-horizontal size-movedo-grve-small-rect-horizontal\" alt=\"\" \/>\t\t\t\t\t\t\t\t\t\t<figcaption><\/figcaption>\r\n\t\t\t\t\t\t\t\t\t<\/figure>\r\n\t\t\t\t\t\t\t\t\t\t\t\t\t\t\t\t\t\t<div class=\"grve-content grve-align-center\">\r\n\t\t\t\t\t\t\t\t\t\t\t\t\t\t\t\t\t\t\t\t\t\t\t\t\t\t\t\t\t\t<h4 class=\"grve-title grve-text-inherit grve-h4\">Adecuaci\u00f3n a la LGPD en una empresa de Servicios de Asistencia<\/h4>\r\n\t\t\t\t\t\t\t\t\t\t\t\t\t\t\t\t\t\t\t\t\t\t\t\t\t\t\t\t\t\t\t\t\t\t\t\t\t\t\t<\/div>\r\n\t\t\t\t\t\t\t\t\t\t\t\t\t\t\t\t\t\t\t\t\t\t<\/div>\r\n\t\t\t\t\t<\/article>\r\n\t\t\t\t<\/div>\r\n\t\t\t<\/div>\r\n\r\n\t\t[\/vc_column][\/vc_row][vc_row padding_top_multiplier=&#8221;2x&#8221; padding_bottom_multiplier=&#8221;2x&#8221;][vc_column width=&#8221;1\/2&#8243;]<div class=\"grve-element grve-image grve-align-center\" style=\"\">  <div class=\"grve-image-wrapper\"><img loading=\"lazy\" decoding=\"async\" width=\"720\" height=\"140\" src=\"https:\/\/www.assesso.com.br\/es\/wp-content\/uploads\/3\/2021\/05\/logo-datacare.png\" class=\"attachment-full size-full\" alt=\"datacare\" srcset=\"https:\/\/www.assesso.com.br\/es\/wp-content\/uploads\/3\/2021\/05\/logo-datacare.png 720w, https:\/\/www.assesso.com.br\/es\/wp-content\/uploads\/3\/2021\/05\/logo-datacare-300x58.png 300w\" sizes=\"auto, (max-width: 720px) 100vw, 720px\" \/>   <\/div><\/div>[\/vc_column][vc_column width=&#8221;1\/2&#8243;][vc_column_text]<\/p>\n<h3>Datacare Personas<\/h3>\n<p>Los registros de personas jur\u00eddicas y personas f\u00edsicas, as\u00ed como su historial de relaciones, contienen informaciones valiosas para decisiones estrat\u00e9gicas. La fiabilidad de estos datos es fundamental para el correcto funcionamiento de sus estrategias de marketing y ventas.[\/vc_column_text]<div class=\"grve-empty-space grve-height-2x\" style=\"\"><\/div>[vc_column_text]<\/p>\n<h3>Servicios Profesionales<\/h3>\n<p>Assesso ofrece un conjunto de servicios profesionales especializados en el tratamiento, gesti\u00f3n, gobierno y soporte de sus servicios de datos, asegurando un alt\u00edsimo rendimiento y disponibilidad.[\/vc_column_text][\/vc_column][\/vc_row][vc_row padding_top_multiplier=&#8221;2x&#8221; padding_bottom_multiplier=&#8221;2x&#8221;][vc_column width=&#8221;1\/2&#8243;]<div class=\"grve-element grve-align-center\"><a href=\"\/es\/datacare\/\" class=\"grve-btn grve-btn-medium grve-shadow-small grve-round grve-bg-primary-1 grve-bg-hover-black\"><span>M\u00e1s informaciones sobre el Datacare<\/span><\/a><\/div>[\/vc_column][vc_column width=&#8221;1\/2&#8243;]<div class=\"grve-element grve-align-center\"><a href=\"\/es\/contato\" class=\"grve-btn grve-btn-medium grve-shadow-small grve-round grve-bg-primary-1 grve-bg-hover-black\"><span>\u00a1Escr\u00edbanos!<\/span><\/a><\/div>[\/vc_column][\/vc_row]<\/p>\n","protected":false},"excerpt":{"rendered":"<p>[vc_row padding_top_multiplier=&#8221;2x&#8221; padding_bottom_multiplier=&#8221;2x&#8221;][vc_column][vc_column_text] Aproveche la adecuaci\u00f3n a la LGPD La regulaci\u00f3n del uso de datos promueve un entorno m\u00e1s sano y justo para las empresas y sus consumidores, empleados y socios. La adecuaci\u00f3n a la LGPD, GDPR y CCPA son inversiones necesarias que pueden asignarse de manera m\u00e1s inteligente. Una mejor gesti\u00f3n de datos puede [&hellip;]<\/p>\n","protected":false},"author":10,"featured_media":0,"parent":0,"menu_order":0,"comment_status":"closed","ping_status":"closed","template":"","meta":{"footnotes":""},"class_list":["post-1445","page","type-page","status-publish","hentry"],"yoast_head":"<!-- This site is optimized with the Yoast SEO plugin v18.0 - https:\/\/yoast.com\/wordpress\/plugins\/seo\/ -->\n<title>Adecuaci\u00f3n a la LGPD - Assesso - Espa\u00f1ol<\/title>\n<meta name=\"robots\" content=\"index, follow, max-snippet:-1, max-image-preview:large, max-video-preview:-1\" \/>\n<link rel=\"canonical\" href=\"https:\/\/www.assesso.com.br\/es\/adequacao_a_lgpd\/\" \/>\n<meta property=\"og:locale\" content=\"es_ES\" \/>\n<meta property=\"og:type\" content=\"article\" \/>\n<meta property=\"og:title\" content=\"Adecuaci\u00f3n a la LGPD - Assesso - Espa\u00f1ol\" \/>\n<meta property=\"og:description\" content=\"[vc_row padding_top_multiplier=&#8221;2x&#8221; padding_bottom_multiplier=&#8221;2x&#8221;][vc_column][vc_column_text] Aproveche la adecuaci\u00f3n a la LGPD La regulaci\u00f3n del uso de datos promueve un entorno m\u00e1s sano y justo para las empresas y sus consumidores, empleados y socios. La adecuaci\u00f3n a la LGPD, GDPR y CCPA son inversiones necesarias que pueden asignarse de manera m\u00e1s inteligente. Una mejor gesti\u00f3n de datos puede [&hellip;]\" \/>\n<meta property=\"og:url\" content=\"https:\/\/www.assesso.com.br\/es\/adequacao_a_lgpd\/\" \/>\n<meta property=\"og:site_name\" content=\"Assesso - Espa\u00f1ol\" \/>\n<meta property=\"article:modified_time\" content=\"2022-02-10T20:57:33+00:00\" \/>\n<meta name=\"twitter:card\" content=\"summary_large_image\" \/>\n<meta name=\"twitter:label1\" content=\"Tiempo de lectura\" \/>\n\t<meta name=\"twitter:data1\" content=\"3 minutos\" \/>\n<script type=\"application\/ld+json\" class=\"yoast-schema-graph\">{\"@context\":\"https:\/\/schema.org\",\"@graph\":[{\"@type\":\"WebSite\",\"@id\":\"https:\/\/www.assesso.com.br\/#website\",\"url\":\"https:\/\/www.assesso.com.br\/\",\"name\":\"Assesso - Espa\u00f1ol\",\"description\":\"Conectando dados a decis\u00f5es\",\"potentialAction\":[{\"@type\":\"SearchAction\",\"target\":{\"@type\":\"EntryPoint\",\"urlTemplate\":\"https:\/\/www.assesso.com.br\/?s={search_term_string}\"},\"query-input\":\"required name=search_term_string\"}],\"inLanguage\":\"es\"},{\"@type\":\"WebPage\",\"@id\":\"https:\/\/www.assesso.com.br\/es\/adequacao_a_lgpd\/#webpage\",\"url\":\"https:\/\/www.assesso.com.br\/es\/adequacao_a_lgpd\/\",\"name\":\"Adecuaci\u00f3n a la LGPD - Assesso - Espa\u00f1ol\",\"isPartOf\":{\"@id\":\"https:\/\/www.assesso.com.br\/#website\"},\"datePublished\":\"2021-06-23T18:03:57+00:00\",\"dateModified\":\"2022-02-10T20:57:33+00:00\",\"breadcrumb\":{\"@id\":\"https:\/\/www.assesso.com.br\/es\/adequacao_a_lgpd\/#breadcrumb\"},\"inLanguage\":\"es\",\"potentialAction\":[{\"@type\":\"ReadAction\",\"target\":[\"https:\/\/www.assesso.com.br\/es\/adequacao_a_lgpd\/\"]}]},{\"@type\":\"BreadcrumbList\",\"@id\":\"https:\/\/www.assesso.com.br\/es\/adequacao_a_lgpd\/#breadcrumb\",\"itemListElement\":[{\"@type\":\"ListItem\",\"position\":1,\"name\":\"In\u00edcio\",\"item\":\"https:\/\/www.assesso.com.br\/es\/\"},{\"@type\":\"ListItem\",\"position\":2,\"name\":\"Adecuaci\u00f3n a la LGPD\"}]}]}<\/script>\n<!-- \/ Yoast SEO plugin. -->","yoast_head_json":{"title":"Adecuaci\u00f3n a la LGPD - Assesso - Espa\u00f1ol","robots":{"index":"index","follow":"follow","max-snippet":"max-snippet:-1","max-image-preview":"max-image-preview:large","max-video-preview":"max-video-preview:-1"},"canonical":"https:\/\/www.assesso.com.br\/es\/adequacao_a_lgpd\/","og_locale":"es_ES","og_type":"article","og_title":"Adecuaci\u00f3n a la LGPD - Assesso - Espa\u00f1ol","og_description":"[vc_row padding_top_multiplier=&#8221;2x&#8221; padding_bottom_multiplier=&#8221;2x&#8221;][vc_column][vc_column_text] Aproveche la adecuaci\u00f3n a la LGPD La regulaci\u00f3n del uso de datos promueve un entorno m\u00e1s sano y justo para las empresas y sus consumidores, empleados y socios. La adecuaci\u00f3n a la LGPD, GDPR y CCPA son inversiones necesarias que pueden asignarse de manera m\u00e1s inteligente. Una mejor gesti\u00f3n de datos puede [&hellip;]","og_url":"https:\/\/www.assesso.com.br\/es\/adequacao_a_lgpd\/","og_site_name":"Assesso - Espa\u00f1ol","article_modified_time":"2022-02-10T20:57:33+00:00","twitter_card":"summary_large_image","twitter_misc":{"Tiempo de lectura":"3 minutos"},"schema":{"@context":"https:\/\/schema.org","@graph":[{"@type":"WebSite","@id":"https:\/\/www.assesso.com.br\/#website","url":"https:\/\/www.assesso.com.br\/","name":"Assesso - Espa\u00f1ol","description":"Conectando dados a decis\u00f5es","potentialAction":[{"@type":"SearchAction","target":{"@type":"EntryPoint","urlTemplate":"https:\/\/www.assesso.com.br\/?s={search_term_string}"},"query-input":"required name=search_term_string"}],"inLanguage":"es"},{"@type":"WebPage","@id":"https:\/\/www.assesso.com.br\/es\/adequacao_a_lgpd\/#webpage","url":"https:\/\/www.assesso.com.br\/es\/adequacao_a_lgpd\/","name":"Adecuaci\u00f3n a la LGPD - Assesso - Espa\u00f1ol","isPartOf":{"@id":"https:\/\/www.assesso.com.br\/#website"},"datePublished":"2021-06-23T18:03:57+00:00","dateModified":"2022-02-10T20:57:33+00:00","breadcrumb":{"@id":"https:\/\/www.assesso.com.br\/es\/adequacao_a_lgpd\/#breadcrumb"},"inLanguage":"es","potentialAction":[{"@type":"ReadAction","target":["https:\/\/www.assesso.com.br\/es\/adequacao_a_lgpd\/"]}]},{"@type":"BreadcrumbList","@id":"https:\/\/www.assesso.com.br\/es\/adequacao_a_lgpd\/#breadcrumb","itemListElement":[{"@type":"ListItem","position":1,"name":"In\u00edcio","item":"https:\/\/www.assesso.com.br\/es\/"},{"@type":"ListItem","position":2,"name":"Adecuaci\u00f3n a la LGPD"}]}]}},"_links":{"self":[{"href":"https:\/\/www.assesso.com.br\/es\/wp-json\/wp\/v2\/pages\/1445","targetHints":{"allow":["GET"]}}],"collection":[{"href":"https:\/\/www.assesso.com.br\/es\/wp-json\/wp\/v2\/pages"}],"about":[{"href":"https:\/\/www.assesso.com.br\/es\/wp-json\/wp\/v2\/types\/page"}],"author":[{"embeddable":true,"href":"https:\/\/www.assesso.com.br\/es\/wp-json\/wp\/v2\/users\/10"}],"replies":[{"embeddable":true,"href":"https:\/\/www.assesso.com.br\/es\/wp-json\/wp\/v2\/comments?post=1445"}],"version-history":[{"count":8,"href":"https:\/\/www.assesso.com.br\/es\/wp-json\/wp\/v2\/pages\/1445\/revisions"}],"predecessor-version":[{"id":2123,"href":"https:\/\/www.assesso.com.br\/es\/wp-json\/wp\/v2\/pages\/1445\/revisions\/2123"}],"wp:attachment":[{"href":"https:\/\/www.assesso.com.br\/es\/wp-json\/wp\/v2\/media?parent=1445"}],"curies":[{"name":"wp","href":"https:\/\/api.w.org\/{rel}","templated":true}]}}