{"id":1522,"date":"2021-08-12T16:37:59","date_gmt":"2021-08-12T19:37:59","guid":{"rendered":"http:\/\/es.www.assesso.com.br\/?page_id=1522"},"modified":"2022-03-29T10:59:10","modified_gmt":"2022-03-29T13:59:10","slug":"data-driven","status":"publish","type":"page","link":"https:\/\/www.assesso.com.br\/es\/data-driven\/","title":{"rendered":"Data-driven"},"content":{"rendered":"<p>[vc_row padding_top_multiplier=&#8221;2x&#8221;][vc_column][vc_column_text]<\/p>\n<h2 style=\"text-align: center;\">Convertirse en una compa\u00f1\u00eda basada por datos.<\/h2>\n<p style=\"text-align: center;\">Las compa\u00f1\u00edas basadas en datos requieren una gesti\u00f3n de datos precisa, ya que la calidad de los datos tiene un gran impacto en los an\u00e1lisis y en la fiabilidad. Los beneficios son innegables: mejores decisiones de gesti\u00f3n en todos los niveles, mejores decisiones estrat\u00e9gicas y conocimientos que pueden valer millones.<\/p>\n<p>[\/vc_column_text][\/vc_column][\/vc_row][vc_row padding_top_multiplier=&#8221;2x&#8221;][vc_column width=&#8221;1\/2&#8243;][vc_column_text]<\/p>\n<h3 style=\"text-align: center;\">\u00bfCu\u00e1les son los principales retos en la b\u00fasqueda por decisiones m\u00e1s inteligentes?<\/h3>\n<p style=\"text-align: center;\">Si estos elementos son desaf\u00edos para todo el equipo, Datacare puede revolucionar sus decisiones.<\/p>\n<p>[\/vc_column_text][\/vc_column][vc_column width=&#8221;1\/2&#8243;][vc_column_text]1. \u00bfLe faltan datos que respalden sus decisiones?<\/p>\n<p>2. \u00bfExplora los datos disponibles en profundidad para descubrir oportunidades?<\/p>\n<p>3. \u00bfLos datos est\u00e1n accesibles, seguros y compartidos en su empresa?[\/vc_column_text][\/vc_column][\/vc_row][vc_row padding_top_multiplier=&#8221;2x&#8221;][vc_column width=&#8221;1\/4&#8243;]<div class=\"grve-element grve-image grve-align-center\" style=\"\">  <div class=\"grve-image-wrapper\"><img loading=\"lazy\" decoding=\"async\" width=\"250\" height=\"250\" src=\"https:\/\/www.assesso.com.br\/es\/wp-content\/uploads\/3\/2021\/06\/topic-red.png\" class=\"attachment-full size-full\" alt=\"\" srcset=\"https:\/\/www.assesso.com.br\/es\/wp-content\/uploads\/3\/2021\/06\/topic-red.png 250w, https:\/\/www.assesso.com.br\/es\/wp-content\/uploads\/3\/2021\/06\/topic-red-150x150.png 150w, https:\/\/www.assesso.com.br\/es\/wp-content\/uploads\/3\/2021\/06\/topic-red-204x204.png 204w\" sizes=\"auto, (max-width: 250px) 100vw, 250px\" \/>   <\/div><\/div>[\/vc_column][vc_column width=&#8221;1\/2&#8243;][vc_column_text]<\/p>\n<h3>Tome decisiones correctas y acertadas<\/h3>\n<p>Los datos no mienten, a menos que est\u00e9n equivocados. El uso de datos sin un tratamiento adecuado puede llevar a su organizaci\u00f3n a decisiones ineficaces, incorrectas e incluso desastrosas. Las decisiones correctas necesitan datos s\u00f3lidos y unificados, tornando el an\u00e1lisis m\u00e1s f\u00e1cil y r\u00e1pido. Datacare permite la recopilaci\u00f3n, el procesamiento y la consolidaci\u00f3n en tiempo real. Es una herramienta vital para que los gerentes tengan confianza en sus an\u00e1lisis y toma de decisiones.[\/vc_column_text][\/vc_column][vc_column width=&#8221;1\/4&#8243;]<div class=\"grve-element grve-image grve-align-center\" style=\"\">  <div class=\"grve-image-wrapper\"><img loading=\"lazy\" decoding=\"async\" width=\"512\" height=\"512\" src=\"https:\/\/www.assesso.com.br\/es\/wp-content\/uploads\/3\/2021\/06\/Monitoring-Project-Data.png\" class=\"attachment-full size-full\" alt=\"\" srcset=\"https:\/\/www.assesso.com.br\/es\/wp-content\/uploads\/3\/2021\/06\/Monitoring-Project-Data.png 512w, https:\/\/www.assesso.com.br\/es\/wp-content\/uploads\/3\/2021\/06\/Monitoring-Project-Data-300x300.png 300w, https:\/\/www.assesso.com.br\/es\/wp-content\/uploads\/3\/2021\/06\/Monitoring-Project-Data-150x150.png 150w, https:\/\/www.assesso.com.br\/es\/wp-content\/uploads\/3\/2021\/06\/Monitoring-Project-Data-204x204.png 204w\" sizes=\"auto, (max-width: 512px) 100vw, 512px\" \/>   <\/div><\/div>[\/vc_column][\/vc_row][vc_row padding_top_multiplier=&#8221;2x&#8221;][vc_column width=&#8221;1\/4&#8243;]<div class=\"grve-element grve-image grve-align-center\" style=\"\">  <div class=\"grve-image-wrapper\"><img loading=\"lazy\" decoding=\"async\" width=\"250\" height=\"250\" src=\"https:\/\/www.assesso.com.br\/es\/wp-content\/uploads\/3\/2021\/06\/topic-orange.png\" class=\"attachment-full size-full\" alt=\"\" srcset=\"https:\/\/www.assesso.com.br\/es\/wp-content\/uploads\/3\/2021\/06\/topic-orange.png 250w, https:\/\/www.assesso.com.br\/es\/wp-content\/uploads\/3\/2021\/06\/topic-orange-150x150.png 150w, https:\/\/www.assesso.com.br\/es\/wp-content\/uploads\/3\/2021\/06\/topic-orange-204x204.png 204w\" sizes=\"auto, (max-width: 250px) 100vw, 250px\" \/>   <\/div><\/div>[\/vc_column][vc_column width=&#8221;1\/2&#8243;][vc_column_text]<\/p>\n<h3>Obtenga ideas valiosas<\/h3>\n<p>En el mundo digital, las bases de datos son minas de oro. La b\u00fasqueda estructurada de informaciones puede proporcionar conocimientos valiosos que revelan grandes oportunidades. Los cambios en el recorrido del cliente, en el proceso de ventas, en la predicci\u00f3n de la demanda o incluso el lanzamiento de nuevos productos y servicios pueden surgir del an\u00e1lisis de los datos que ya tiene. Con Datacare, es posible extraer informaciones confiables y diferenciadas, que se\u00f1alar\u00e1n caminos de innovaci\u00f3n para su empresa.[\/vc_column_text][\/vc_column][vc_column width=&#8221;1\/4&#8243;]<div class=\"grve-element grve-image grve-align-center\" style=\"\">  <div class=\"grve-image-wrapper\"><img loading=\"lazy\" decoding=\"async\" width=\"512\" height=\"512\" src=\"https:\/\/www.assesso.com.br\/es\/wp-content\/uploads\/3\/2021\/06\/Brainstorm.png\" class=\"attachment-full size-full\" alt=\"\" srcset=\"https:\/\/www.assesso.com.br\/es\/wp-content\/uploads\/3\/2021\/06\/Brainstorm.png 512w, https:\/\/www.assesso.com.br\/es\/wp-content\/uploads\/3\/2021\/06\/Brainstorm-300x300.png 300w, https:\/\/www.assesso.com.br\/es\/wp-content\/uploads\/3\/2021\/06\/Brainstorm-150x150.png 150w, https:\/\/www.assesso.com.br\/es\/wp-content\/uploads\/3\/2021\/06\/Brainstorm-204x204.png 204w\" sizes=\"auto, (max-width: 512px) 100vw, 512px\" \/>   <\/div><\/div>[\/vc_column][\/vc_row][vc_row padding_top_multiplier=&#8221;2x&#8221;][vc_column width=&#8221;1\/4&#8243;]<div class=\"grve-element grve-image grve-align-center\" style=\"\">  <div class=\"grve-image-wrapper\"><img loading=\"lazy\" decoding=\"async\" width=\"250\" height=\"250\" src=\"https:\/\/www.assesso.com.br\/es\/wp-content\/uploads\/3\/2021\/06\/topic-yellow.png\" class=\"attachment-full size-full\" alt=\"\" srcset=\"https:\/\/www.assesso.com.br\/es\/wp-content\/uploads\/3\/2021\/06\/topic-yellow.png 250w, https:\/\/www.assesso.com.br\/es\/wp-content\/uploads\/3\/2021\/06\/topic-yellow-150x150.png 150w, https:\/\/www.assesso.com.br\/es\/wp-content\/uploads\/3\/2021\/06\/topic-yellow-204x204.png 204w\" sizes=\"auto, (max-width: 250px) 100vw, 250px\" \/>   <\/div><\/div>[\/vc_column][vc_column width=&#8221;1\/2&#8243;][vc_column_text]<\/p>\n<h3>Comparta los dados correctos para personas correctas y de la forma m\u00e1s segura<\/h3>\n<p>El intercambio de datos es un requisito para una organizaci\u00f3n basada en datos. Todo comienza con compartir datos correctamente. Es necesario democratizar el acceso a los datos y evitar la creaci\u00f3n de silos repartidos entre diferentes departamentos o unidades de negocio. Datacare impulsa la gobernanza de tus datos y facilita la consolidaci\u00f3n y el intercambio de datos de acuerdo con la pol\u00edtica de seguridad de la empresa.[\/vc_column_text][\/vc_column][vc_column width=&#8221;1\/4&#8243;]<div class=\"grve-element grve-image grve-align-center\" style=\"\">  <div class=\"grve-image-wrapper\"><img loading=\"lazy\" decoding=\"async\" width=\"512\" height=\"512\" src=\"https:\/\/www.assesso.com.br\/es\/wp-content\/uploads\/3\/2021\/06\/Personal-Development.png\" class=\"attachment-full size-full\" alt=\"\" srcset=\"https:\/\/www.assesso.com.br\/es\/wp-content\/uploads\/3\/2021\/06\/Personal-Development.png 512w, https:\/\/www.assesso.com.br\/es\/wp-content\/uploads\/3\/2021\/06\/Personal-Development-300x300.png 300w, https:\/\/www.assesso.com.br\/es\/wp-content\/uploads\/3\/2021\/06\/Personal-Development-150x150.png 150w, https:\/\/www.assesso.com.br\/es\/wp-content\/uploads\/3\/2021\/06\/Personal-Development-204x204.png 204w\" sizes=\"auto, (max-width: 512px) 100vw, 512px\" \/>   <\/div><\/div>[\/vc_column][\/vc_row][vc_row padding_top_multiplier=&#8221;2x&#8221; padding_bottom_multiplier=&#8221;2x&#8221;][vc_column]<style type=\"text\/css\">.grve-title-gradient.grve-title-69d618a20533d > span,.grve-title-gradient.grve-title-69d618a20533d .grve-clipping-content > span {color: #dd3333;background-image: -moz-linear-gradient(-45deg, #dd3333 0%, #003a40 100%);background-image: -webkit-linear-gradient(-45deg, #dd3333 0%, #003a40 100%);background-image: linear-gradient(135deg, #dd3333 0%, #003a40 100%);}<\/style><h2 class=\"grve-element grve-title grve-align-center grve-h2 grve-title-gradient grve-title-69d618a20533d\" style=\"margin-bottom: 30px;\"><span>Casos de Data-driven Companies<\/span><\/h2>\t\t\t<div class=\"grve-element grve-with-gap grve-portfolio grve-isotope caselist\" style=\"\" data-spinner=\"no\" data-columns=\"3\" data-columns-large-screen=\"3\" data-columns-tablet-landscape=\"2\" data-columns-tablet-portrait=\"2\" data-columns-mobile=\"1\" data-layout=\"fitRows\" data-gutter-size=\"30\">\r\n\t\t\r\n\t\t\t<div class=\"grve-isotope-container\">\r\n\t\t\t\t\t\t\t<article id=\"portfolio-1994-69d618a207312\" class=\"grve-isotope-item grve-portfolio-item  post-1994 portfolio type-portfolio status-publish has-post-thumbnail hentry portfolio_category-educacion portfolio_category-sea-una-empresa-basada-en-datos\">\r\n\t\t\t\t\t\t<div class=\"grve-isotope-item-inner grve-hover-item grve-hover-style-1\">\t\t\t\t\t\t\t\t\t<figure class=\"grve-image-hover grve-media\">\r\n\t\t\t\t\t\t\t\t\t\t<a class=\"grve-item-url\" aria-label=\"Habilitaci\u00f3n de la Estrategia Omnicanal en un Gran Grupo Educativo\" href=\"https:\/\/www.assesso.com.br\/es\/cases\/viabilizando-estrategia-omnichannel-em-grande-grupo-educacional\/\"><\/a>\t\t\t\t\t\t\t\t\t\t<div class=\"grve-bg-light grve-hover-overlay grve-opacity-90\"><\/div>\r\n\t\t\t\t\t\t\t\t\t\t<img loading=\"lazy\" decoding=\"async\" width=\"560\" height=\"340\" src=\"https:\/\/www.assesso.com.br\/es\/wp-content\/uploads\/3\/2021\/11\/case-education-560x340.png\" class=\"attachment-movedo-grve-small-rect-horizontal size-movedo-grve-small-rect-horizontal\" alt=\"\" \/>\t\t\t\t\t\t\t\t\t\t<figcaption><\/figcaption>\r\n\t\t\t\t\t\t\t\t\t<\/figure>\r\n\t\t\t\t\t\t\t\t\t\t\t\t\t\t\t\t\t\t<div class=\"grve-content grve-align-center\">\r\n\t\t\t\t\t\t\t\t\t\t\t\t\t\t\t\t\t\t\t\t\t\t\t\t\t\t\t\t\t\t<h4 class=\"grve-title grve-text-inherit grve-h4\">Habilitaci\u00f3n de la Estrategia Omnicanal en un Gran Grupo Educativo<\/h4>\r\n\t\t\t\t\t\t\t\t\t\t\t\t\t\t\t\t\t\t\t\t\t\t\t\t\t\t\t\t\t\t<div class=\"grve-description grve-text-content\">Para respaldar su estrategia omnicanal, un gran grupo educativo brasile\u00f1o contrat\u00f3 los servicios de Assesso<\/div>\r\n\t\t\t\t\t\t\t\t\t\t\t\t\t\t\t\t\t\t\t\t\t\t\t\t\t\t\t\t\t<\/div>\r\n\t\t\t\t\t\t\t\t\t\t\t\t\t\t\t\t\t\t\t\t\t\t<\/div>\r\n\t\t\t\t\t<\/article>\r\n\t\t\t\t\t<article id=\"portfolio-2043-69d618a207924\" class=\"grve-isotope-item grve-portfolio-item  post-2043 portfolio type-portfolio status-publish has-post-thumbnail hentry portfolio_category-sea-una-empresa-basada-en-datos portfolio_category-venta-al-por-menor\">\r\n\t\t\t\t\t\t<div class=\"grve-isotope-item-inner grve-hover-item grve-hover-style-1\">\t\t\t\t\t\t\t\t\t<figure class=\"grve-image-hover grve-media\">\r\n\t\t\t\t\t\t\t\t\t\t<a class=\"grve-item-url\" aria-label=\"Visi\u00f3n unificada de los datos de los clientes en una gran industria brasile\u00f1a\" href=\"https:\/\/www.assesso.com.br\/es\/cases\/visao-unificada-de-dados-de-clientes-em-grande-industria-brasileira\/\"><\/a>\t\t\t\t\t\t\t\t\t\t<div class=\"grve-bg-light grve-hover-overlay grve-opacity-90\"><\/div>\r\n\t\t\t\t\t\t\t\t\t\t<img loading=\"lazy\" decoding=\"async\" width=\"560\" height=\"340\" src=\"https:\/\/www.assesso.com.br\/es\/wp-content\/uploads\/3\/2021\/12\/case-retail-560x340.png\" class=\"attachment-movedo-grve-small-rect-horizontal size-movedo-grve-small-rect-horizontal\" alt=\"\" \/>\t\t\t\t\t\t\t\t\t\t<figcaption><\/figcaption>\r\n\t\t\t\t\t\t\t\t\t<\/figure>\r\n\t\t\t\t\t\t\t\t\t\t\t\t\t\t\t\t\t\t<div class=\"grve-content grve-align-center\">\r\n\t\t\t\t\t\t\t\t\t\t\t\t\t\t\t\t\t\t\t\t\t\t\t\t\t\t\t\t\t\t<h4 class=\"grve-title grve-text-inherit grve-h4\">Visi\u00f3n unificada de los datos de los clientes en una gran industria brasile\u00f1a<\/h4>\r\n\t\t\t\t\t\t\t\t\t\t\t\t\t\t\t\t\t\t\t\t\t\t\t\t\t\t\t\t\t\t<div class=\"grve-description grve-text-content\">Una gran empresa brasile\u00f1a de la industria de cosm\u00e9ticos identific\u00f3 la necesidad de crear una vista unificada de los datos de los clientes.<\/div>\r\n\t\t\t\t\t\t\t\t\t\t\t\t\t\t\t\t\t\t\t\t\t\t\t\t\t\t\t\t\t<\/div>\r\n\t\t\t\t\t\t\t\t\t\t\t\t\t\t\t\t\t\t\t\t\t\t<\/div>\r\n\t\t\t\t\t<\/article>\r\n\t\t\t\t<\/div>\r\n\t\t\t<\/div>\r\n\r\n\t\t[\/vc_column][\/vc_row][vc_row padding_top_multiplier=&#8221;2x&#8221;][vc_column width=&#8221;1\/2&#8243;]<div class=\"grve-element grve-image grve-align-center\" style=\"\">  <div class=\"grve-image-wrapper\"><img loading=\"lazy\" decoding=\"async\" width=\"720\" height=\"140\" src=\"https:\/\/www.assesso.com.br\/es\/wp-content\/uploads\/3\/2021\/05\/logo-datacare.png\" class=\"attachment-full size-full\" alt=\"datacare\" srcset=\"https:\/\/www.assesso.com.br\/es\/wp-content\/uploads\/3\/2021\/05\/logo-datacare.png 720w, https:\/\/www.assesso.com.br\/es\/wp-content\/uploads\/3\/2021\/05\/logo-datacare-300x58.png 300w\" sizes=\"auto, (max-width: 720px) 100vw, 720px\" \/>   <\/div><\/div>[\/vc_column][vc_column width=&#8221;1\/2&#8243;][vc_column_text]<\/p>\n<h3>Datacare Personas<\/h3>\n<p>Los registros de personas jur\u00eddicas y personas f\u00edsicas, as\u00ed como su historial de relaciones, contienen informaciones valiosas para decisiones estrat\u00e9gicas. La fiabilidad de estos datos es fundamental para el correcto funcionamiento de sus estrategias de marketing y ventas.[\/vc_column_text]<div class=\"grve-empty-space grve-height-2x\" style=\"\"><\/div>[vc_column_text]<\/p>\n<h3>Servicios Profesionales<\/h3>\n<p>Assesso ofrece un conjunto de servicios profesionales especializados en el tratamiento, gesti\u00f3n, gobierno y soporte de sus servicios de datos, asegurando un alt\u00edsimo rendimiento y disponibilidad.[\/vc_column_text][\/vc_column][\/vc_row][vc_row padding_top_multiplier=&#8221;2x&#8221;][vc_column width=&#8221;1\/2&#8243;]<div class=\"grve-element grve-align-center\"><a href=\"\/es\/datacare\/\" class=\"grve-btn grve-btn-medium grve-shadow-small grve-round grve-bg-primary-1 grve-bg-hover-black\"><span>M\u00e1s informaciones sobre el Datacare<\/span><\/a><\/div>[\/vc_column][vc_column width=&#8221;1\/2&#8243;]<div class=\"grve-element grve-align-center\"><a href=\"\/es\/contato\" class=\"grve-btn grve-btn-medium grve-shadow-small grve-round grve-bg-primary-1 grve-bg-hover-black\"><span>\u00a1Escr\u00edbanos!<\/span><\/a><\/div>[\/vc_column][\/vc_row]<\/p>\n","protected":false},"excerpt":{"rendered":"<p>[vc_row padding_top_multiplier=&#8221;2x&#8221;][vc_column][vc_column_text] Convertirse en una compa\u00f1\u00eda basada por datos. Las compa\u00f1\u00edas basadas en datos requieren una gesti\u00f3n de datos precisa, ya que la calidad de los datos tiene un gran impacto en los an\u00e1lisis y en la fiabilidad. Los beneficios son innegables: mejores decisiones de gesti\u00f3n en todos los niveles, mejores decisiones estrat\u00e9gicas y conocimientos [&hellip;]<\/p>\n","protected":false},"author":10,"featured_media":0,"parent":0,"menu_order":0,"comment_status":"closed","ping_status":"closed","template":"","meta":{"footnotes":""},"class_list":["post-1522","page","type-page","status-publish","hentry"],"yoast_head":"<!-- This site is optimized with the Yoast SEO plugin v18.0 - https:\/\/yoast.com\/wordpress\/plugins\/seo\/ -->\n<title>Data-driven - Assesso - Espa\u00f1ol<\/title>\n<meta name=\"robots\" content=\"index, follow, max-snippet:-1, max-image-preview:large, max-video-preview:-1\" \/>\n<link rel=\"canonical\" href=\"https:\/\/www.assesso.com.br\/es\/data-driven\/\" \/>\n<meta property=\"og:locale\" content=\"es_ES\" \/>\n<meta property=\"og:type\" content=\"article\" \/>\n<meta property=\"og:title\" content=\"Data-driven - Assesso - Espa\u00f1ol\" \/>\n<meta property=\"og:description\" content=\"[vc_row padding_top_multiplier=&#8221;2x&#8221;][vc_column][vc_column_text] Convertirse en una compa\u00f1\u00eda basada por datos. Las compa\u00f1\u00edas basadas en datos requieren una gesti\u00f3n de datos precisa, ya que la calidad de los datos tiene un gran impacto en los an\u00e1lisis y en la fiabilidad. Los beneficios son innegables: mejores decisiones de gesti\u00f3n en todos los niveles, mejores decisiones estrat\u00e9gicas y conocimientos [&hellip;]\" \/>\n<meta property=\"og:url\" content=\"https:\/\/www.assesso.com.br\/es\/data-driven\/\" \/>\n<meta property=\"og:site_name\" content=\"Assesso - Espa\u00f1ol\" \/>\n<meta property=\"article:modified_time\" content=\"2022-03-29T13:59:10+00:00\" \/>\n<meta name=\"twitter:card\" content=\"summary_large_image\" \/>\n<meta name=\"twitter:label1\" content=\"Tiempo de lectura\" \/>\n\t<meta name=\"twitter:data1\" content=\"3 minutos\" \/>\n<script type=\"application\/ld+json\" class=\"yoast-schema-graph\">{\"@context\":\"https:\/\/schema.org\",\"@graph\":[{\"@type\":\"WebSite\",\"@id\":\"https:\/\/www.assesso.com.br\/#website\",\"url\":\"https:\/\/www.assesso.com.br\/\",\"name\":\"Assesso - Espa\u00f1ol\",\"description\":\"Conectando dados a decis\u00f5es\",\"potentialAction\":[{\"@type\":\"SearchAction\",\"target\":{\"@type\":\"EntryPoint\",\"urlTemplate\":\"https:\/\/www.assesso.com.br\/?s={search_term_string}\"},\"query-input\":\"required name=search_term_string\"}],\"inLanguage\":\"es\"},{\"@type\":\"WebPage\",\"@id\":\"https:\/\/www.assesso.com.br\/es\/data-driven\/#webpage\",\"url\":\"https:\/\/www.assesso.com.br\/es\/data-driven\/\",\"name\":\"Data-driven - Assesso - Espa\u00f1ol\",\"isPartOf\":{\"@id\":\"https:\/\/www.assesso.com.br\/#website\"},\"datePublished\":\"2021-08-12T19:37:59+00:00\",\"dateModified\":\"2022-03-29T13:59:10+00:00\",\"breadcrumb\":{\"@id\":\"https:\/\/www.assesso.com.br\/es\/data-driven\/#breadcrumb\"},\"inLanguage\":\"es\",\"potentialAction\":[{\"@type\":\"ReadAction\",\"target\":[\"https:\/\/www.assesso.com.br\/es\/data-driven\/\"]}]},{\"@type\":\"BreadcrumbList\",\"@id\":\"https:\/\/www.assesso.com.br\/es\/data-driven\/#breadcrumb\",\"itemListElement\":[{\"@type\":\"ListItem\",\"position\":1,\"name\":\"In\u00edcio\",\"item\":\"https:\/\/www.assesso.com.br\/es\/\"},{\"@type\":\"ListItem\",\"position\":2,\"name\":\"Data-driven\"}]}]}<\/script>\n<!-- \/ Yoast SEO plugin. -->","yoast_head_json":{"title":"Data-driven - Assesso - Espa\u00f1ol","robots":{"index":"index","follow":"follow","max-snippet":"max-snippet:-1","max-image-preview":"max-image-preview:large","max-video-preview":"max-video-preview:-1"},"canonical":"https:\/\/www.assesso.com.br\/es\/data-driven\/","og_locale":"es_ES","og_type":"article","og_title":"Data-driven - Assesso - Espa\u00f1ol","og_description":"[vc_row padding_top_multiplier=&#8221;2x&#8221;][vc_column][vc_column_text] Convertirse en una compa\u00f1\u00eda basada por datos. Las compa\u00f1\u00edas basadas en datos requieren una gesti\u00f3n de datos precisa, ya que la calidad de los datos tiene un gran impacto en los an\u00e1lisis y en la fiabilidad. Los beneficios son innegables: mejores decisiones de gesti\u00f3n en todos los niveles, mejores decisiones estrat\u00e9gicas y conocimientos [&hellip;]","og_url":"https:\/\/www.assesso.com.br\/es\/data-driven\/","og_site_name":"Assesso - Espa\u00f1ol","article_modified_time":"2022-03-29T13:59:10+00:00","twitter_card":"summary_large_image","twitter_misc":{"Tiempo de lectura":"3 minutos"},"schema":{"@context":"https:\/\/schema.org","@graph":[{"@type":"WebSite","@id":"https:\/\/www.assesso.com.br\/#website","url":"https:\/\/www.assesso.com.br\/","name":"Assesso - Espa\u00f1ol","description":"Conectando dados a decis\u00f5es","potentialAction":[{"@type":"SearchAction","target":{"@type":"EntryPoint","urlTemplate":"https:\/\/www.assesso.com.br\/?s={search_term_string}"},"query-input":"required name=search_term_string"}],"inLanguage":"es"},{"@type":"WebPage","@id":"https:\/\/www.assesso.com.br\/es\/data-driven\/#webpage","url":"https:\/\/www.assesso.com.br\/es\/data-driven\/","name":"Data-driven - Assesso - Espa\u00f1ol","isPartOf":{"@id":"https:\/\/www.assesso.com.br\/#website"},"datePublished":"2021-08-12T19:37:59+00:00","dateModified":"2022-03-29T13:59:10+00:00","breadcrumb":{"@id":"https:\/\/www.assesso.com.br\/es\/data-driven\/#breadcrumb"},"inLanguage":"es","potentialAction":[{"@type":"ReadAction","target":["https:\/\/www.assesso.com.br\/es\/data-driven\/"]}]},{"@type":"BreadcrumbList","@id":"https:\/\/www.assesso.com.br\/es\/data-driven\/#breadcrumb","itemListElement":[{"@type":"ListItem","position":1,"name":"In\u00edcio","item":"https:\/\/www.assesso.com.br\/es\/"},{"@type":"ListItem","position":2,"name":"Data-driven"}]}]}},"_links":{"self":[{"href":"https:\/\/www.assesso.com.br\/es\/wp-json\/wp\/v2\/pages\/1522","targetHints":{"allow":["GET"]}}],"collection":[{"href":"https:\/\/www.assesso.com.br\/es\/wp-json\/wp\/v2\/pages"}],"about":[{"href":"https:\/\/www.assesso.com.br\/es\/wp-json\/wp\/v2\/types\/page"}],"author":[{"embeddable":true,"href":"https:\/\/www.assesso.com.br\/es\/wp-json\/wp\/v2\/users\/10"}],"replies":[{"embeddable":true,"href":"https:\/\/www.assesso.com.br\/es\/wp-json\/wp\/v2\/comments?post=1522"}],"version-history":[{"count":10,"href":"https:\/\/www.assesso.com.br\/es\/wp-json\/wp\/v2\/pages\/1522\/revisions"}],"predecessor-version":[{"id":2182,"href":"https:\/\/www.assesso.com.br\/es\/wp-json\/wp\/v2\/pages\/1522\/revisions\/2182"}],"wp:attachment":[{"href":"https:\/\/www.assesso.com.br\/es\/wp-json\/wp\/v2\/media?parent=1522"}],"curies":[{"name":"wp","href":"https:\/\/api.w.org\/{rel}","templated":true}]}}