{"id":1580,"date":"2021-09-08T22:46:39","date_gmt":"2021-09-09T01:46:39","guid":{"rendered":"http:\/\/es.www.assesso.com.br\/?page_id=1580"},"modified":"2022-02-10T18:00:47","modified_gmt":"2022-02-10T21:00:47","slug":"mdm-de-clientes","status":"publish","type":"page","link":"https:\/\/www.assesso.com.br\/es\/mdm-de-clientes\/","title":{"rendered":"MDM de Clientes"},"content":{"rendered":"<p>[vc_row][vc_column width=&#8221;2\/3&#8243;]<style type=\"text\/css\">.grve-title-gradient.grve-title-69d4bedec0b57 > span,.grve-title-gradient.grve-title-69d4bedec0b57 .grve-clipping-content > span {color: #dd3333;background-image: -moz-linear-gradient(-45deg, #dd3333 0%, #D0021B 100%);background-image: -webkit-linear-gradient(-45deg, #dd3333 0%, #D0021B 100%);background-image: linear-gradient(135deg, #dd3333 0%, #D0021B 100%);}<\/style><h2 class=\"grve-element grve-title grve-align-left grve-h2 grve-increase-heading grve-heading-120 grve-title-gradient grve-title-69d4bedec0b57\" style=\"margin-bottom: 20px;\"><span>Gesti\u00f3n de Datos Maestros<br \/>\nde Personas F\u00edsicas y Jur\u00eddicas<\/span><\/h2>[vc_column_text]Los datos de registros, tambi\u00e9n llamados datos maestros, comprenden informaci\u00f3n sobre clientes, socios, proveedores y empleados. Para que puedan fornecer conocimento y soporten la operaci\u00f3n, deben estar estandarizados, calificados y unificados, de manera que puedan ser compartidos y consumidos por todas las \u00e1reas de la empresa.<\/p>\n<p>Gesti\u00f3n de datos maestros \u2013 MDM \u2013 consolida los datos de registro recopilados de todas las fuentes disponibles en la organizaci\u00f3n, tales como: departamentos de ventas, comercio electr\u00f3nico, servicio al cliente, financiero y legal. MDM tambi\u00e9n permite la integraci\u00f3n de los diversos canales de venta y relaci\u00f3n con el cliente utilizados por las empresas, como tiendas f\u00edsicas, web, m\u00f3vil, correo electr\u00f3nico y otros tipos de interacci\u00f3n.[\/vc_column_text][\/vc_column][vc_column width=&#8221;1\/3&#8243;]<div class=\"grve-element grve-image grve-align-center\" style=\"\">  <div class=\"grve-image-wrapper\"><img loading=\"lazy\" decoding=\"async\" width=\"350\" height=\"350\" src=\"https:\/\/www.assesso.com.br\/es\/wp-content\/uploads\/3\/2021\/09\/masterdata.png\" class=\"attachment-full size-full\" alt=\"\" srcset=\"https:\/\/www.assesso.com.br\/es\/wp-content\/uploads\/3\/2021\/09\/masterdata.png 350w, https:\/\/www.assesso.com.br\/es\/wp-content\/uploads\/3\/2021\/09\/masterdata-300x300.png 300w, https:\/\/www.assesso.com.br\/es\/wp-content\/uploads\/3\/2021\/09\/masterdata-150x150.png 150w\" sizes=\"auto, (max-width: 350px) 100vw, 350px\" \/>   <\/div><\/div>[\/vc_column][\/vc_row][vc_row padding_top_multiplier=&#8221;3x&#8221; padding_bottom_multiplier=&#8221;3x&#8221;][vc_column width=&#8221;1\/3&#8243;]<style type=\"text\/css\">.grve-title-gradient.grve-title-69d4bedec103e > span,.grve-title-gradient.grve-title-69d4bedec103e .grve-clipping-content > span {color: #dd3333;background-image: -moz-linear-gradient(-45deg, #dd3333 0%, #D0021B 100%);background-image: -webkit-linear-gradient(-45deg, #dd3333 0%, #D0021B 100%);background-image: linear-gradient(135deg, #dd3333 0%, #D0021B 100%);}<\/style><h3 class=\"grve-element grve-title grve-align-center grve-animated-item grve-duration-normal grve-fade-in-up grve-h3 grve-increase-heading grve-heading-140 grve-title-gradient grve-title-69d4bedec103e\" style=\"margin-bottom: 20px;\" data-delay=\"200\"><span>\u00bfQu\u00e9 es la Gesti\u00f3n de Datos Maestros?<\/span><\/h3>[\/vc_column][vc_column width=&#8221;2\/3&#8243;][vc_column_text]MDM califica, estandariza, unifica los datos maestros y brinda flexibilidad para la integraci\u00f3n de los datos con los sistemas consumidores. Los proyectos de MDM de Assesso aplican una metodolog\u00eda basada en los conceptos y fundamentos del programa Director de Datos y Calidad de la Informaci\u00f3n del MIT, que permite mapear el flujo de la informaci\u00f3n; diagn\u00f3stico de la calidad de la informaci\u00f3n; y definici\u00f3n de todas las reglas de negocio para el procesamiento, unificaci\u00f3n y consolidaci\u00f3n de los datos que componen un entorno de gesti\u00f3n de datos maestros.[\/vc_column_text][\/vc_column][\/vc_row][vc_row padding_top_multiplier=&#8221;2x&#8221; padding_bottom_multiplier=&#8221;2x&#8221;][vc_column width=&#8221;1\/2&#8243;][vc_column_text]<\/p>\n<h3>Simplifique con Datacare<\/h3>\n<p>A trav\u00e9s de Datacare, Assesso es capaz de hacer frente a su complejidad operativa de manera sencilla, integrando la informaci\u00f3n de todos sus canales en una \u00fanica plataforma.<\/p>\n<p>Datacare recopila los datos necesarios para tomar decisiones estrat\u00e9gicas. Con datos consolidados y validados, podr\u00e1 analizar y comprender los diferentes perfiles de clientes que atiende su empresa, as\u00ed como sus preferencias y h\u00e1bitos de consumo.[\/vc_column_text][\/vc_column][vc_column width=&#8221;1\/2&#8243;][vc_column_text]<\/p>\n<h3>Cuente con nuestra experiencia<\/h3>\n<p>Assesso aplica una metodolog\u00eda desarrollada a partir del programa Director de datos y calidad de la informaci\u00f3n en MIT, para contemplar la principal estrategia corporativa que ha sido, cada vez m\u00e1s, mejorar continuamente las acciones de relaci\u00f3n, para que sean cada vez m\u00e1s persuasivas, sofisticadas y centradas en sus cliente.<\/p>\n<p>Hable con nosotros y conozca varios casos de c\u00f3mo Assesso transform\u00f3 la gesti\u00f3n de datos y gener\u00f3 varios conocimientos para mejorar en varias \u00e1reas.[\/vc_column_text][\/vc_column][\/vc_row][vc_row padding_top_multiplier=&#8221;2x&#8221; padding_bottom_multiplier=&#8221;2x&#8221;][vc_column]<div class=\"grve-element grve-callout grve-animated-item grve-zoom-in grve-duration-normal grve-btn-right\" style=\"\" data-delay=\"200\">  <div class=\"grve-callout-wrapper\"><h3 class=\"grve-callout-content grve-h3\">Consolide datos de particulares y empresas<\/h3>    <p class=\"\">Si desea conducir a su empresa a un nuevo nivel de inteligencia basada en datos, programe una charla con Assesso y sepa todo lo que Datacare puede hacer por usted.<\/p>  <\/div>  <div class=\"grve-button-wrapper\"><a href=\"\/es\/contato\" class=\"grve-btn grve-btn-large grve-shadow-small grve-extra-round grve-bg-primary-1 grve-bg-hover-black\"><span>PROGRAMAR UNA CHARLA<\/span><\/a>  <\/div><\/div>[\/vc_column][\/vc_row]<\/p>\n","protected":false},"excerpt":{"rendered":"<p>[vc_row][vc_column width=&#8221;2\/3&#8243;][vc_column_text]Los datos de registros, tambi\u00e9n llamados datos maestros, comprenden informaci\u00f3n sobre clientes, socios, proveedores y empleados. Para que puedan fornecer conocimento y soporten la operaci\u00f3n, deben estar estandarizados, calificados y unificados, de manera que puedan ser compartidos y consumidos por todas las \u00e1reas de la empresa. Gesti\u00f3n de datos maestros \u2013 MDM \u2013 consolida [&hellip;]<\/p>\n","protected":false},"author":10,"featured_media":0,"parent":0,"menu_order":0,"comment_status":"closed","ping_status":"closed","template":"","meta":{"footnotes":""},"class_list":["post-1580","page","type-page","status-publish","hentry"],"yoast_head":"<!-- This site is optimized with the Yoast SEO plugin v18.0 - https:\/\/yoast.com\/wordpress\/plugins\/seo\/ -->\n<title>MDM de Clientes - Assesso - Espa\u00f1ol<\/title>\n<meta name=\"robots\" content=\"index, follow, max-snippet:-1, max-image-preview:large, max-video-preview:-1\" \/>\n<link rel=\"canonical\" href=\"https:\/\/www.assesso.com.br\/es\/mdm-de-clientes\/\" \/>\n<meta property=\"og:locale\" content=\"es_ES\" \/>\n<meta property=\"og:type\" content=\"article\" \/>\n<meta property=\"og:title\" content=\"MDM de Clientes - Assesso - Espa\u00f1ol\" \/>\n<meta property=\"og:description\" content=\"[vc_row][vc_column width=&#8221;2\/3&#8243;][vc_column_text]Los datos de registros, tambi\u00e9n llamados datos maestros, comprenden informaci\u00f3n sobre clientes, socios, proveedores y empleados. Para que puedan fornecer conocimento y soporten la operaci\u00f3n, deben estar estandarizados, calificados y unificados, de manera que puedan ser compartidos y consumidos por todas las \u00e1reas de la empresa. Gesti\u00f3n de datos maestros \u2013 MDM \u2013 consolida [&hellip;]\" \/>\n<meta property=\"og:url\" content=\"https:\/\/www.assesso.com.br\/es\/mdm-de-clientes\/\" \/>\n<meta property=\"og:site_name\" content=\"Assesso - Espa\u00f1ol\" \/>\n<meta property=\"article:modified_time\" content=\"2022-02-10T21:00:47+00:00\" \/>\n<meta name=\"twitter:card\" content=\"summary_large_image\" \/>\n<meta name=\"twitter:label1\" content=\"Tiempo de lectura\" \/>\n\t<meta name=\"twitter:data1\" content=\"2 minutos\" \/>\n<script type=\"application\/ld+json\" class=\"yoast-schema-graph\">{\"@context\":\"https:\/\/schema.org\",\"@graph\":[{\"@type\":\"WebSite\",\"@id\":\"https:\/\/www.assesso.com.br\/#website\",\"url\":\"https:\/\/www.assesso.com.br\/\",\"name\":\"Assesso - Espa\u00f1ol\",\"description\":\"Conectando dados a decis\u00f5es\",\"potentialAction\":[{\"@type\":\"SearchAction\",\"target\":{\"@type\":\"EntryPoint\",\"urlTemplate\":\"https:\/\/www.assesso.com.br\/?s={search_term_string}\"},\"query-input\":\"required name=search_term_string\"}],\"inLanguage\":\"es\"},{\"@type\":\"WebPage\",\"@id\":\"https:\/\/www.assesso.com.br\/es\/mdm-de-clientes\/#webpage\",\"url\":\"https:\/\/www.assesso.com.br\/es\/mdm-de-clientes\/\",\"name\":\"MDM de Clientes - Assesso - Espa\u00f1ol\",\"isPartOf\":{\"@id\":\"https:\/\/www.assesso.com.br\/#website\"},\"datePublished\":\"2021-09-09T01:46:39+00:00\",\"dateModified\":\"2022-02-10T21:00:47+00:00\",\"breadcrumb\":{\"@id\":\"https:\/\/www.assesso.com.br\/es\/mdm-de-clientes\/#breadcrumb\"},\"inLanguage\":\"es\",\"potentialAction\":[{\"@type\":\"ReadAction\",\"target\":[\"https:\/\/www.assesso.com.br\/es\/mdm-de-clientes\/\"]}]},{\"@type\":\"BreadcrumbList\",\"@id\":\"https:\/\/www.assesso.com.br\/es\/mdm-de-clientes\/#breadcrumb\",\"itemListElement\":[{\"@type\":\"ListItem\",\"position\":1,\"name\":\"In\u00edcio\",\"item\":\"https:\/\/www.assesso.com.br\/es\/\"},{\"@type\":\"ListItem\",\"position\":2,\"name\":\"MDM de Clientes\"}]}]}<\/script>\n<!-- \/ Yoast SEO plugin. -->","yoast_head_json":{"title":"MDM de Clientes - Assesso - Espa\u00f1ol","robots":{"index":"index","follow":"follow","max-snippet":"max-snippet:-1","max-image-preview":"max-image-preview:large","max-video-preview":"max-video-preview:-1"},"canonical":"https:\/\/www.assesso.com.br\/es\/mdm-de-clientes\/","og_locale":"es_ES","og_type":"article","og_title":"MDM de Clientes - Assesso - Espa\u00f1ol","og_description":"[vc_row][vc_column width=&#8221;2\/3&#8243;][vc_column_text]Los datos de registros, tambi\u00e9n llamados datos maestros, comprenden informaci\u00f3n sobre clientes, socios, proveedores y empleados. Para que puedan fornecer conocimento y soporten la operaci\u00f3n, deben estar estandarizados, calificados y unificados, de manera que puedan ser compartidos y consumidos por todas las \u00e1reas de la empresa. Gesti\u00f3n de datos maestros \u2013 MDM \u2013 consolida [&hellip;]","og_url":"https:\/\/www.assesso.com.br\/es\/mdm-de-clientes\/","og_site_name":"Assesso - Espa\u00f1ol","article_modified_time":"2022-02-10T21:00:47+00:00","twitter_card":"summary_large_image","twitter_misc":{"Tiempo de lectura":"2 minutos"},"schema":{"@context":"https:\/\/schema.org","@graph":[{"@type":"WebSite","@id":"https:\/\/www.assesso.com.br\/#website","url":"https:\/\/www.assesso.com.br\/","name":"Assesso - Espa\u00f1ol","description":"Conectando dados a decis\u00f5es","potentialAction":[{"@type":"SearchAction","target":{"@type":"EntryPoint","urlTemplate":"https:\/\/www.assesso.com.br\/?s={search_term_string}"},"query-input":"required name=search_term_string"}],"inLanguage":"es"},{"@type":"WebPage","@id":"https:\/\/www.assesso.com.br\/es\/mdm-de-clientes\/#webpage","url":"https:\/\/www.assesso.com.br\/es\/mdm-de-clientes\/","name":"MDM de Clientes - Assesso - Espa\u00f1ol","isPartOf":{"@id":"https:\/\/www.assesso.com.br\/#website"},"datePublished":"2021-09-09T01:46:39+00:00","dateModified":"2022-02-10T21:00:47+00:00","breadcrumb":{"@id":"https:\/\/www.assesso.com.br\/es\/mdm-de-clientes\/#breadcrumb"},"inLanguage":"es","potentialAction":[{"@type":"ReadAction","target":["https:\/\/www.assesso.com.br\/es\/mdm-de-clientes\/"]}]},{"@type":"BreadcrumbList","@id":"https:\/\/www.assesso.com.br\/es\/mdm-de-clientes\/#breadcrumb","itemListElement":[{"@type":"ListItem","position":1,"name":"In\u00edcio","item":"https:\/\/www.assesso.com.br\/es\/"},{"@type":"ListItem","position":2,"name":"MDM de Clientes"}]}]}},"_links":{"self":[{"href":"https:\/\/www.assesso.com.br\/es\/wp-json\/wp\/v2\/pages\/1580","targetHints":{"allow":["GET"]}}],"collection":[{"href":"https:\/\/www.assesso.com.br\/es\/wp-json\/wp\/v2\/pages"}],"about":[{"href":"https:\/\/www.assesso.com.br\/es\/wp-json\/wp\/v2\/types\/page"}],"author":[{"embeddable":true,"href":"https:\/\/www.assesso.com.br\/es\/wp-json\/wp\/v2\/users\/10"}],"replies":[{"embeddable":true,"href":"https:\/\/www.assesso.com.br\/es\/wp-json\/wp\/v2\/comments?post=1580"}],"version-history":[{"count":17,"href":"https:\/\/www.assesso.com.br\/es\/wp-json\/wp\/v2\/pages\/1580\/revisions"}],"predecessor-version":[{"id":2131,"href":"https:\/\/www.assesso.com.br\/es\/wp-json\/wp\/v2\/pages\/1580\/revisions\/2131"}],"wp:attachment":[{"href":"https:\/\/www.assesso.com.br\/es\/wp-json\/wp\/v2\/media?parent=1580"}],"curies":[{"name":"wp","href":"https:\/\/api.w.org\/{rel}","templated":true}]}}