{"id":1598,"date":"2021-09-08T23:21:21","date_gmt":"2021-09-09T02:21:21","guid":{"rendered":"http:\/\/es.www.assesso.com.br\/?page_id=1598"},"modified":"2022-03-29T11:06:04","modified_gmt":"2022-03-29T14:06:04","slug":"consultoria","status":"publish","type":"page","link":"https:\/\/www.assesso.com.br\/es\/consultoria\/","title":{"rendered":"Consultor\u00eda"},"content":{"rendered":"<p>[vc_row section_id=&#8221;plataforma&#8221;][vc_column][vc_row_inner][vc_column_inner width=&#8221;1\/3&#8243;]<div class=\"grve-element grve-image grve-animated-item grve-duration-normal grve-fade-in-left-big grve-align-center\" style=\"margin-bottom: 20px;\" data-delay=\"200\">  <div class=\"grve-image-wrapper\"><img loading=\"lazy\" decoding=\"async\" width=\"900\" height=\"750\" src=\"https:\/\/www.assesso.com.br\/es\/wp-content\/uploads\/3\/2021\/09\/data-platform.png\" class=\"attachment-full size-full\" alt=\"\" srcset=\"https:\/\/www.assesso.com.br\/es\/wp-content\/uploads\/3\/2021\/09\/data-platform.png 900w, https:\/\/www.assesso.com.br\/es\/wp-content\/uploads\/3\/2021\/09\/data-platform-300x250.png 300w, https:\/\/www.assesso.com.br\/es\/wp-content\/uploads\/3\/2021\/09\/data-platform-768x640.png 768w\" sizes=\"auto, (max-width: 900px) 100vw, 900px\" \/>   <\/div><\/div>[\/vc_column_inner][vc_column_inner width=&#8221;2\/3&#8243;]<style type=\"text\/css\">.grve-title-gradient.grve-title-6a009298db7aa > span,.grve-title-gradient.grve-title-6a009298db7aa .grve-clipping-content > span {color: #dd3333;background-image: -moz-linear-gradient(-45deg, #dd3333 0%, #003a40 100%);background-image: -webkit-linear-gradient(-45deg, #dd3333 0%, #003a40 100%);background-image: linear-gradient(135deg, #dd3333 0%, #003a40 100%);}<\/style><h3 class=\"grve-element grve-title grve-align-left grve-animated-item grve-duration-normal grve-fade-in-up grve-h2 grve-title-gradient grve-title-6a009298db7aa\" style=\"margin-bottom: 20px;\" data-delay=\"200\"><span>Plataforma de Datos Empresariales<\/span><\/h3>[vc_column_text]Metodolog\u00eda basada en los conceptos y fundamentos del programa Chief Data Officer &amp; Information Quality del MIT para apoyar la construcci\u00f3n de entornos de datos corporativos sobre bases s\u00f3lidas. Ya sea para Big Data, BI &amp; Analytics, CRM, operaciones o toma de decisiones, las estructuras de datos compartidos como Data Lakes, Data Warehouse o MDM deben apoyarse en la integraci\u00f3n de informaciones v\u00e1lidas, confiables y de calidad que est\u00e9n disponibles en el momento adecuado.[\/vc_column_text][\/vc_column_inner][\/vc_row_inner][\/vc_column][\/vc_row][vc_row section_id=&#8221;governanca&#8221;][vc_column]<style type=\"text\/css\">.grve-title-gradient.grve-title-6a009298db7de > span,.grve-title-gradient.grve-title-6a009298db7de .grve-clipping-content > span {color: #dd3333;background-image: -moz-linear-gradient(-45deg, #dd3333 0%, #003a40 100%);background-image: -webkit-linear-gradient(-45deg, #dd3333 0%, #003a40 100%);background-image: linear-gradient(135deg, #dd3333 0%, #003a40 100%);}<\/style><h3 class=\"grve-element grve-title grve-align-left grve-animated-item grve-duration-normal grve-fade-in-up grve-h2 grve-title-gradient grve-title-6a009298db7de\" style=\"margin-bottom: 20px;\" data-delay=\"200\"><span>Gesti\u00f3n y Gobernancia de Datos<\/span><\/h3>[vc_row_inner][vc_column_inner width=&#8221;2\/3&#8243;][vc_column_text]La gesti\u00f3n de datos es esencial para garantizar que la informaci\u00f3n sea confiable y genere buenos conocimientos. Assesso ayuda a su empresa a lograr el Gobierno de Datos, haciendo de la informaci\u00f3n un activo valioso de la organizaci\u00f3n y brindando varios beneficios:<\/p>\n<ul>\n<li>Alineamiento con la estrategia de negocio<\/li>\n<li>Mejora de la disponibilidad y de la calidad de datos<\/li>\n<li>Patrones de adquisici\u00f3n, mantenimiento y uso de datos<\/li>\n<li>Garant\u00eda de acceso a los datos solo para quienes los necesitan y en el momento adecuado<\/li>\n<li>Cumplimiento a la LGPD y de los est\u00e1ndares regulatorios de su industria<\/li>\n<\/ul>\n<p>[\/vc_column_text][\/vc_column_inner][vc_column_inner width=&#8221;1\/3&#8243;]<div class=\"grve-element grve-image grve-animated-item grve-duration-normal grve-fade-in-right-big grve-align-center\" style=\"margin-bottom: 20px;\" data-delay=\"200\">  <div class=\"grve-image-wrapper\"><img loading=\"lazy\" decoding=\"async\" width=\"1500\" height=\"1127\" src=\"https:\/\/www.assesso.com.br\/es\/wp-content\/uploads\/3\/2021\/09\/master-data-management-benefits.png\" class=\"attachment-full size-full\" alt=\"\" srcset=\"https:\/\/www.assesso.com.br\/es\/wp-content\/uploads\/3\/2021\/09\/master-data-management-benefits.png 1500w, https:\/\/www.assesso.com.br\/es\/wp-content\/uploads\/3\/2021\/09\/master-data-management-benefits-300x225.png 300w, https:\/\/www.assesso.com.br\/es\/wp-content\/uploads\/3\/2021\/09\/master-data-management-benefits-1024x769.png 1024w, https:\/\/www.assesso.com.br\/es\/wp-content\/uploads\/3\/2021\/09\/master-data-management-benefits-768x577.png 768w, https:\/\/www.assesso.com.br\/es\/wp-content\/uploads\/3\/2021\/09\/master-data-management-benefits-560x420.png 560w, https:\/\/www.assesso.com.br\/es\/wp-content\/uploads\/3\/2021\/09\/master-data-management-benefits-900x675.png 900w\" sizes=\"auto, (max-width: 1500px) 100vw, 1500px\" \/>   <\/div><\/div>[\/vc_column_inner][\/vc_row_inner][\/vc_column][\/vc_row][vc_row section_id=&#8221;lgpd&#8221;][vc_column][vc_row_inner][vc_column_inner width=&#8221;1\/3&#8243;]<div class=\"grve-element grve-image grve-animated-item grve-duration-normal grve-fade-in-left-big grve-align-center\" style=\"margin-bottom: 20px;\" data-delay=\"200\">  <div class=\"grve-image-wrapper\"><img loading=\"lazy\" decoding=\"async\" width=\"400\" height=\"400\" src=\"https:\/\/www.assesso.com.br\/es\/wp-content\/uploads\/3\/2021\/09\/compliance.png\" class=\"attachment-full size-full\" alt=\"\" srcset=\"https:\/\/www.assesso.com.br\/es\/wp-content\/uploads\/3\/2021\/09\/compliance.png 400w, https:\/\/www.assesso.com.br\/es\/wp-content\/uploads\/3\/2021\/09\/compliance-300x300.png 300w, https:\/\/www.assesso.com.br\/es\/wp-content\/uploads\/3\/2021\/09\/compliance-150x150.png 150w\" sizes=\"auto, (max-width: 400px) 100vw, 400px\" \/>   <\/div><\/div>[\/vc_column_inner][vc_column_inner width=&#8221;2\/3&#8243;]<style type=\"text\/css\">.grve-title-gradient.grve-title-6a009298dbedf > span,.grve-title-gradient.grve-title-6a009298dbedf .grve-clipping-content > span {color: #dd3333;background-image: -moz-linear-gradient(-45deg, #dd3333 0%, #003a40 100%);background-image: -webkit-linear-gradient(-45deg, #dd3333 0%, #003a40 100%);background-image: linear-gradient(135deg, #dd3333 0%, #003a40 100%);}<\/style><h3 class=\"grve-element grve-title grve-align-left grve-animated-item grve-duration-normal grve-fade-in-up grve-h2 grve-title-gradient grve-title-6a009298dbedf\" style=\"margin-bottom: 20px;\" data-delay=\"200\"><span>Adequaci\u00f3n a la LGPD<\/span><\/h3>[vc_column_text]La adecuaci\u00f3n a la LGPD y RGPD es un proceso continuo que requiere un amplio control sobre la recopilaci\u00f3n y el intercambio de datos. Adem\u00e1s de las medidas de seguridad, se requiere un control claro de los datos personales a lo largo de la cadena de procesamiento. Assesso puede ayudarle a tener un control integral, con datos centralizados y procesados, con una visi\u00f3n \u00fanica de la persona y total dominio sobre la informaci\u00f3n almacenada.[\/vc_column_text][\/vc_column_inner][\/vc_row_inner][\/vc_column][\/vc_row][vc_row padding_top_multiplier=&#8221;2x&#8221; padding_bottom_multiplier=&#8221;2x&#8221; columns_gap=&#8221;60&#8243;][vc_column width=&#8221;1\/2&#8243;][vc_column_text]<\/p>\n<h3>Simplifique con Datacare<\/h3>\n<p>A trav\u00e9s de Datacare, Assesso es capaz de hacer frente a su complejidad operativa de manera sencilla, integrando la informaci\u00f3n de todos sus canales en una \u00fanica plataforma.<\/p>\n<p>Datacare recopila los datos necesarios para toma de decisiones estrat\u00e9gicas. Con datos consolidados y validados, podr\u00e1 analizar y compreender los diferentes perfiles de clientes a los que su empresa atiende, as\u00ed como sus preferencias y h\u00e1bitos de consumo.[\/vc_column_text][\/vc_column][vc_column width=&#8221;1\/2&#8243;][vc_column_text]<\/p>\n<h3>Cuente con nuestra experiencia<\/h3>\n<p>Assesso aplica una metodolog\u00eda desarrollada a partir del programa Director de datos y calidad de la informaci\u00f3n en MIT, para contemplar la principal estrategia corporativa que ha sido, cada vez m\u00e1s, mejorar continuamente las acciones de relaci\u00f3n, para que sean cada vez m\u00e1s persuasivas, sofisticadas y centradas en sus cliente.<\/p>\n<p>Hable con nosotros y conozca varios casos de c\u00f3mo Assesso transform\u00f3 la gesti\u00f3n de datos y gener\u00f3 varios conocimientos para mejorar en varias \u00e1reas.[\/vc_column_text][\/vc_column][\/vc_row][vc_row][vc_column]<div class=\"grve-element grve-callout grve-btn-right\" style=\"\">  <div class=\"grve-callout-wrapper\"><h3 class=\"grve-callout-content grve-h3\">Tenga una visi\u00f3n unificada de su cliente<\/h3>    <p class=\"\">Si desea llevar a su empresa a un nuevo nivel de inteligencia basada en datos, programe una conversaci\u00f3n con Assesso y sepa todo lo que Datacare puede hacer por usted.<\/p>  <\/div>  <div class=\"grve-button-wrapper\"><a href=\"\/es\/contato\" class=\"grve-btn grve-btn-large grve-extra-round grve-bg-primary-1 grve-bg-hover-primary-1\"><span>PROGRAMAR UNA CHARLA<\/span><\/a>  <\/div><\/div>[\/vc_column][\/vc_row]<\/p>\n","protected":false},"excerpt":{"rendered":"<p>[vc_row section_id=&#8221;plataforma&#8221;][vc_column][vc_row_inner][vc_column_inner width=&#8221;1\/3&#8243;][\/vc_column_inner][vc_column_inner width=&#8221;2\/3&#8243;][vc_column_text]Metodolog\u00eda basada en los conceptos y fundamentos del programa Chief Data Officer &amp; Information Quality del MIT para apoyar la construcci\u00f3n de entornos de datos corporativos sobre bases s\u00f3lidas. Ya sea para Big Data, BI &amp; Analytics, CRM, operaciones o toma de decisiones, las estructuras de datos compartidos como Data Lakes, Data [&hellip;]<\/p>\n","protected":false},"author":10,"featured_media":0,"parent":0,"menu_order":0,"comment_status":"closed","ping_status":"closed","template":"","meta":{"footnotes":""},"class_list":["post-1598","page","type-page","status-publish","hentry"],"yoast_head":"<!-- This site is optimized with the Yoast SEO plugin v18.0 - https:\/\/yoast.com\/wordpress\/plugins\/seo\/ -->\n<title>Consultor\u00eda - Assesso - Espa\u00f1ol<\/title>\n<meta name=\"robots\" content=\"index, follow, max-snippet:-1, max-image-preview:large, max-video-preview:-1\" \/>\n<link rel=\"canonical\" href=\"https:\/\/www.assesso.com.br\/es\/consultoria\/\" \/>\n<meta property=\"og:locale\" content=\"es_ES\" \/>\n<meta property=\"og:type\" content=\"article\" \/>\n<meta property=\"og:title\" content=\"Consultor\u00eda - Assesso - Espa\u00f1ol\" \/>\n<meta property=\"og:description\" content=\"[vc_row section_id=&#8221;plataforma&#8221;][vc_column][vc_row_inner][vc_column_inner width=&#8221;1\/3&#8243;][\/vc_column_inner][vc_column_inner width=&#8221;2\/3&#8243;][vc_column_text]Metodolog\u00eda basada en los conceptos y fundamentos del programa Chief Data Officer &amp; Information Quality del MIT para apoyar la construcci\u00f3n de entornos de datos corporativos sobre bases s\u00f3lidas. Ya sea para Big Data, BI &amp; Analytics, CRM, operaciones o toma de decisiones, las estructuras de datos compartidos como Data Lakes, Data [&hellip;]\" \/>\n<meta property=\"og:url\" content=\"https:\/\/www.assesso.com.br\/es\/consultoria\/\" \/>\n<meta property=\"og:site_name\" content=\"Assesso - Espa\u00f1ol\" \/>\n<meta property=\"article:modified_time\" content=\"2022-03-29T14:06:04+00:00\" \/>\n<meta name=\"twitter:card\" content=\"summary_large_image\" \/>\n<meta name=\"twitter:label1\" content=\"Tiempo de lectura\" \/>\n\t<meta name=\"twitter:data1\" content=\"3 minutos\" \/>\n<script type=\"application\/ld+json\" class=\"yoast-schema-graph\">{\"@context\":\"https:\/\/schema.org\",\"@graph\":[{\"@type\":\"WebSite\",\"@id\":\"https:\/\/www.assesso.com.br\/#website\",\"url\":\"https:\/\/www.assesso.com.br\/\",\"name\":\"Assesso - Espa\u00f1ol\",\"description\":\"Conectando dados a decis\u00f5es\",\"potentialAction\":[{\"@type\":\"SearchAction\",\"target\":{\"@type\":\"EntryPoint\",\"urlTemplate\":\"https:\/\/www.assesso.com.br\/?s={search_term_string}\"},\"query-input\":\"required name=search_term_string\"}],\"inLanguage\":\"es\"},{\"@type\":\"WebPage\",\"@id\":\"https:\/\/www.assesso.com.br\/es\/consultoria\/#webpage\",\"url\":\"https:\/\/www.assesso.com.br\/es\/consultoria\/\",\"name\":\"Consultor\u00eda - Assesso - Espa\u00f1ol\",\"isPartOf\":{\"@id\":\"https:\/\/www.assesso.com.br\/#website\"},\"datePublished\":\"2021-09-09T02:21:21+00:00\",\"dateModified\":\"2022-03-29T14:06:04+00:00\",\"breadcrumb\":{\"@id\":\"https:\/\/www.assesso.com.br\/es\/consultoria\/#breadcrumb\"},\"inLanguage\":\"es\",\"potentialAction\":[{\"@type\":\"ReadAction\",\"target\":[\"https:\/\/www.assesso.com.br\/es\/consultoria\/\"]}]},{\"@type\":\"BreadcrumbList\",\"@id\":\"https:\/\/www.assesso.com.br\/es\/consultoria\/#breadcrumb\",\"itemListElement\":[{\"@type\":\"ListItem\",\"position\":1,\"name\":\"In\u00edcio\",\"item\":\"https:\/\/www.assesso.com.br\/es\/\"},{\"@type\":\"ListItem\",\"position\":2,\"name\":\"Consultor\u00eda\"}]}]}<\/script>\n<!-- \/ Yoast SEO plugin. -->","yoast_head_json":{"title":"Consultor\u00eda - Assesso - Espa\u00f1ol","robots":{"index":"index","follow":"follow","max-snippet":"max-snippet:-1","max-image-preview":"max-image-preview:large","max-video-preview":"max-video-preview:-1"},"canonical":"https:\/\/www.assesso.com.br\/es\/consultoria\/","og_locale":"es_ES","og_type":"article","og_title":"Consultor\u00eda - Assesso - Espa\u00f1ol","og_description":"[vc_row section_id=&#8221;plataforma&#8221;][vc_column][vc_row_inner][vc_column_inner width=&#8221;1\/3&#8243;][\/vc_column_inner][vc_column_inner width=&#8221;2\/3&#8243;][vc_column_text]Metodolog\u00eda basada en los conceptos y fundamentos del programa Chief Data Officer &amp; Information Quality del MIT para apoyar la construcci\u00f3n de entornos de datos corporativos sobre bases s\u00f3lidas. Ya sea para Big Data, BI &amp; Analytics, CRM, operaciones o toma de decisiones, las estructuras de datos compartidos como Data Lakes, Data [&hellip;]","og_url":"https:\/\/www.assesso.com.br\/es\/consultoria\/","og_site_name":"Assesso - Espa\u00f1ol","article_modified_time":"2022-03-29T14:06:04+00:00","twitter_card":"summary_large_image","twitter_misc":{"Tiempo de lectura":"3 minutos"},"schema":{"@context":"https:\/\/schema.org","@graph":[{"@type":"WebSite","@id":"https:\/\/www.assesso.com.br\/#website","url":"https:\/\/www.assesso.com.br\/","name":"Assesso - Espa\u00f1ol","description":"Conectando dados a decis\u00f5es","potentialAction":[{"@type":"SearchAction","target":{"@type":"EntryPoint","urlTemplate":"https:\/\/www.assesso.com.br\/?s={search_term_string}"},"query-input":"required name=search_term_string"}],"inLanguage":"es"},{"@type":"WebPage","@id":"https:\/\/www.assesso.com.br\/es\/consultoria\/#webpage","url":"https:\/\/www.assesso.com.br\/es\/consultoria\/","name":"Consultor\u00eda - Assesso - Espa\u00f1ol","isPartOf":{"@id":"https:\/\/www.assesso.com.br\/#website"},"datePublished":"2021-09-09T02:21:21+00:00","dateModified":"2022-03-29T14:06:04+00:00","breadcrumb":{"@id":"https:\/\/www.assesso.com.br\/es\/consultoria\/#breadcrumb"},"inLanguage":"es","potentialAction":[{"@type":"ReadAction","target":["https:\/\/www.assesso.com.br\/es\/consultoria\/"]}]},{"@type":"BreadcrumbList","@id":"https:\/\/www.assesso.com.br\/es\/consultoria\/#breadcrumb","itemListElement":[{"@type":"ListItem","position":1,"name":"In\u00edcio","item":"https:\/\/www.assesso.com.br\/es\/"},{"@type":"ListItem","position":2,"name":"Consultor\u00eda"}]}]}},"_links":{"self":[{"href":"https:\/\/www.assesso.com.br\/es\/wp-json\/wp\/v2\/pages\/1598","targetHints":{"allow":["GET"]}}],"collection":[{"href":"https:\/\/www.assesso.com.br\/es\/wp-json\/wp\/v2\/pages"}],"about":[{"href":"https:\/\/www.assesso.com.br\/es\/wp-json\/wp\/v2\/types\/page"}],"author":[{"embeddable":true,"href":"https:\/\/www.assesso.com.br\/es\/wp-json\/wp\/v2\/users\/10"}],"replies":[{"embeddable":true,"href":"https:\/\/www.assesso.com.br\/es\/wp-json\/wp\/v2\/comments?post=1598"}],"version-history":[{"count":23,"href":"https:\/\/www.assesso.com.br\/es\/wp-json\/wp\/v2\/pages\/1598\/revisions"}],"predecessor-version":[{"id":2186,"href":"https:\/\/www.assesso.com.br\/es\/wp-json\/wp\/v2\/pages\/1598\/revisions\/2186"}],"wp:attachment":[{"href":"https:\/\/www.assesso.com.br\/es\/wp-json\/wp\/v2\/media?parent=1598"}],"curies":[{"name":"wp","href":"https:\/\/api.w.org\/{rel}","templated":true}]}}