{"id":1613,"date":"2021-09-08T23:35:35","date_gmt":"2021-09-09T02:35:35","guid":{"rendered":"http:\/\/es.www.assesso.com.br\/?page_id=1613"},"modified":"2022-02-10T18:01:46","modified_gmt":"2022-02-10T21:01:46","slug":"tratamento-de-dados","status":"publish","type":"page","link":"https:\/\/www.assesso.com.br\/es\/tratamento-de-dados\/","title":{"rendered":"Procesamiento de Datos"},"content":{"rendered":"<p>[vc_row padding_top_multiplier=&#8221;2x&#8221; padding_bottom_multiplier=&#8221;2x&#8221; equal_column_height=&#8221;middle-content&#8221; section_id=&#8221;diagnostico&#8221;][vc_column width=&#8221;1\/3&#8243;]<div class=\"grve-element grve-image grve-animated-item grve-duration-normal grve-fade-in-right-big grve-align-center\" style=\"\" data-delay=\"200\">  <div class=\"grve-image-wrapper\"><img loading=\"lazy\" decoding=\"async\" width=\"500\" height=\"315\" src=\"https:\/\/www.assesso.com.br\/es\/wp-content\/uploads\/3\/2021\/12\/tratamento-dados.png\" class=\"attachment-full size-full\" alt=\"\" srcset=\"https:\/\/www.assesso.com.br\/es\/wp-content\/uploads\/3\/2021\/12\/tratamento-dados.png 500w, https:\/\/www.assesso.com.br\/es\/wp-content\/uploads\/3\/2021\/12\/tratamento-dados-300x189.png 300w\" sizes=\"auto, (max-width: 500px) 100vw, 500px\" \/>   <\/div><\/div>[\/vc_column][vc_column width=&#8221;2\/3&#8243;]<style type=\"text\/css\">.grve-title-gradient.grve-title-69d4bebc01489 > span,.grve-title-gradient.grve-title-69d4bebc01489 .grve-clipping-content > span {color: #dd3333;background-image: -moz-linear-gradient(-45deg, #dd3333 0%, #003a40 100%);background-image: -webkit-linear-gradient(-45deg, #dd3333 0%, #003a40 100%);background-image: linear-gradient(135deg, #dd3333 0%, #003a40 100%);}<\/style><h3 class=\"grve-element grve-title grve-align-left grve-animated-item grve-duration-normal grve-fade-in-up grve-h2 grve-title-gradient grve-title-69d4bebc01489\" style=\"margin-bottom: 20px;\" data-delay=\"200\"><span>Diagn\u00f3stico de Calidad de los Datos<\/span><\/h3>[vc_column_text]Para evaluar la calidad real de un registro es fundamental contar con herramientas adecuadas y profesionales especializados y con experiencia. Basado en los conceptos del programa de calidad de la informaci\u00f3n y director de datos del MIT, Datacare realiza perfiles de datos, aplicando las reglas de su negocio, para identificar los or\u00edgenes y las causas de los problemas y guiar las acciones para corregir y mejorar la calidad.[\/vc_column_text][\/vc_column][\/vc_row][vc_row][vc_column]<div class=\"grve-element grve-divider\" style=\"\"><div class=\"grve-dashed-line-divider grve-border\"><\/div><\/div>[\/vc_column][\/vc_row][vc_row bg_type=&#8221;bg_color&#8221; padding_top_multiplier=&#8221;2x&#8221; padding_bottom_multiplier=&#8221;2x&#8221; equal_column_height=&#8221;middle-content&#8221; section_id=&#8221;higienizacao&#8221; bg_color_value=&#8221;#eaeaea&#8221;][vc_column]<style type=\"text\/css\">.grve-title-gradient.grve-title-69d4bebc014d2 > span,.grve-title-gradient.grve-title-69d4bebc014d2 .grve-clipping-content > span {color: #dd3333;background-image: -moz-linear-gradient(-45deg, #dd3333 0%, #003a40 100%);background-image: -webkit-linear-gradient(-45deg, #dd3333 0%, #003a40 100%);background-image: linear-gradient(135deg, #dd3333 0%, #003a40 100%);}<\/style><h3 class=\"grve-element grve-title grve-align-left grve-animated-item grve-duration-normal grve-fade-in-up grve-h2 grve-title-gradient grve-title-69d4bebc014d2\" style=\"margin-bottom: 20px;\" data-delay=\"200\"><span>Saneamiento de Datos<\/span><\/h3>[vc_row_inner][vc_column_inner width=&#8221;2\/3&#8243;][vc_column_text]Los datos innecesarios, incorrectos o desactualizados aumentan los costos de almacenamiento y tr\u00e1fico, perjudican el rendimiento del sistema y pueden generar errores operativos o an\u00e1lisis equivocados. Datacare apoya la validaci\u00f3n, correcci\u00f3n y estandarizaci\u00f3n de los datos operativos o estrat\u00e9gicos de las empresas, adem\u00e1s de identificar duplicidades y unificar los registros. Este tratamiento se puede aplicar en entornos corporativos, como CRM, ERP, BI, DW y MDM, o en acciones espec\u00edficas, como campa\u00f1as de marketing.[\/vc_column_text][\/vc_column_inner][vc_column_inner width=&#8221;1\/3&#8243;]<div class=\"grve-element grve-image grve-animated-item grve-duration-normal grve-fade-in-right-big grve-align-center\" style=\"\" data-delay=\"200\">  <div class=\"grve-image-wrapper\"><img loading=\"lazy\" decoding=\"async\" width=\"600\" height=\"394\" src=\"https:\/\/www.assesso.com.br\/es\/wp-content\/uploads\/3\/2021\/09\/data-diagnostic.jpg\" class=\"attachment-full size-full\" alt=\"\" srcset=\"https:\/\/www.assesso.com.br\/es\/wp-content\/uploads\/3\/2021\/09\/data-diagnostic.jpg 600w, https:\/\/www.assesso.com.br\/es\/wp-content\/uploads\/3\/2021\/09\/data-diagnostic-300x197.jpg 300w\" sizes=\"auto, (max-width: 600px) 100vw, 600px\" \/>   <\/div><\/div>[\/vc_column_inner][\/vc_row_inner][\/vc_column][\/vc_row][vc_row][vc_column]<div class=\"grve-element grve-divider\" style=\"\"><div class=\"grve-dashed-line-divider grve-border\"><\/div><\/div>[\/vc_column][\/vc_row][vc_row padding_top_multiplier=&#8221;2x&#8221; padding_bottom_multiplier=&#8221;2x&#8221; equal_column_height=&#8221;middle-content&#8221; section_id=&#8221;enriquecimento&#8221;][vc_column]<style type=\"text\/css\">.grve-title-gradient.grve-title-69d4bebc01a0b > span,.grve-title-gradient.grve-title-69d4bebc01a0b .grve-clipping-content > span {color: #dd3333;background-image: -moz-linear-gradient(-45deg, #dd3333 0%, #003a40 100%);background-image: -webkit-linear-gradient(-45deg, #dd3333 0%, #003a40 100%);background-image: linear-gradient(135deg, #dd3333 0%, #003a40 100%);}<\/style><h3 class=\"grve-element grve-title grve-align-left grve-animated-item grve-duration-normal grve-fade-in-up grve-h2 grve-title-gradient grve-title-69d4bebc01a0b\" style=\"margin-bottom: 20px;\" data-delay=\"200\"><span>Enriquecimiento de Datos<\/span><\/h3>[vc_row_inner][vc_column_inner width=&#8221;1\/3&#8243;]<div class=\"grve-element grve-image grve-animated-item grve-duration-normal grve-fade-in-left-big grve-align-center\" style=\"\" data-delay=\"200\">  <div class=\"grve-image-wrapper\"><img loading=\"lazy\" decoding=\"async\" width=\"1500\" height=\"1127\" src=\"https:\/\/www.assesso.com.br\/es\/wp-content\/uploads\/3\/2021\/09\/master-data-management-benefits.png\" class=\"attachment-full size-full\" alt=\"\" srcset=\"https:\/\/www.assesso.com.br\/es\/wp-content\/uploads\/3\/2021\/09\/master-data-management-benefits.png 1500w, https:\/\/www.assesso.com.br\/es\/wp-content\/uploads\/3\/2021\/09\/master-data-management-benefits-300x225.png 300w, https:\/\/www.assesso.com.br\/es\/wp-content\/uploads\/3\/2021\/09\/master-data-management-benefits-1024x769.png 1024w, https:\/\/www.assesso.com.br\/es\/wp-content\/uploads\/3\/2021\/09\/master-data-management-benefits-768x577.png 768w, https:\/\/www.assesso.com.br\/es\/wp-content\/uploads\/3\/2021\/09\/master-data-management-benefits-560x420.png 560w, https:\/\/www.assesso.com.br\/es\/wp-content\/uploads\/3\/2021\/09\/master-data-management-benefits-900x675.png 900w\" sizes=\"auto, (max-width: 1500px) 100vw, 1500px\" \/>   <\/div><\/div>[\/vc_column_inner][vc_column_inner width=&#8221;2\/3&#8243;][vc_column_text]Al promover el enriquecimiento de su registro, ya sea con datos de sistemas internos o de fuentes externas, cuente con la experiencia de Assesso y las herramientas de Datacare para elegir con seguridad las informaciones m\u00e1s actualizadas y de mejor calidad. Adem\u00e1s de integrar datos de diferentes fuentes, Datacare puede agregar nuevas informaciones, como la geolocalizaci\u00f3n de la direcci\u00f3n y la identificaci\u00f3n de su sector censal y las variables socioecon\u00f3micas proporcionadas por el IBGE, que permiten una mejor comprensi\u00f3n de sus clientes y prospectos.[\/vc_column_text][\/vc_column_inner][\/vc_row_inner][\/vc_column][\/vc_row][vc_row][vc_column]<div class=\"grve-element grve-divider\" style=\"\"><div class=\"grve-dashed-line-divider grve-border\"><\/div><\/div>[\/vc_column][\/vc_row][vc_row bg_type=&#8221;bg_color&#8221; padding_top_multiplier=&#8221;2x&#8221; padding_bottom_multiplier=&#8221;2x&#8221; equal_column_height=&#8221;middle-content&#8221; section_id=&#8221;migracao&#8221; bg_color_value=&#8221;#eaeaea&#8221;][vc_column]<style type=\"text\/css\">.grve-title-gradient.grve-title-69d4bebc01efa > span,.grve-title-gradient.grve-title-69d4bebc01efa .grve-clipping-content > span {color: #dd3333;background-image: -moz-linear-gradient(-45deg, #dd3333 0%, #003a40 100%);background-image: -webkit-linear-gradient(-45deg, #dd3333 0%, #003a40 100%);background-image: linear-gradient(135deg, #dd3333 0%, #003a40 100%);}<\/style><h3 class=\"grve-element grve-title grve-align-left grve-animated-item grve-duration-normal grve-fade-in-up grve-h2 grve-title-gradient grve-title-69d4bebc01efa\" style=\"margin-bottom: 20px;\" data-delay=\"200\"><span>Conversi\u00f3n y Migraci\u00f3n de Datos<\/span><\/h3>[vc_row_inner][vc_column_inner width=&#8221;2\/3&#8243;][vc_column_text]Tarea cr\u00edtica que debe realizarse de manera controlada y con calidad, la migraci\u00f3n de datos merece el m\u00e1ximo cuidado, con el mapeo completo de las informaciones, las transformaciones necesarias para una transferencia consistente y estandarizada en el nuevo entorno. Assesso ya ha promovido la conversi\u00f3n de datos en proyectos de migraci\u00f3n para varios paquetes de mercado, como SAP, Oracle ERP y Salesforce.[\/vc_column_text][\/vc_column_inner][vc_column_inner width=&#8221;1\/3&#8243;]<div class=\"grve-element grve-image grve-animated-item grve-duration-normal grve-fade-in-right-big grve-align-center\" style=\"\" data-delay=\"200\">  <div class=\"grve-image-wrapper\"><img loading=\"lazy\" decoding=\"async\" width=\"1200\" height=\"720\" src=\"https:\/\/www.assesso.com.br\/es\/wp-content\/uploads\/3\/2021\/09\/migration.jpg\" class=\"attachment-full size-full\" alt=\"\" srcset=\"https:\/\/www.assesso.com.br\/es\/wp-content\/uploads\/3\/2021\/09\/migration.jpg 1200w, https:\/\/www.assesso.com.br\/es\/wp-content\/uploads\/3\/2021\/09\/migration-300x180.jpg 300w, https:\/\/www.assesso.com.br\/es\/wp-content\/uploads\/3\/2021\/09\/migration-1024x614.jpg 1024w, https:\/\/www.assesso.com.br\/es\/wp-content\/uploads\/3\/2021\/09\/migration-768x461.jpg 768w\" sizes=\"auto, (max-width: 1200px) 100vw, 1200px\" \/>   <\/div><\/div>[\/vc_column_inner][\/vc_row_inner][\/vc_column][\/vc_row][vc_row][vc_column]<div class=\"grve-element grve-divider\" style=\"\"><div class=\"grve-dashed-line-divider grve-border\"><\/div><\/div>[\/vc_column][\/vc_row][vc_row padding_top_multiplier=&#8221;2x&#8221; padding_bottom_multiplier=&#8221;2x&#8221; columns_gap=&#8221;60&#8243;][vc_column width=&#8221;1\/2&#8243;][vc_column_text]<\/p>\n<h3>Simplifique con Datacare<\/h3>\n<p>A trav\u00e9s de Datacare, Assesso es capaz de hacer frente a su complejidad operativa de manera sencilla, integrando la informaci\u00f3n de todos sus canales en una \u00fanica plataforma.<\/p>\n<p>Datacare recopila los datos necesarios para toma de decisiones estrat\u00e9gicas. Con datos consolidados y validados, podr\u00e1 analizar y compreender los diferentes perfiles de clientes a los que su empresa atiende, as\u00ed como sus preferencias y h\u00e1bitos de consumo.[\/vc_column_text][\/vc_column][vc_column width=&#8221;1\/2&#8243;][vc_column_text]<\/p>\n<h3>Cuente con nuestra experiencia<\/h3>\n<p>Assesso aplica una metodolog\u00eda desarrollada a partir del programa Director de datos y calidad de la informaci\u00f3n en MIT, para contemplar la principal estrategia corporativa que ha sido, cada vez m\u00e1s, mejorar continuamente las acciones de relaci\u00f3n, para que sean cada vez m\u00e1s persuasivas, sofisticadas y centradas en sus cliente.<\/p>\n<p>Hable con nosotros y conozca varios casos de c\u00f3mo Assesso transform\u00f3 la gesti\u00f3n de datos y gener\u00f3 varios conocimientos para mejorar en varias \u00e1reas.[\/vc_column_text][\/vc_column][\/vc_row][vc_row][vc_column]<div class=\"grve-element grve-callout grve-btn-right\" style=\"\">  <div class=\"grve-callout-wrapper\"><h3 class=\"grve-callout-content grve-h3\">Tenga una visi\u00f3n unificada de su cliente<\/h3>    <p class=\"\">Si desea llevar a su empresa a un nuevo nivel de inteligencia basada en datos, programe una conversaci\u00f3n con Assesso y sepa todo lo que Datacare puede hacer por usted.<\/p>  <\/div>  <div class=\"grve-button-wrapper\"><a href=\"\/es\/contato\" class=\"grve-btn grve-btn-large grve-extra-round grve-bg-primary-1 grve-bg-hover-primary-1\"><span>PROGRAMAR UNA CHARLA<\/span><\/a>  <\/div><\/div>[\/vc_column][\/vc_row]<\/p>\n","protected":false},"excerpt":{"rendered":"<p>[vc_row padding_top_multiplier=&#8221;2x&#8221; padding_bottom_multiplier=&#8221;2x&#8221; equal_column_height=&#8221;middle-content&#8221; section_id=&#8221;diagnostico&#8221;][vc_column width=&#8221;1\/3&#8243;][\/vc_column][vc_column width=&#8221;2\/3&#8243;][vc_column_text]Para evaluar la calidad real de un registro es fundamental contar con herramientas adecuadas y profesionales especializados y con experiencia. Basado en los conceptos del programa de calidad de la informaci\u00f3n y director de datos del MIT, Datacare realiza perfiles de datos, aplicando las reglas de su negocio, para [&hellip;]<\/p>\n","protected":false},"author":10,"featured_media":0,"parent":0,"menu_order":0,"comment_status":"closed","ping_status":"closed","template":"","meta":{"footnotes":""},"class_list":["post-1613","page","type-page","status-publish","hentry"],"yoast_head":"<!-- This site is optimized with the Yoast SEO plugin v18.0 - https:\/\/yoast.com\/wordpress\/plugins\/seo\/ -->\n<title>Procesamiento de Datos - Assesso - Espa\u00f1ol<\/title>\n<meta name=\"robots\" content=\"index, follow, max-snippet:-1, max-image-preview:large, max-video-preview:-1\" \/>\n<link rel=\"canonical\" href=\"https:\/\/www.assesso.com.br\/es\/tratamento-de-dados\/\" \/>\n<meta property=\"og:locale\" content=\"es_ES\" \/>\n<meta property=\"og:type\" content=\"article\" \/>\n<meta property=\"og:title\" content=\"Procesamiento de Datos - Assesso - Espa\u00f1ol\" \/>\n<meta property=\"og:description\" content=\"[vc_row padding_top_multiplier=&#8221;2x&#8221; padding_bottom_multiplier=&#8221;2x&#8221; equal_column_height=&#8221;middle-content&#8221; section_id=&#8221;diagnostico&#8221;][vc_column width=&#8221;1\/3&#8243;][\/vc_column][vc_column width=&#8221;2\/3&#8243;][vc_column_text]Para evaluar la calidad real de un registro es fundamental contar con herramientas adecuadas y profesionales especializados y con experiencia. Basado en los conceptos del programa de calidad de la informaci\u00f3n y director de datos del MIT, Datacare realiza perfiles de datos, aplicando las reglas de su negocio, para [&hellip;]\" \/>\n<meta property=\"og:url\" content=\"https:\/\/www.assesso.com.br\/es\/tratamento-de-dados\/\" \/>\n<meta property=\"og:site_name\" content=\"Assesso - Espa\u00f1ol\" \/>\n<meta property=\"article:modified_time\" content=\"2022-02-10T21:01:46+00:00\" \/>\n<meta name=\"twitter:card\" content=\"summary_large_image\" \/>\n<meta name=\"twitter:label1\" content=\"Tiempo de lectura\" \/>\n\t<meta name=\"twitter:data1\" content=\"3 minutos\" \/>\n<script type=\"application\/ld+json\" class=\"yoast-schema-graph\">{\"@context\":\"https:\/\/schema.org\",\"@graph\":[{\"@type\":\"WebSite\",\"@id\":\"https:\/\/www.assesso.com.br\/#website\",\"url\":\"https:\/\/www.assesso.com.br\/\",\"name\":\"Assesso - Espa\u00f1ol\",\"description\":\"Conectando dados a decis\u00f5es\",\"potentialAction\":[{\"@type\":\"SearchAction\",\"target\":{\"@type\":\"EntryPoint\",\"urlTemplate\":\"https:\/\/www.assesso.com.br\/?s={search_term_string}\"},\"query-input\":\"required name=search_term_string\"}],\"inLanguage\":\"es\"},{\"@type\":\"WebPage\",\"@id\":\"https:\/\/www.assesso.com.br\/es\/tratamento-de-dados\/#webpage\",\"url\":\"https:\/\/www.assesso.com.br\/es\/tratamento-de-dados\/\",\"name\":\"Procesamiento de Datos - Assesso - Espa\u00f1ol\",\"isPartOf\":{\"@id\":\"https:\/\/www.assesso.com.br\/#website\"},\"datePublished\":\"2021-09-09T02:35:35+00:00\",\"dateModified\":\"2022-02-10T21:01:46+00:00\",\"breadcrumb\":{\"@id\":\"https:\/\/www.assesso.com.br\/es\/tratamento-de-dados\/#breadcrumb\"},\"inLanguage\":\"es\",\"potentialAction\":[{\"@type\":\"ReadAction\",\"target\":[\"https:\/\/www.assesso.com.br\/es\/tratamento-de-dados\/\"]}]},{\"@type\":\"BreadcrumbList\",\"@id\":\"https:\/\/www.assesso.com.br\/es\/tratamento-de-dados\/#breadcrumb\",\"itemListElement\":[{\"@type\":\"ListItem\",\"position\":1,\"name\":\"In\u00edcio\",\"item\":\"https:\/\/www.assesso.com.br\/es\/\"},{\"@type\":\"ListItem\",\"position\":2,\"name\":\"Procesamiento de Datos\"}]}]}<\/script>\n<!-- \/ Yoast SEO plugin. -->","yoast_head_json":{"title":"Procesamiento de Datos - Assesso - Espa\u00f1ol","robots":{"index":"index","follow":"follow","max-snippet":"max-snippet:-1","max-image-preview":"max-image-preview:large","max-video-preview":"max-video-preview:-1"},"canonical":"https:\/\/www.assesso.com.br\/es\/tratamento-de-dados\/","og_locale":"es_ES","og_type":"article","og_title":"Procesamiento de Datos - Assesso - Espa\u00f1ol","og_description":"[vc_row padding_top_multiplier=&#8221;2x&#8221; padding_bottom_multiplier=&#8221;2x&#8221; equal_column_height=&#8221;middle-content&#8221; section_id=&#8221;diagnostico&#8221;][vc_column width=&#8221;1\/3&#8243;][\/vc_column][vc_column width=&#8221;2\/3&#8243;][vc_column_text]Para evaluar la calidad real de un registro es fundamental contar con herramientas adecuadas y profesionales especializados y con experiencia. Basado en los conceptos del programa de calidad de la informaci\u00f3n y director de datos del MIT, Datacare realiza perfiles de datos, aplicando las reglas de su negocio, para [&hellip;]","og_url":"https:\/\/www.assesso.com.br\/es\/tratamento-de-dados\/","og_site_name":"Assesso - Espa\u00f1ol","article_modified_time":"2022-02-10T21:01:46+00:00","twitter_card":"summary_large_image","twitter_misc":{"Tiempo de lectura":"3 minutos"},"schema":{"@context":"https:\/\/schema.org","@graph":[{"@type":"WebSite","@id":"https:\/\/www.assesso.com.br\/#website","url":"https:\/\/www.assesso.com.br\/","name":"Assesso - Espa\u00f1ol","description":"Conectando dados a decis\u00f5es","potentialAction":[{"@type":"SearchAction","target":{"@type":"EntryPoint","urlTemplate":"https:\/\/www.assesso.com.br\/?s={search_term_string}"},"query-input":"required name=search_term_string"}],"inLanguage":"es"},{"@type":"WebPage","@id":"https:\/\/www.assesso.com.br\/es\/tratamento-de-dados\/#webpage","url":"https:\/\/www.assesso.com.br\/es\/tratamento-de-dados\/","name":"Procesamiento de Datos - Assesso - Espa\u00f1ol","isPartOf":{"@id":"https:\/\/www.assesso.com.br\/#website"},"datePublished":"2021-09-09T02:35:35+00:00","dateModified":"2022-02-10T21:01:46+00:00","breadcrumb":{"@id":"https:\/\/www.assesso.com.br\/es\/tratamento-de-dados\/#breadcrumb"},"inLanguage":"es","potentialAction":[{"@type":"ReadAction","target":["https:\/\/www.assesso.com.br\/es\/tratamento-de-dados\/"]}]},{"@type":"BreadcrumbList","@id":"https:\/\/www.assesso.com.br\/es\/tratamento-de-dados\/#breadcrumb","itemListElement":[{"@type":"ListItem","position":1,"name":"In\u00edcio","item":"https:\/\/www.assesso.com.br\/es\/"},{"@type":"ListItem","position":2,"name":"Procesamiento de Datos"}]}]}},"_links":{"self":[{"href":"https:\/\/www.assesso.com.br\/es\/wp-json\/wp\/v2\/pages\/1613","targetHints":{"allow":["GET"]}}],"collection":[{"href":"https:\/\/www.assesso.com.br\/es\/wp-json\/wp\/v2\/pages"}],"about":[{"href":"https:\/\/www.assesso.com.br\/es\/wp-json\/wp\/v2\/types\/page"}],"author":[{"embeddable":true,"href":"https:\/\/www.assesso.com.br\/es\/wp-json\/wp\/v2\/users\/10"}],"replies":[{"embeddable":true,"href":"https:\/\/www.assesso.com.br\/es\/wp-json\/wp\/v2\/comments?post=1613"}],"version-history":[{"count":17,"href":"https:\/\/www.assesso.com.br\/es\/wp-json\/wp\/v2\/pages\/1613\/revisions"}],"predecessor-version":[{"id":2133,"href":"https:\/\/www.assesso.com.br\/es\/wp-json\/wp\/v2\/pages\/1613\/revisions\/2133"}],"wp:attachment":[{"href":"https:\/\/www.assesso.com.br\/es\/wp-json\/wp\/v2\/media?parent=1613"}],"curies":[{"name":"wp","href":"https:\/\/api.w.org\/{rel}","templated":true}]}}