{"id":1765,"date":"2021-09-30T09:50:46","date_gmt":"2021-09-30T12:50:46","guid":{"rendered":"http:\/\/es.www.assesso.com.br\/?page_id=1765"},"modified":"2023-06-19T17:03:22","modified_gmt":"2023-06-19T20:03:22","slug":"servicos-gerenciados","status":"publish","type":"page","link":"https:\/\/www.assesso.com.br\/es\/servicos-gerenciados\/","title":{"rendered":"Servicios Gestionados"},"content":{"rendered":"<p>[vc_row][vc_column]<style type=\"text\/css\">.grve-title-gradient.grve-title-6a008f0c66cd9 > span,.grve-title-gradient.grve-title-6a008f0c66cd9 .grve-clipping-content > span {color: #dd3333;background-image: -moz-linear-gradient(-45deg, #dd3333 0%, #003a40 100%);background-image: -webkit-linear-gradient(-45deg, #dd3333 0%, #003a40 100%);background-image: linear-gradient(135deg, #dd3333 0%, #003a40 100%);}<\/style><h2 class=\"grve-element grve-title grve-align-center grve-animated-item grve-duration-normal grve-fade-in-up-big grve-h2 grve-increase-heading grve-heading-140 grve-title-gradient grve-title-6a008f0c66cd9\" style=\"margin-bottom: 20px;\" data-delay=\"200\"><span>Su entorno de datos evoluciona<br \/>\ncontinuamente<\/span><\/h2>[\/vc_column][\/vc_row][vc_row columns_gap=&#8221;60&#8243;][vc_column width=&#8221;1\/3&#8243;]<div class=\"grve-element grve-image grve-animated-item grve-duration-normal grve-fade-in-left-big grve-align-center\" style=\"margin-bottom: 20px;\" data-delay=\"200\">  <div class=\"grve-image-wrapper\"><img loading=\"lazy\" decoding=\"async\" width=\"900\" height=\"750\" src=\"https:\/\/www.assesso.com.br\/es\/wp-content\/uploads\/3\/2021\/09\/data-platform.png\" class=\"attachment-full size-full\" alt=\"\" srcset=\"https:\/\/www.assesso.com.br\/es\/wp-content\/uploads\/3\/2021\/09\/data-platform.png 900w, https:\/\/www.assesso.com.br\/es\/wp-content\/uploads\/3\/2021\/09\/data-platform-300x250.png 300w, https:\/\/www.assesso.com.br\/es\/wp-content\/uploads\/3\/2021\/09\/data-platform-768x640.png 768w\" sizes=\"auto, (max-width: 900px) 100vw, 900px\" \/>   <\/div><\/div>[\/vc_column][vc_column width=&#8221;2\/3&#8243;][vc_column_text css=&#8221;.vc_custom_1687204887045{padding-bottom: 30px !important;}&#8221;]Al implementar sus soluciones, Assesso ofrece a sus clientes los Servicios Gestionados para soporte continuo del ambiente DATACARE, incluyendo el monitoreo de la operaci\u00f3n, evoluci\u00f3n de la calidad de datos, mantenimiento y actualizaciones, evaluaci\u00f3n de resoluci\u00f3n de incidentes y evoluci\u00f3n de las funcionalidades.<\/p>\n<p>La contrataci\u00f3n de los servicios permite al cliente centrarse en su negocio y contribuye a la mejor utilizaci\u00f3n de los recursos.[\/vc_column_text][vc_column_text]Los Servicios Gestionados son realizados por un equipo calificado y incluyen:<\/p>\n<ul>\n<li><strong>Soporte T\u00e9cnico Operacional<\/strong> al ambiente, visando garantizar la disponibilidad necesaria al negocio del cliente y proporcionando la manutenci\u00f3n del Datacare<\/li>\n<li><strong>Soporte Funcional<\/strong> para la asistencia comercial, a trav\u00e9s de capacitaci\u00f3n o aclaraci\u00f3n de dudas y cuestiones de contenido en la utilizaci\u00f3n de la plataforma de la soluci\u00f3n.<\/li>\n<li><strong>Actualizaci\u00f3n de Contenidos<\/strong> de las bases de conocimiento del Datacare, abarcando direcciones, c\u00f3digos de \u00e1rea, prefijos y geolocalizaci\u00f3n, as\u00ed como el mantenimiento evolutivo de los procesos de tratamiento de datos.<\/li>\n<li><strong>Monitoreo de la Calidad de Datos<\/strong>, con paneles que muestran su evoluci\u00f3n a lo largo del tiempo.<\/li>\n<li><strong>Gesti\u00f3n del Entorno<\/strong>, con paneles de informes para el seguimiento del rendimiento de los procesos y del uso de los recursos de procesamiento.<\/li>\n<\/ul>\n<p>[\/vc_column_text][\/vc_column][\/vc_row][vc_row][vc_column]<div class=\"grve-element grve-callout grve-btn-right\" style=\"\">  <div class=\"grve-callout-wrapper\"><h3 class=\"grve-callout-content grve-h3\">Cuente con un equipo experimentado para cuidar de sus datos<\/h3>    <p class=\"\">Si desea llevar a su empresa a un nuevo nivel de inteligencia basada en datos, programe una conversaci\u00f3n con Assesso y sepa todo lo que Datacare puede hacer por usted.<\/p>  <\/div>  <div class=\"grve-button-wrapper\"><a href=\"\/es\/contato\" class=\"grve-btn grve-btn-large grve-extra-round grve-bg-primary-1 grve-bg-hover-primary-1\"><span>PROGRAMAR UNA CHARLA<\/span><\/a>  <\/div><\/div>[\/vc_column][\/vc_row]<\/p>\n","protected":false},"excerpt":{"rendered":"<p>[vc_row][vc_column][\/vc_column][\/vc_row][vc_row columns_gap=&#8221;60&#8243;][vc_column width=&#8221;1\/3&#8243;][\/vc_column][vc_column width=&#8221;2\/3&#8243;][vc_column_text css=&#8221;.vc_custom_1687204887045{padding-bottom: 30px !important;}&#8221;]Al implementar sus soluciones, Assesso ofrece a sus clientes los Servicios Gestionados para soporte continuo del ambiente DATACARE, incluyendo el monitoreo de la operaci\u00f3n, evoluci\u00f3n de la calidad de datos, mantenimiento y actualizaciones, evaluaci\u00f3n de resoluci\u00f3n de incidentes y evoluci\u00f3n de las funcionalidades. La contrataci\u00f3n de los servicios permite [&hellip;]<\/p>\n","protected":false},"author":10,"featured_media":0,"parent":0,"menu_order":0,"comment_status":"closed","ping_status":"closed","template":"","meta":{"footnotes":""},"class_list":["post-1765","page","type-page","status-publish","hentry"],"yoast_head":"<!-- This site is optimized with the Yoast SEO plugin v18.0 - https:\/\/yoast.com\/wordpress\/plugins\/seo\/ -->\n<title>Servicios Gestionados - Assesso - Espa\u00f1ol<\/title>\n<meta name=\"robots\" content=\"index, follow, max-snippet:-1, max-image-preview:large, max-video-preview:-1\" \/>\n<link rel=\"canonical\" href=\"https:\/\/www.assesso.com.br\/es\/servicos-gerenciados\/\" \/>\n<meta property=\"og:locale\" content=\"es_ES\" \/>\n<meta property=\"og:type\" content=\"article\" \/>\n<meta property=\"og:title\" content=\"Servicios Gestionados - Assesso - Espa\u00f1ol\" \/>\n<meta property=\"og:description\" content=\"[vc_row][vc_column][\/vc_column][\/vc_row][vc_row columns_gap=&#8221;60&#8243;][vc_column width=&#8221;1\/3&#8243;][\/vc_column][vc_column width=&#8221;2\/3&#8243;][vc_column_text css=&#8221;.vc_custom_1687204887045{padding-bottom: 30px !important;}&#8221;]Al implementar sus soluciones, Assesso ofrece a sus clientes los Servicios Gestionados para soporte continuo del ambiente DATACARE, incluyendo el monitoreo de la operaci\u00f3n, evoluci\u00f3n de la calidad de datos, mantenimiento y actualizaciones, evaluaci\u00f3n de resoluci\u00f3n de incidentes y evoluci\u00f3n de las funcionalidades. La contrataci\u00f3n de los servicios permite [&hellip;]\" \/>\n<meta property=\"og:url\" content=\"https:\/\/www.assesso.com.br\/es\/servicos-gerenciados\/\" \/>\n<meta property=\"og:site_name\" content=\"Assesso - Espa\u00f1ol\" \/>\n<meta property=\"article:modified_time\" content=\"2023-06-19T20:03:22+00:00\" \/>\n<meta name=\"twitter:card\" content=\"summary_large_image\" \/>\n<meta name=\"twitter:label1\" content=\"Tiempo de lectura\" \/>\n\t<meta name=\"twitter:data1\" content=\"2 minutos\" \/>\n<script type=\"application\/ld+json\" class=\"yoast-schema-graph\">{\"@context\":\"https:\/\/schema.org\",\"@graph\":[{\"@type\":\"WebSite\",\"@id\":\"https:\/\/www.assesso.com.br\/#website\",\"url\":\"https:\/\/www.assesso.com.br\/\",\"name\":\"Assesso - Espa\u00f1ol\",\"description\":\"Conectando dados a decis\u00f5es\",\"potentialAction\":[{\"@type\":\"SearchAction\",\"target\":{\"@type\":\"EntryPoint\",\"urlTemplate\":\"https:\/\/www.assesso.com.br\/?s={search_term_string}\"},\"query-input\":\"required name=search_term_string\"}],\"inLanguage\":\"es\"},{\"@type\":\"WebPage\",\"@id\":\"https:\/\/www.assesso.com.br\/es\/servicos-gerenciados\/#webpage\",\"url\":\"https:\/\/www.assesso.com.br\/es\/servicos-gerenciados\/\",\"name\":\"Servicios Gestionados - Assesso - Espa\u00f1ol\",\"isPartOf\":{\"@id\":\"https:\/\/www.assesso.com.br\/#website\"},\"datePublished\":\"2021-09-30T12:50:46+00:00\",\"dateModified\":\"2023-06-19T20:03:22+00:00\",\"breadcrumb\":{\"@id\":\"https:\/\/www.assesso.com.br\/es\/servicos-gerenciados\/#breadcrumb\"},\"inLanguage\":\"es\",\"potentialAction\":[{\"@type\":\"ReadAction\",\"target\":[\"https:\/\/www.assesso.com.br\/es\/servicos-gerenciados\/\"]}]},{\"@type\":\"BreadcrumbList\",\"@id\":\"https:\/\/www.assesso.com.br\/es\/servicos-gerenciados\/#breadcrumb\",\"itemListElement\":[{\"@type\":\"ListItem\",\"position\":1,\"name\":\"In\u00edcio\",\"item\":\"https:\/\/www.assesso.com.br\/es\/\"},{\"@type\":\"ListItem\",\"position\":2,\"name\":\"Servicios Gestionados\"}]}]}<\/script>\n<!-- \/ Yoast SEO plugin. -->","yoast_head_json":{"title":"Servicios Gestionados - Assesso - Espa\u00f1ol","robots":{"index":"index","follow":"follow","max-snippet":"max-snippet:-1","max-image-preview":"max-image-preview:large","max-video-preview":"max-video-preview:-1"},"canonical":"https:\/\/www.assesso.com.br\/es\/servicos-gerenciados\/","og_locale":"es_ES","og_type":"article","og_title":"Servicios Gestionados - Assesso - Espa\u00f1ol","og_description":"[vc_row][vc_column][\/vc_column][\/vc_row][vc_row columns_gap=&#8221;60&#8243;][vc_column width=&#8221;1\/3&#8243;][\/vc_column][vc_column width=&#8221;2\/3&#8243;][vc_column_text css=&#8221;.vc_custom_1687204887045{padding-bottom: 30px !important;}&#8221;]Al implementar sus soluciones, Assesso ofrece a sus clientes los Servicios Gestionados para soporte continuo del ambiente DATACARE, incluyendo el monitoreo de la operaci\u00f3n, evoluci\u00f3n de la calidad de datos, mantenimiento y actualizaciones, evaluaci\u00f3n de resoluci\u00f3n de incidentes y evoluci\u00f3n de las funcionalidades. La contrataci\u00f3n de los servicios permite [&hellip;]","og_url":"https:\/\/www.assesso.com.br\/es\/servicos-gerenciados\/","og_site_name":"Assesso - Espa\u00f1ol","article_modified_time":"2023-06-19T20:03:22+00:00","twitter_card":"summary_large_image","twitter_misc":{"Tiempo de lectura":"2 minutos"},"schema":{"@context":"https:\/\/schema.org","@graph":[{"@type":"WebSite","@id":"https:\/\/www.assesso.com.br\/#website","url":"https:\/\/www.assesso.com.br\/","name":"Assesso - Espa\u00f1ol","description":"Conectando dados a decis\u00f5es","potentialAction":[{"@type":"SearchAction","target":{"@type":"EntryPoint","urlTemplate":"https:\/\/www.assesso.com.br\/?s={search_term_string}"},"query-input":"required name=search_term_string"}],"inLanguage":"es"},{"@type":"WebPage","@id":"https:\/\/www.assesso.com.br\/es\/servicos-gerenciados\/#webpage","url":"https:\/\/www.assesso.com.br\/es\/servicos-gerenciados\/","name":"Servicios Gestionados - Assesso - Espa\u00f1ol","isPartOf":{"@id":"https:\/\/www.assesso.com.br\/#website"},"datePublished":"2021-09-30T12:50:46+00:00","dateModified":"2023-06-19T20:03:22+00:00","breadcrumb":{"@id":"https:\/\/www.assesso.com.br\/es\/servicos-gerenciados\/#breadcrumb"},"inLanguage":"es","potentialAction":[{"@type":"ReadAction","target":["https:\/\/www.assesso.com.br\/es\/servicos-gerenciados\/"]}]},{"@type":"BreadcrumbList","@id":"https:\/\/www.assesso.com.br\/es\/servicos-gerenciados\/#breadcrumb","itemListElement":[{"@type":"ListItem","position":1,"name":"In\u00edcio","item":"https:\/\/www.assesso.com.br\/es\/"},{"@type":"ListItem","position":2,"name":"Servicios Gestionados"}]}]}},"_links":{"self":[{"href":"https:\/\/www.assesso.com.br\/es\/wp-json\/wp\/v2\/pages\/1765","targetHints":{"allow":["GET"]}}],"collection":[{"href":"https:\/\/www.assesso.com.br\/es\/wp-json\/wp\/v2\/pages"}],"about":[{"href":"https:\/\/www.assesso.com.br\/es\/wp-json\/wp\/v2\/types\/page"}],"author":[{"embeddable":true,"href":"https:\/\/www.assesso.com.br\/es\/wp-json\/wp\/v2\/users\/10"}],"replies":[{"embeddable":true,"href":"https:\/\/www.assesso.com.br\/es\/wp-json\/wp\/v2\/comments?post=1765"}],"version-history":[{"count":17,"href":"https:\/\/www.assesso.com.br\/es\/wp-json\/wp\/v2\/pages\/1765\/revisions"}],"predecessor-version":[{"id":2229,"href":"https:\/\/www.assesso.com.br\/es\/wp-json\/wp\/v2\/pages\/1765\/revisions\/2229"}],"wp:attachment":[{"href":"https:\/\/www.assesso.com.br\/es\/wp-json\/wp\/v2\/media?parent=1765"}],"curies":[{"name":"wp","href":"https:\/\/api.w.org\/{rel}","templated":true}]}}