{"id":2157,"date":"2022-02-23T11:16:44","date_gmt":"2022-02-23T14:16:44","guid":{"rendered":"https:\/\/www.assesso.com.br\/es\/?page_id=2157"},"modified":"2022-03-29T10:49:53","modified_gmt":"2022-03-29T13:49:53","slug":"soluciones","status":"publish","type":"page","link":"https:\/\/www.assesso.com.br\/es\/soluciones\/","title":{"rendered":"Soluciones"},"content":{"rendered":"<p>[vc_row padding_bottom_multiplier=&#8221;2x&#8221;][vc_column]<style type=\"text\/css\">.grve-title-gradient.grve-title-6a00829c51270 > span,.grve-title-gradient.grve-title-6a00829c51270 .grve-clipping-content > span {color: #dd3333;background-image: -moz-linear-gradient(-45deg, #dd3333 0%, #000000 100%);background-image: -webkit-linear-gradient(-45deg, #dd3333 0%, #000000 100%);background-image: linear-gradient(135deg, #dd3333 0%, #000000 100%);}<\/style><h3 class=\"grve-element grve-title grve-align-center grve-animated-item grve-duration-normal grve-zoom-in grve-h3 grve-increase-heading grve-heading-120 grve-title-gradient grve-title-6a00829c51270\" style=\"\" data-delay=\"200\"><span>Descubre diferentes formas de potenciar tu negocio<br \/>\na trav\u00e9s de una gesti\u00f3n de datos m\u00e1s eficaz e inteligente.<\/span><\/h3>[vc_column_text]<\/p>\n<p style=\"text-align: center;\">Haga clic en la opci\u00f3n deseada para obtener m\u00e1s informaci\u00f3n.<\/p>\n<p>[\/vc_column_text][\/vc_column][\/vc_row][vc_row padding_top_multiplier=&#8221;2x&#8221; padding_bottom_multiplier=&#8221;2x&#8221; columns_gap=&#8221;60&#8243;][vc_column width=&#8221;1\/2&#8243;][vc_column_text css=&#8221;.vc_custom_1645625877460{padding-bottom: 30px !important;}&#8221;]<\/p>\n<h3 style=\"text-align: center;\">\u00bfCu\u00e1l es su reto?<\/h3>\n<p>[\/vc_column_text]<div class=\"grve-element grve-box-icon grve-medium grve-side-icon grve-align-left caixa\" style=\"margin-bottom: 50px;\"><a href=\"\/es\/marketing\/\"><div class=\"grve-wrapper-icon grve-no-shape\" style=\"\"><i class=\"grve-text-red fas fa-rocket\"><\/i><\/div><div class=\"grve-box-content\"><div class=\"grve-box-title-wrapper\"><h3 class=\"grve-box-title grve-h3\">Potencializar Marketing y Ventas<\/h3><\/div>  <p class=\"grve-leader-text\">Descubra c\u00f3mo Datacare lo ayuda a acercarse a su p\u00fablico y reducir dr\u00e1sticamente los costos operativos utilizando datos completos, confiables y distribuidos.<\/p><\/div><\/a><\/div><div class=\"grve-element grve-box-icon grve-medium grve-side-icon grve-align-left caixa\" style=\"margin-bottom: 50px;\"><a href=\"\/es\/transformacao-digital\/\"><div class=\"grve-wrapper-icon grve-no-shape\" style=\"\"><i class=\"grve-text-red fas fa-microchip\"><\/i><\/div><div class=\"grve-box-content\"><div class=\"grve-box-title-wrapper\"><h3 class=\"grve-box-title grve-h3\">Acelerar la Transformaci\u00f3n Digital<\/h3><\/div>  <p class=\"grve-leader-text\">Prosperar en la nueva econom\u00eda digital requiere estar preparado para lidiar con la hiperconectividad, asegurando la calidad de los datos. Datacare puede ser una herramienta esencial para usted.<\/p><\/div><\/a><\/div><div class=\"grve-element grve-box-icon grve-medium grve-side-icon grve-align-left caixa\" style=\"margin-bottom: 50px;\"><a href=\"\/es\/logistica\/\"><div class=\"grve-wrapper-icon grve-no-shape\" style=\"\"><i class=\"grve-text-red fas fa-truck\"><\/i><\/div><div class=\"grve-box-content\"><div class=\"grve-box-title-wrapper\"><h3 class=\"grve-box-title grve-h3\">Aumentar su Eficiencia Log\u00edstica<\/h3><\/div>  <p class=\"grve-leader-text\">El tiempo de entrega y la precisi\u00f3n son las principales ventajas competitivas en el comercio electr\u00f3nico. Entregar m\u00e1s r\u00e1pido y con mayor precisi\u00f3n es un factor decisivo en la satisfacci\u00f3n del cliente y en los costos.<\/p><\/div><\/a><\/div><div class=\"grve-element grve-box-icon grve-medium grve-side-icon grve-align-left caixa\" style=\"margin-bottom: 50px;\"><a href=\"\/es\/eficiencia-operacional\/\"><div class=\"grve-wrapper-icon grve-no-shape\" style=\"\"><i class=\"grve-text-red fas fa-chevron-circle-up\"><\/i><\/div><div class=\"grve-box-content\"><div class=\"grve-box-title-wrapper\"><h3 class=\"grve-box-title grve-h3\">Elevar la Eficiencia Operacional en Varias \u00c1reas<\/h3><\/div>  <p class=\"grve-leader-text\">La eficiencia operativa depende cada vez m\u00e1s de la correcta distribuci\u00f3n de informaciones correctas y precisas. Es posible aumentar la eficiencia operativa de varios procesos con la mejora de la calidad de los datos.<\/p><\/div><\/a><\/div><div class=\"grve-element grve-box-icon grve-medium grve-side-icon grve-align-left caixa\" style=\"margin-bottom: 50px;\"><a href=\"\/es\/governanca-de-dados\/\"><div class=\"grve-wrapper-icon grve-no-shape\" style=\"\"><i class=\"grve-text-red fas fa-book\"><\/i><\/div><div class=\"grve-box-content\"><div class=\"grve-box-title-wrapper\"><h3 class=\"grve-box-title grve-h3\">Convertir la Gobernanza de Dados en Vantaja Competitiva<\/h3><\/div>  <p class=\"grve-leader-text\">Los Datos pueden revelar ideas para el aumento de la competitividad. Las empresas con una buena gobernanza de datos salen adelante y detectan demandas inexplotadas mucho antes de sus concurrentes.<\/p><\/div><\/a><\/div><div class=\"grve-element grve-box-icon grve-medium grve-side-icon grve-align-left caixa\" style=\"margin-bottom: 50px;\"><a href=\"\/es\/adequacao_a_lgpd\/\"><div class=\"grve-wrapper-icon grve-no-shape\" style=\"\"><i class=\"grve-text-red fas fa-gavel\"><\/i><\/div><div class=\"grve-box-content\"><div class=\"grve-box-title-wrapper\"><h3 class=\"grve-box-title grve-h3\">Aprovechar el Cumplimiento a la GDPR y LGPD<\/h3><\/div>  <p class=\"grve-leader-text\">La regulaci\u00f3n del uso de datos promueve un entorno m\u00e1s sano y justo para las empresas y sus consumidores. Una mejor gesti\u00f3n de datos puede llevar su empresa a un nuevo nivel de eficiencia y precisi\u00f3n.<\/p><\/div><\/a><\/div><div class=\"grve-element grve-box-icon grve-medium grve-side-icon grve-align-left caixa\" style=\"margin-bottom: 50px;\"><a href=\"\/es\/data-driven\/\"><div class=\"grve-wrapper-icon grve-no-shape\" style=\"\"><i class=\"grve-text-red fas fa-chart-line\"><\/i><\/div><div class=\"grve-box-content\"><div class=\"grve-box-title-wrapper\"><h3 class=\"grve-box-title grve-h3\">Convertirse en una Empresa Basada en Datos<\/h3><\/div>  <p class=\"grve-leader-text\">Las empresas basadas en datos requieren una gesti\u00f3n de datos precisa, ya que la calidad de los datos tiene un gran impacto en los an\u00e1lisis y en la fiabilidad. Los beneficios son innegables: mejores decisiones de gesti\u00f3n en todos los niveles, mejores decisiones estrat\u00e9gicas y conocimientos que pueden valer millones.<\/p><\/div><\/a><\/div>[\/vc_column][vc_column width=&#8221;1\/2&#8243;][vc_column_text css=&#8221;.vc_custom_1645625890663{padding-bottom: 30px !important;}&#8221;]<\/p>\n<h3 style=\"text-align: center;\">Como resolvemos&#8230;<\/h3>\n<p>[\/vc_column_text]<div class=\"grve-element grve-box-icon grve-medium grve-side-icon grve-align-left caixa\" style=\"margin-bottom: 50px;\"><a href=\"\/es\/visao-360-do-cliente\/\"><div class=\"grve-wrapper-icon grve-no-shape\" style=\"\"><i class=\"grve-text-red fas fa-street-view\"><\/i><\/div><div class=\"grve-box-content\"><div class=\"grve-box-title-wrapper\"><h3 class=\"grve-box-title grve-h3\">Visi\u00f3n 360\u00ba del Cliente<\/h3><\/div>  <p class=\"grve-leader-text\">\u00a1Informaci\u00f3n capaz de fidelizar, comprometer e impulsar negocios!<\/p><\/div><\/a><\/div><div class=\"grve-element grve-box-icon grve-medium grve-side-icon grve-align-left caixa\" style=\"margin-bottom: 50px;\"><a href=\"\/es\/mdm-de-clientes\/\"><div class=\"grve-wrapper-icon grve-no-shape\" style=\"\"><i class=\"grve-text-red fas fa-user-friends\"><\/i><\/div><div class=\"grve-box-content\"><div class=\"grve-box-title-wrapper\"><h3 class=\"grve-box-title grve-h3\">MDM de Clientes<\/h3><\/div>  <p class=\"grve-leader-text\">Gesti\u00f3n de Datos Maestros de Personas F\u00edsicas y Jur\u00eddicas<\/p><\/div><\/a><\/div><div class=\"grve-element grve-box-icon grve-medium grve-side-icon grve-align-left caixa\" style=\"margin-bottom: 50px;\"><a href=\"\/es\/servicos-gerenciados\/\"><div class=\"grve-wrapper-icon grve-no-shape\" style=\"\"><i class=\"grve-text-red far fa-handshake\"><\/i><\/div><div class=\"grve-box-content\"><div class=\"grve-box-title-wrapper\"><h3 class=\"grve-box-title grve-h3\">Servicios Gestionados<\/h3><\/div>  <p class=\"grve-leader-text\">Servicios especializados para apoyar y evolucionar su gesti\u00f3n de datos.<\/p><\/div><\/a><\/div><div class=\"grve-element grve-box-icon grve-medium grve-side-icon grve-align-left caixa\" style=\"margin-bottom: 50px;\"><a href=\"\/es\/consultoria\/\"><div class=\"grve-wrapper-icon grve-no-shape\" style=\"\"><i class=\"grve-text-red fas fa-magic\"><\/i><\/div><div class=\"grve-box-content\"><div class=\"grve-box-title-wrapper\"><h3 class=\"grve-box-title grve-h3\">Consultor\u00eda<\/h3><\/div>  <p class=\"grve-leader-text\">Servi\u00e7os especializados para facilitar sua gest\u00e3o de dados. Conozca nuestra Plataforma de Datos Empresariales y los servicios de Gesti\u00f3n y Gobernancia de Datos y Adequaci\u00f3n a la LGPD.<\/p><\/div><\/a><\/div><div class=\"grve-element grve-box-icon grve-medium grve-side-icon grve-align-left caixa\" style=\"margin-bottom: 50px;\"><a href=\"\/es\/tratamento-de-dados\/\"><div class=\"grve-wrapper-icon grve-no-shape\" style=\"\"><i class=\"grve-text-red fas fa-database\"><\/i><\/div><div class=\"grve-box-content\"><div class=\"grve-box-title-wrapper\"><h3 class=\"grve-box-title grve-h3\">Procesamiento de Datos<\/h3><\/div>  <p class=\"grve-leader-text\">Metodolog\u00eda propia y equipo calificado para el tratamiento de los datos de su empresa. Cuente con Assesso para realizar el Diagn\u00f3stico de Calidad de los Datos, Saneamiento de Datos, Enriquecimiento de Datos y Conversi\u00f3n y Migraci\u00f3n de Datos.<\/p><\/div><\/a><\/div><div class=\"grve-empty-space grve-height-2x\" style=\"\"><\/div><div class=\"grve-element grve-callout grve-btn-bottom\" style=\"\">  <div class=\"grve-callout-wrapper\"><h3 class=\"grve-callout-content grve-h3\">Tenga una visi\u00f3n unificada de su cliente<\/h3>    <p class=\"\">Si desea llevar a su empresa a un nuevo nivel de inteligencia basada en datos, programe una conversaci\u00f3n con Assesso y sepa todo lo que Datacare puede hacer por usted.<\/p>  <\/div>  <div class=\"grve-button-wrapper\"><a href=\"\/es\/contato\" class=\"grve-btn grve-btn-medium grve-shadow-small grve-square grve-bg-primary-1 grve-bg-hover-primary-1\"><span>Programar una Charla<\/span><\/a>  <\/div><\/div>[\/vc_column][\/vc_row]<\/p>\n","protected":false},"excerpt":{"rendered":"<p>[vc_row padding_bottom_multiplier=&#8221;2x&#8221;][vc_column][vc_column_text] Haga clic en la opci\u00f3n deseada para obtener m\u00e1s informaci\u00f3n. [\/vc_column_text][\/vc_column][\/vc_row][vc_row padding_top_multiplier=&#8221;2x&#8221; padding_bottom_multiplier=&#8221;2x&#8221; columns_gap=&#8221;60&#8243;][vc_column width=&#8221;1\/2&#8243;][vc_column_text css=&#8221;.vc_custom_1645625877460{padding-bottom: 30px !important;}&#8221;] \u00bfCu\u00e1l es su reto? [\/vc_column_text][\/vc_column][vc_column width=&#8221;1\/2&#8243;][vc_column_text css=&#8221;.vc_custom_1645625890663{padding-bottom: 30px !important;}&#8221;] Como resolvemos&#8230; [\/vc_column_text][\/vc_column][\/vc_row]<\/p>\n","protected":false},"author":10,"featured_media":0,"parent":0,"menu_order":0,"comment_status":"closed","ping_status":"closed","template":"","meta":{"footnotes":""},"class_list":["post-2157","page","type-page","status-publish","hentry"],"yoast_head":"<!-- This site is optimized with the Yoast SEO plugin v18.0 - https:\/\/yoast.com\/wordpress\/plugins\/seo\/ -->\n<title>Soluciones - Assesso - Espa\u00f1ol<\/title>\n<meta name=\"robots\" content=\"index, follow, max-snippet:-1, max-image-preview:large, max-video-preview:-1\" \/>\n<link rel=\"canonical\" href=\"https:\/\/www.assesso.com.br\/es\/soluciones\/\" \/>\n<meta property=\"og:locale\" content=\"es_ES\" \/>\n<meta property=\"og:type\" content=\"article\" \/>\n<meta property=\"og:title\" content=\"Soluciones - Assesso - Espa\u00f1ol\" \/>\n<meta property=\"og:description\" content=\"[vc_row padding_bottom_multiplier=&#8221;2x&#8221;][vc_column][vc_column_text] Haga clic en la opci\u00f3n deseada para obtener m\u00e1s informaci\u00f3n. [\/vc_column_text][\/vc_column][\/vc_row][vc_row padding_top_multiplier=&#8221;2x&#8221; padding_bottom_multiplier=&#8221;2x&#8221; columns_gap=&#8221;60&#8243;][vc_column width=&#8221;1\/2&#8243;][vc_column_text css=&#8221;.vc_custom_1645625877460{padding-bottom: 30px !important;}&#8221;] \u00bfCu\u00e1l es su reto? [\/vc_column_text][\/vc_column][vc_column width=&#8221;1\/2&#8243;][vc_column_text css=&#8221;.vc_custom_1645625890663{padding-bottom: 30px !important;}&#8221;] Como resolvemos&#8230; [\/vc_column_text][\/vc_column][\/vc_row]\" \/>\n<meta property=\"og:url\" content=\"https:\/\/www.assesso.com.br\/es\/soluciones\/\" \/>\n<meta property=\"og:site_name\" content=\"Assesso - Espa\u00f1ol\" \/>\n<meta property=\"article:modified_time\" content=\"2022-03-29T13:49:53+00:00\" \/>\n<meta name=\"twitter:card\" content=\"summary_large_image\" \/>\n<meta name=\"twitter:label1\" content=\"Tiempo de lectura\" \/>\n\t<meta name=\"twitter:data1\" content=\"3 minutos\" \/>\n<script type=\"application\/ld+json\" class=\"yoast-schema-graph\">{\"@context\":\"https:\/\/schema.org\",\"@graph\":[{\"@type\":\"WebSite\",\"@id\":\"https:\/\/www.assesso.com.br\/#website\",\"url\":\"https:\/\/www.assesso.com.br\/\",\"name\":\"Assesso - Espa\u00f1ol\",\"description\":\"Conectando dados a decis\u00f5es\",\"potentialAction\":[{\"@type\":\"SearchAction\",\"target\":{\"@type\":\"EntryPoint\",\"urlTemplate\":\"https:\/\/www.assesso.com.br\/?s={search_term_string}\"},\"query-input\":\"required name=search_term_string\"}],\"inLanguage\":\"es\"},{\"@type\":\"WebPage\",\"@id\":\"https:\/\/www.assesso.com.br\/es\/soluciones\/#webpage\",\"url\":\"https:\/\/www.assesso.com.br\/es\/soluciones\/\",\"name\":\"Soluciones - Assesso - Espa\u00f1ol\",\"isPartOf\":{\"@id\":\"https:\/\/www.assesso.com.br\/#website\"},\"datePublished\":\"2022-02-23T14:16:44+00:00\",\"dateModified\":\"2022-03-29T13:49:53+00:00\",\"breadcrumb\":{\"@id\":\"https:\/\/www.assesso.com.br\/es\/soluciones\/#breadcrumb\"},\"inLanguage\":\"es\",\"potentialAction\":[{\"@type\":\"ReadAction\",\"target\":[\"https:\/\/www.assesso.com.br\/es\/soluciones\/\"]}]},{\"@type\":\"BreadcrumbList\",\"@id\":\"https:\/\/www.assesso.com.br\/es\/soluciones\/#breadcrumb\",\"itemListElement\":[{\"@type\":\"ListItem\",\"position\":1,\"name\":\"In\u00edcio\",\"item\":\"https:\/\/www.assesso.com.br\/es\/\"},{\"@type\":\"ListItem\",\"position\":2,\"name\":\"Soluciones\"}]}]}<\/script>\n<!-- \/ Yoast SEO plugin. -->","yoast_head_json":{"title":"Soluciones - Assesso - Espa\u00f1ol","robots":{"index":"index","follow":"follow","max-snippet":"max-snippet:-1","max-image-preview":"max-image-preview:large","max-video-preview":"max-video-preview:-1"},"canonical":"https:\/\/www.assesso.com.br\/es\/soluciones\/","og_locale":"es_ES","og_type":"article","og_title":"Soluciones - Assesso - Espa\u00f1ol","og_description":"[vc_row padding_bottom_multiplier=&#8221;2x&#8221;][vc_column][vc_column_text] Haga clic en la opci\u00f3n deseada para obtener m\u00e1s informaci\u00f3n. [\/vc_column_text][\/vc_column][\/vc_row][vc_row padding_top_multiplier=&#8221;2x&#8221; padding_bottom_multiplier=&#8221;2x&#8221; columns_gap=&#8221;60&#8243;][vc_column width=&#8221;1\/2&#8243;][vc_column_text css=&#8221;.vc_custom_1645625877460{padding-bottom: 30px !important;}&#8221;] \u00bfCu\u00e1l es su reto? [\/vc_column_text][\/vc_column][vc_column width=&#8221;1\/2&#8243;][vc_column_text css=&#8221;.vc_custom_1645625890663{padding-bottom: 30px !important;}&#8221;] Como resolvemos&#8230; [\/vc_column_text][\/vc_column][\/vc_row]","og_url":"https:\/\/www.assesso.com.br\/es\/soluciones\/","og_site_name":"Assesso - Espa\u00f1ol","article_modified_time":"2022-03-29T13:49:53+00:00","twitter_card":"summary_large_image","twitter_misc":{"Tiempo de lectura":"3 minutos"},"schema":{"@context":"https:\/\/schema.org","@graph":[{"@type":"WebSite","@id":"https:\/\/www.assesso.com.br\/#website","url":"https:\/\/www.assesso.com.br\/","name":"Assesso - Espa\u00f1ol","description":"Conectando dados a decis\u00f5es","potentialAction":[{"@type":"SearchAction","target":{"@type":"EntryPoint","urlTemplate":"https:\/\/www.assesso.com.br\/?s={search_term_string}"},"query-input":"required name=search_term_string"}],"inLanguage":"es"},{"@type":"WebPage","@id":"https:\/\/www.assesso.com.br\/es\/soluciones\/#webpage","url":"https:\/\/www.assesso.com.br\/es\/soluciones\/","name":"Soluciones - Assesso - Espa\u00f1ol","isPartOf":{"@id":"https:\/\/www.assesso.com.br\/#website"},"datePublished":"2022-02-23T14:16:44+00:00","dateModified":"2022-03-29T13:49:53+00:00","breadcrumb":{"@id":"https:\/\/www.assesso.com.br\/es\/soluciones\/#breadcrumb"},"inLanguage":"es","potentialAction":[{"@type":"ReadAction","target":["https:\/\/www.assesso.com.br\/es\/soluciones\/"]}]},{"@type":"BreadcrumbList","@id":"https:\/\/www.assesso.com.br\/es\/soluciones\/#breadcrumb","itemListElement":[{"@type":"ListItem","position":1,"name":"In\u00edcio","item":"https:\/\/www.assesso.com.br\/es\/"},{"@type":"ListItem","position":2,"name":"Soluciones"}]}]}},"_links":{"self":[{"href":"https:\/\/www.assesso.com.br\/es\/wp-json\/wp\/v2\/pages\/2157","targetHints":{"allow":["GET"]}}],"collection":[{"href":"https:\/\/www.assesso.com.br\/es\/wp-json\/wp\/v2\/pages"}],"about":[{"href":"https:\/\/www.assesso.com.br\/es\/wp-json\/wp\/v2\/types\/page"}],"author":[{"embeddable":true,"href":"https:\/\/www.assesso.com.br\/es\/wp-json\/wp\/v2\/users\/10"}],"replies":[{"embeddable":true,"href":"https:\/\/www.assesso.com.br\/es\/wp-json\/wp\/v2\/comments?post=2157"}],"version-history":[{"count":7,"href":"https:\/\/www.assesso.com.br\/es\/wp-json\/wp\/v2\/pages\/2157\/revisions"}],"predecessor-version":[{"id":2178,"href":"https:\/\/www.assesso.com.br\/es\/wp-json\/wp\/v2\/pages\/2157\/revisions\/2178"}],"wp:attachment":[{"href":"https:\/\/www.assesso.com.br\/es\/wp-json\/wp\/v2\/media?parent=2157"}],"curies":[{"name":"wp","href":"https:\/\/api.w.org\/{rel}","templated":true}]}}