{"id":2195,"date":"2023-04-10T17:41:04","date_gmt":"2023-04-10T20:41:04","guid":{"rendered":"https:\/\/www.assesso.com.br\/es\/?page_id=2195"},"modified":"2023-04-10T18:01:51","modified_gmt":"2023-04-10T21:01:51","slug":"isg-provider-lens-analytics-services-2021-brazil","status":"publish","type":"page","link":"https:\/\/www.assesso.com.br\/es\/isg-provider-lens-analytics-services-2021-brazil\/","title":{"rendered":"ISG Provider Lens&#x2122; Analytics Services 2021 &#8211; Brazil"},"content":{"rendered":"<p>[vc_row][vc_column]<style type=\"text\/css\">.grve-title-gradient.grve-title-69f4d16667c98 > span,.grve-title-gradient.grve-title-69f4d16667c98 .grve-clipping-content > span {color: #dd3333;background-image: -moz-linear-gradient(-45deg, #dd3333 0%, #003a40 100%);background-image: -webkit-linear-gradient(-45deg, #dd3333 0%, #003a40 100%);background-image: linear-gradient(135deg, #dd3333 0%, #003a40 100%);}<\/style><h2 class=\"grve-element grve-title grve-align-center grve-h2 grve-increase-heading grve-heading-140 grve-title-gradient grve-title-69f4d16667c98\" style=\"\"><span>Assesso \u00e9 Rising Star<\/span><\/h2><div class=\"grve-element grve-title grve-align-center grve-leader-text grve-increase-heading grve-heading-140\" style=\"\"><span>El estudio ISG Provider Lens&#x2122; Analytics Services 2021 Brasil clasifica a Assesso como una &#8220;Estrella en ascenso&#8221; en el cuadrante de Servicios de gesti\u00f3n del ciclo de vida de datos.<\/span><\/div>[\/vc_column][\/vc_row][vc_row][vc_column width=&#8221;2\/3&#8243;]<div class=\"grve-element grve-image grve-align-center\" style=\"\">  <div class=\"grve-image-wrapper\"><img loading=\"lazy\" decoding=\"async\" width=\"1113\" height=\"770\" src=\"https:\/\/www.assesso.com.br\/es\/wp-content\/uploads\/3\/2023\/04\/quadrante_analytics_data_lifecycle_management_services.png\" class=\"attachment-full size-full\" alt=\"\" srcset=\"https:\/\/www.assesso.com.br\/es\/wp-content\/uploads\/3\/2023\/04\/quadrante_analytics_data_lifecycle_management_services.png 1113w, https:\/\/www.assesso.com.br\/es\/wp-content\/uploads\/3\/2023\/04\/quadrante_analytics_data_lifecycle_management_services-300x208.png 300w, https:\/\/www.assesso.com.br\/es\/wp-content\/uploads\/3\/2023\/04\/quadrante_analytics_data_lifecycle_management_services-1024x708.png 1024w, https:\/\/www.assesso.com.br\/es\/wp-content\/uploads\/3\/2023\/04\/quadrante_analytics_data_lifecycle_management_services-768x531.png 768w\" sizes=\"auto, (max-width: 1113px) 100vw, 1113px\" \/>   <\/div><\/div><div class=\"ult-spacer spacer-69f4d166682fa\" data-id=\"69f4d166682fa\" data-height=\"20\" data-height-mobile=\"20\" data-height-tab=\"20\" data-height-tab-portrait=\"\" data-height-mobile-landscape=\"\" style=\"clear:both;display:block;\"><\/div>[vc_column_text]Seg\u00fan el estudio, la plataforma Datacare desarrollada por Assesso ofrece un conjunto de servicios de gesti\u00f3n de datos, con funciones low-code\/no-code para auditor\u00eda de datos, calidad de datos con especificaciones locales, consistencia de datos, higiene de datos, as\u00ed como enriquecimiento de datos y referencia de datos a trav\u00e9s de m\u00faltiples fuentes.<\/p>\n<p>El estudio destaca las certificaciones logradas por Assesso, as\u00ed como la aplicaci\u00f3n de metodolog\u00edas desarrolladas por MIT, que hacen que Assesso sea capaz de ofrecer las mejores pr\u00e1cticas en la gesti\u00f3n del ciclo de vida de los datos.<\/p>\n<p>Rising Star (estrella en ascenso) es una clasificaci\u00f3n asignada a empresas que presentan fortalezas competitivas que pueden apalancar la posici\u00f3n de la empresa en un corto per\u00edodo de tiempo.[\/vc_column_text][\/vc_column][vc_column width=&#8221;1\/3&#8243;][vc_column_text]<\/p>\n<h3>Descargue ISG Provider Lens&#x2122;<\/h3>\n<p>Puede descargar una versi\u00f3n personalizada del estudio ISG Provider Lens&#x2122; Analytics Services 2021 de forma gratuita. Complete el siguiente formulario para recibir una copia en su correo electr\u00f3nico.[\/vc_column_text][vc_raw_js]JTNDc2NyaXB0JTIwdHlwZSUzRCUyMnRleHQlMkZqYXZhc2NyaXB0JTIyJTIwc3JjJTNEJTIyJTJGJTJGY29udGVudC5hc3Nlc3NvLmNvbS5iciUyRmZvcm0lMkZnZW5lcmF0ZS5qcyUzRmlkJTNEMTAlMjIlM0UlM0MlMkZzY3JpcHQlM0U=[\/vc_raw_js][\/vc_column][\/vc_row]<\/p>\n","protected":false},"excerpt":{"rendered":"<p>[vc_row][vc_column][\/vc_column][\/vc_row][vc_row][vc_column width=&#8221;2\/3&#8243;][vc_column_text]Seg\u00fan el estudio, la plataforma Datacare desarrollada por Assesso ofrece un conjunto de servicios de gesti\u00f3n de datos, con funciones low-code\/no-code para auditor\u00eda de datos, calidad de datos con especificaciones locales, consistencia de datos, higiene de datos, as\u00ed como enriquecimiento de datos y referencia de datos a trav\u00e9s de m\u00faltiples fuentes. El estudio destaca [&hellip;]<\/p>\n","protected":false},"author":13,"featured_media":0,"parent":0,"menu_order":0,"comment_status":"closed","ping_status":"closed","template":"","meta":{"footnotes":""},"class_list":["post-2195","page","type-page","status-publish","hentry"],"yoast_head":"<!-- This site is optimized with the Yoast SEO plugin v18.0 - https:\/\/yoast.com\/wordpress\/plugins\/seo\/ -->\n<title>ISG Provider Lens&#x2122; Analytics Services 2021 - Brazil - Assesso - Espa\u00f1ol<\/title>\n<meta name=\"robots\" content=\"index, follow, max-snippet:-1, max-image-preview:large, max-video-preview:-1\" \/>\n<link rel=\"canonical\" href=\"https:\/\/www.assesso.com.br\/es\/isg-provider-lens-analytics-services-2021-brazil\/\" \/>\n<meta property=\"og:locale\" content=\"es_ES\" \/>\n<meta property=\"og:type\" content=\"article\" \/>\n<meta property=\"og:title\" content=\"ISG Provider Lens&#x2122; Analytics Services 2021 - Brazil - Assesso - Espa\u00f1ol\" \/>\n<meta property=\"og:description\" content=\"[vc_row][vc_column][\/vc_column][\/vc_row][vc_row][vc_column width=&#8221;2\/3&#8243;][vc_column_text]Seg\u00fan el estudio, la plataforma Datacare desarrollada por Assesso ofrece un conjunto de servicios de gesti\u00f3n de datos, con funciones low-code\/no-code para auditor\u00eda de datos, calidad de datos con especificaciones locales, consistencia de datos, higiene de datos, as\u00ed como enriquecimiento de datos y referencia de datos a trav\u00e9s de m\u00faltiples fuentes. El estudio destaca [&hellip;]\" \/>\n<meta property=\"og:url\" content=\"https:\/\/www.assesso.com.br\/es\/isg-provider-lens-analytics-services-2021-brazil\/\" \/>\n<meta property=\"og:site_name\" content=\"Assesso - Espa\u00f1ol\" \/>\n<meta property=\"article:modified_time\" content=\"2023-04-10T21:01:51+00:00\" \/>\n<meta name=\"twitter:card\" content=\"summary_large_image\" \/>\n<meta name=\"twitter:label1\" content=\"Tiempo de lectura\" \/>\n\t<meta name=\"twitter:data1\" content=\"1 minuto\" \/>\n<script type=\"application\/ld+json\" class=\"yoast-schema-graph\">{\"@context\":\"https:\/\/schema.org\",\"@graph\":[{\"@type\":\"WebSite\",\"@id\":\"https:\/\/www.assesso.com.br\/#website\",\"url\":\"https:\/\/www.assesso.com.br\/\",\"name\":\"Assesso - Espa\u00f1ol\",\"description\":\"Conectando dados a decis\u00f5es\",\"potentialAction\":[{\"@type\":\"SearchAction\",\"target\":{\"@type\":\"EntryPoint\",\"urlTemplate\":\"https:\/\/www.assesso.com.br\/?s={search_term_string}\"},\"query-input\":\"required name=search_term_string\"}],\"inLanguage\":\"es\"},{\"@type\":\"WebPage\",\"@id\":\"https:\/\/www.assesso.com.br\/es\/isg-provider-lens-analytics-services-2021-brazil\/#webpage\",\"url\":\"https:\/\/www.assesso.com.br\/es\/isg-provider-lens-analytics-services-2021-brazil\/\",\"name\":\"ISG Provider Lens&#x2122; Analytics Services 2021 - Brazil - Assesso - Espa\u00f1ol\",\"isPartOf\":{\"@id\":\"https:\/\/www.assesso.com.br\/#website\"},\"datePublished\":\"2023-04-10T20:41:04+00:00\",\"dateModified\":\"2023-04-10T21:01:51+00:00\",\"breadcrumb\":{\"@id\":\"https:\/\/www.assesso.com.br\/es\/isg-provider-lens-analytics-services-2021-brazil\/#breadcrumb\"},\"inLanguage\":\"es\",\"potentialAction\":[{\"@type\":\"ReadAction\",\"target\":[\"https:\/\/www.assesso.com.br\/es\/isg-provider-lens-analytics-services-2021-brazil\/\"]}]},{\"@type\":\"BreadcrumbList\",\"@id\":\"https:\/\/www.assesso.com.br\/es\/isg-provider-lens-analytics-services-2021-brazil\/#breadcrumb\",\"itemListElement\":[{\"@type\":\"ListItem\",\"position\":1,\"name\":\"In\u00edcio\",\"item\":\"https:\/\/www.assesso.com.br\/es\/\"},{\"@type\":\"ListItem\",\"position\":2,\"name\":\"ISG Provider Lens&#x2122; Analytics Services 2021 &#8211; Brazil\"}]}]}<\/script>\n<!-- \/ Yoast SEO plugin. -->","yoast_head_json":{"title":"ISG Provider Lens&#x2122; Analytics Services 2021 - Brazil - Assesso - Espa\u00f1ol","robots":{"index":"index","follow":"follow","max-snippet":"max-snippet:-1","max-image-preview":"max-image-preview:large","max-video-preview":"max-video-preview:-1"},"canonical":"https:\/\/www.assesso.com.br\/es\/isg-provider-lens-analytics-services-2021-brazil\/","og_locale":"es_ES","og_type":"article","og_title":"ISG Provider Lens&#x2122; Analytics Services 2021 - Brazil - Assesso - Espa\u00f1ol","og_description":"[vc_row][vc_column][\/vc_column][\/vc_row][vc_row][vc_column width=&#8221;2\/3&#8243;][vc_column_text]Seg\u00fan el estudio, la plataforma Datacare desarrollada por Assesso ofrece un conjunto de servicios de gesti\u00f3n de datos, con funciones low-code\/no-code para auditor\u00eda de datos, calidad de datos con especificaciones locales, consistencia de datos, higiene de datos, as\u00ed como enriquecimiento de datos y referencia de datos a trav\u00e9s de m\u00faltiples fuentes. El estudio destaca [&hellip;]","og_url":"https:\/\/www.assesso.com.br\/es\/isg-provider-lens-analytics-services-2021-brazil\/","og_site_name":"Assesso - Espa\u00f1ol","article_modified_time":"2023-04-10T21:01:51+00:00","twitter_card":"summary_large_image","twitter_misc":{"Tiempo de lectura":"1 minuto"},"schema":{"@context":"https:\/\/schema.org","@graph":[{"@type":"WebSite","@id":"https:\/\/www.assesso.com.br\/#website","url":"https:\/\/www.assesso.com.br\/","name":"Assesso - Espa\u00f1ol","description":"Conectando dados a decis\u00f5es","potentialAction":[{"@type":"SearchAction","target":{"@type":"EntryPoint","urlTemplate":"https:\/\/www.assesso.com.br\/?s={search_term_string}"},"query-input":"required name=search_term_string"}],"inLanguage":"es"},{"@type":"WebPage","@id":"https:\/\/www.assesso.com.br\/es\/isg-provider-lens-analytics-services-2021-brazil\/#webpage","url":"https:\/\/www.assesso.com.br\/es\/isg-provider-lens-analytics-services-2021-brazil\/","name":"ISG Provider Lens&#x2122; Analytics Services 2021 - Brazil - Assesso - Espa\u00f1ol","isPartOf":{"@id":"https:\/\/www.assesso.com.br\/#website"},"datePublished":"2023-04-10T20:41:04+00:00","dateModified":"2023-04-10T21:01:51+00:00","breadcrumb":{"@id":"https:\/\/www.assesso.com.br\/es\/isg-provider-lens-analytics-services-2021-brazil\/#breadcrumb"},"inLanguage":"es","potentialAction":[{"@type":"ReadAction","target":["https:\/\/www.assesso.com.br\/es\/isg-provider-lens-analytics-services-2021-brazil\/"]}]},{"@type":"BreadcrumbList","@id":"https:\/\/www.assesso.com.br\/es\/isg-provider-lens-analytics-services-2021-brazil\/#breadcrumb","itemListElement":[{"@type":"ListItem","position":1,"name":"In\u00edcio","item":"https:\/\/www.assesso.com.br\/es\/"},{"@type":"ListItem","position":2,"name":"ISG Provider Lens&#x2122; Analytics Services 2021 &#8211; Brazil"}]}]}},"_links":{"self":[{"href":"https:\/\/www.assesso.com.br\/es\/wp-json\/wp\/v2\/pages\/2195","targetHints":{"allow":["GET"]}}],"collection":[{"href":"https:\/\/www.assesso.com.br\/es\/wp-json\/wp\/v2\/pages"}],"about":[{"href":"https:\/\/www.assesso.com.br\/es\/wp-json\/wp\/v2\/types\/page"}],"author":[{"embeddable":true,"href":"https:\/\/www.assesso.com.br\/es\/wp-json\/wp\/v2\/users\/13"}],"replies":[{"embeddable":true,"href":"https:\/\/www.assesso.com.br\/es\/wp-json\/wp\/v2\/comments?post=2195"}],"version-history":[{"count":6,"href":"https:\/\/www.assesso.com.br\/es\/wp-json\/wp\/v2\/pages\/2195\/revisions"}],"predecessor-version":[{"id":2202,"href":"https:\/\/www.assesso.com.br\/es\/wp-json\/wp\/v2\/pages\/2195\/revisions\/2202"}],"wp:attachment":[{"href":"https:\/\/www.assesso.com.br\/es\/wp-json\/wp\/v2\/media?parent=2195"}],"curies":[{"name":"wp","href":"https:\/\/api.w.org\/{rel}","templated":true}]}}