{"id":2204,"date":"2023-04-10T18:11:53","date_gmt":"2023-04-10T21:11:53","guid":{"rendered":"https:\/\/www.assesso.com.br\/es\/?page_id=2204"},"modified":"2023-04-10T18:17:41","modified_gmt":"2023-04-10T21:17:41","slug":"isg-provider-lens-analytics-platforms-2022-brazil","status":"publish","type":"page","link":"https:\/\/www.assesso.com.br\/es\/isg-provider-lens-analytics-platforms-2022-brazil\/","title":{"rendered":"ISG Provider Lens&#x2122; Analytics Platforms 2022 &#8211; Brazil"},"content":{"rendered":"<p>[vc_row][vc_column]<style type=\"text\/css\">.grve-title-gradient.grve-title-69f45ead7f310 > span,.grve-title-gradient.grve-title-69f45ead7f310 .grve-clipping-content > span {color: #dd3333;background-image: -moz-linear-gradient(-45deg, #dd3333 0%, #003a40 100%);background-image: -webkit-linear-gradient(-45deg, #dd3333 0%, #003a40 100%);background-image: linear-gradient(135deg, #dd3333 0%, #003a40 100%);}<\/style><h2 class=\"grve-element grve-title grve-align-center grve-h2 grve-increase-heading grve-heading-140 grve-title-gradient grve-title-69f45ead7f310\" style=\"\"><span>Assesso \u00e9 L\u00edder<\/span><\/h2><div class=\"grve-element grve-title grve-align-left grve-leader-text grve-increase-heading grve-heading-140\" style=\"\"><span>El estudio ISG Provider Lens&#x2122; Analytics Platforms 2022 Brasil clasifica a Assesso como &#8220;L\u00edder&#8221; en el cuadrante de Plataformas de Gobierno de Datos.<\/span><\/div>[\/vc_column][\/vc_row][vc_row][vc_column width=&#8221;2\/3&#8243;]<div class=\"grve-element grve-image grve-align-center\" style=\"\">  <div class=\"grve-image-wrapper\"><img loading=\"lazy\" decoding=\"async\" width=\"1726\" height=\"752\" src=\"https:\/\/www.assesso.com.br\/es\/wp-content\/uploads\/3\/2023\/04\/Assesso-Selo-Lider-Analytics-Platforms.png\" class=\"attachment-full size-full\" alt=\"\" srcset=\"https:\/\/www.assesso.com.br\/es\/wp-content\/uploads\/3\/2023\/04\/Assesso-Selo-Lider-Analytics-Platforms.png 1726w, https:\/\/www.assesso.com.br\/es\/wp-content\/uploads\/3\/2023\/04\/Assesso-Selo-Lider-Analytics-Platforms-300x131.png 300w, https:\/\/www.assesso.com.br\/es\/wp-content\/uploads\/3\/2023\/04\/Assesso-Selo-Lider-Analytics-Platforms-1024x446.png 1024w, https:\/\/www.assesso.com.br\/es\/wp-content\/uploads\/3\/2023\/04\/Assesso-Selo-Lider-Analytics-Platforms-768x335.png 768w, https:\/\/www.assesso.com.br\/es\/wp-content\/uploads\/3\/2023\/04\/Assesso-Selo-Lider-Analytics-Platforms-1536x669.png 1536w\" sizes=\"auto, (max-width: 1726px) 100vw, 1726px\" \/>   <\/div><\/div><div class=\"ult-spacer spacer-69f45ead7f845\" data-id=\"69f45ead7f845\" data-height=\"20\" data-height-mobile=\"20\" data-height-tab=\"20\" data-height-tab-portrait=\"\" data-height-mobile-landscape=\"\" style=\"clear:both;display:block;\"><\/div>[vc_column_text]Seg\u00fan el estudio, Assesso conquist\u00f3 varios clientes nuevos, grandes empresas en Brasil, muchas de ellas l\u00edderes en sus segmentos. Assesso logra as\u00ed ocupar un espacio relevante en el mercado frente a los grandes competidores multinacionales.<\/p>\n<p>Adem\u00e1s, la encuesta apunta a la implementaci\u00f3n exitosa de un plan de construcci\u00f3n de ecosistemas de socios. Assesso cuenta actualmente con 6 empresas asociadas, tanto para complementar\/integrar productos como para ejecutar proyectos.<\/p>\n<p>El estudio destaca la integraci\u00f3n de datos con la agencia de estad\u00edsticas del gobierno brasile\u00f1o, lo que representa un diferencial importante en el pa\u00eds en comparaci\u00f3n con los competidores internacionales. Esto, por ejemplo, permite agregar variables sociodemogr\u00e1ficas a una base de datos de clientes.<\/p>\n<p>.[\/vc_column_text][\/vc_column][vc_column width=&#8221;1\/3&#8243;][vc_column_text]<\/p>\n<h3>Descargue ISG Provider Lens&#x2122;<\/h3>\n<p>Puede descargar gratis una versi\u00f3n personalizada del estudio ISG Provider Lens&#x2122; Analytics \u2013 Platforms 2022. Complete el siguiente formulario para recibir una copia en su correo electr\u00f3nico.[\/vc_column_text][vc_raw_js]JTNDc2NyaXB0JTIwdHlwZSUzRCUyMnRleHQlMkZqYXZhc2NyaXB0JTIyJTIwc3JjJTNEJTIyJTJGJTJGY29udGVudC5hc3Nlc3NvLmNvbS5iciUyRmZvcm0lMkZnZW5lcmF0ZS5qcyUzRmlkJTNEOSUyMiUzRSUzQyUyRnNjcmlwdCUzRQ==[\/vc_raw_js][\/vc_column][\/vc_row]<\/p>\n","protected":false},"excerpt":{"rendered":"<p>[vc_row][vc_column][\/vc_column][\/vc_row][vc_row][vc_column width=&#8221;2\/3&#8243;][vc_column_text]Seg\u00fan el estudio, Assesso conquist\u00f3 varios clientes nuevos, grandes empresas en Brasil, muchas de ellas l\u00edderes en sus segmentos. Assesso logra as\u00ed ocupar un espacio relevante en el mercado frente a los grandes competidores multinacionales. Adem\u00e1s, la encuesta apunta a la implementaci\u00f3n exitosa de un plan de construcci\u00f3n de ecosistemas de socios. Assesso cuenta [&hellip;]<\/p>\n","protected":false},"author":13,"featured_media":0,"parent":0,"menu_order":0,"comment_status":"closed","ping_status":"closed","template":"","meta":{"footnotes":""},"class_list":["post-2204","page","type-page","status-publish","hentry"],"yoast_head":"<!-- This site is optimized with the Yoast SEO plugin v18.0 - https:\/\/yoast.com\/wordpress\/plugins\/seo\/ -->\n<title>ISG Provider Lens&#x2122; Analytics Platforms 2022 - Brazil - Assesso - Espa\u00f1ol<\/title>\n<meta name=\"robots\" content=\"index, follow, max-snippet:-1, max-image-preview:large, max-video-preview:-1\" \/>\n<link rel=\"canonical\" href=\"https:\/\/www.assesso.com.br\/es\/isg-provider-lens-analytics-platforms-2022-brazil\/\" \/>\n<meta property=\"og:locale\" content=\"es_ES\" \/>\n<meta property=\"og:type\" content=\"article\" \/>\n<meta property=\"og:title\" content=\"ISG Provider Lens&#x2122; Analytics Platforms 2022 - Brazil - Assesso - Espa\u00f1ol\" \/>\n<meta property=\"og:description\" content=\"[vc_row][vc_column][\/vc_column][\/vc_row][vc_row][vc_column width=&#8221;2\/3&#8243;][vc_column_text]Seg\u00fan el estudio, Assesso conquist\u00f3 varios clientes nuevos, grandes empresas en Brasil, muchas de ellas l\u00edderes en sus segmentos. Assesso logra as\u00ed ocupar un espacio relevante en el mercado frente a los grandes competidores multinacionales. Adem\u00e1s, la encuesta apunta a la implementaci\u00f3n exitosa de un plan de construcci\u00f3n de ecosistemas de socios. Assesso cuenta [&hellip;]\" \/>\n<meta property=\"og:url\" content=\"https:\/\/www.assesso.com.br\/es\/isg-provider-lens-analytics-platforms-2022-brazil\/\" \/>\n<meta property=\"og:site_name\" content=\"Assesso - Espa\u00f1ol\" \/>\n<meta property=\"article:modified_time\" content=\"2023-04-10T21:17:41+00:00\" \/>\n<meta name=\"twitter:card\" content=\"summary_large_image\" \/>\n<meta name=\"twitter:label1\" content=\"Tiempo de lectura\" \/>\n\t<meta name=\"twitter:data1\" content=\"1 minuto\" \/>\n<script type=\"application\/ld+json\" class=\"yoast-schema-graph\">{\"@context\":\"https:\/\/schema.org\",\"@graph\":[{\"@type\":\"WebSite\",\"@id\":\"https:\/\/www.assesso.com.br\/#website\",\"url\":\"https:\/\/www.assesso.com.br\/\",\"name\":\"Assesso - Espa\u00f1ol\",\"description\":\"Conectando dados a decis\u00f5es\",\"potentialAction\":[{\"@type\":\"SearchAction\",\"target\":{\"@type\":\"EntryPoint\",\"urlTemplate\":\"https:\/\/www.assesso.com.br\/?s={search_term_string}\"},\"query-input\":\"required name=search_term_string\"}],\"inLanguage\":\"es\"},{\"@type\":\"WebPage\",\"@id\":\"https:\/\/www.assesso.com.br\/es\/isg-provider-lens-analytics-platforms-2022-brazil\/#webpage\",\"url\":\"https:\/\/www.assesso.com.br\/es\/isg-provider-lens-analytics-platforms-2022-brazil\/\",\"name\":\"ISG Provider Lens&#x2122; Analytics Platforms 2022 - Brazil - Assesso - Espa\u00f1ol\",\"isPartOf\":{\"@id\":\"https:\/\/www.assesso.com.br\/#website\"},\"datePublished\":\"2023-04-10T21:11:53+00:00\",\"dateModified\":\"2023-04-10T21:17:41+00:00\",\"breadcrumb\":{\"@id\":\"https:\/\/www.assesso.com.br\/es\/isg-provider-lens-analytics-platforms-2022-brazil\/#breadcrumb\"},\"inLanguage\":\"es\",\"potentialAction\":[{\"@type\":\"ReadAction\",\"target\":[\"https:\/\/www.assesso.com.br\/es\/isg-provider-lens-analytics-platforms-2022-brazil\/\"]}]},{\"@type\":\"BreadcrumbList\",\"@id\":\"https:\/\/www.assesso.com.br\/es\/isg-provider-lens-analytics-platforms-2022-brazil\/#breadcrumb\",\"itemListElement\":[{\"@type\":\"ListItem\",\"position\":1,\"name\":\"In\u00edcio\",\"item\":\"https:\/\/www.assesso.com.br\/es\/\"},{\"@type\":\"ListItem\",\"position\":2,\"name\":\"ISG Provider Lens&#x2122; Analytics Platforms 2022 &#8211; Brazil\"}]}]}<\/script>\n<!-- \/ Yoast SEO plugin. -->","yoast_head_json":{"title":"ISG Provider Lens&#x2122; Analytics Platforms 2022 - Brazil - Assesso - Espa\u00f1ol","robots":{"index":"index","follow":"follow","max-snippet":"max-snippet:-1","max-image-preview":"max-image-preview:large","max-video-preview":"max-video-preview:-1"},"canonical":"https:\/\/www.assesso.com.br\/es\/isg-provider-lens-analytics-platforms-2022-brazil\/","og_locale":"es_ES","og_type":"article","og_title":"ISG Provider Lens&#x2122; Analytics Platforms 2022 - Brazil - Assesso - Espa\u00f1ol","og_description":"[vc_row][vc_column][\/vc_column][\/vc_row][vc_row][vc_column width=&#8221;2\/3&#8243;][vc_column_text]Seg\u00fan el estudio, Assesso conquist\u00f3 varios clientes nuevos, grandes empresas en Brasil, muchas de ellas l\u00edderes en sus segmentos. Assesso logra as\u00ed ocupar un espacio relevante en el mercado frente a los grandes competidores multinacionales. Adem\u00e1s, la encuesta apunta a la implementaci\u00f3n exitosa de un plan de construcci\u00f3n de ecosistemas de socios. Assesso cuenta [&hellip;]","og_url":"https:\/\/www.assesso.com.br\/es\/isg-provider-lens-analytics-platforms-2022-brazil\/","og_site_name":"Assesso - Espa\u00f1ol","article_modified_time":"2023-04-10T21:17:41+00:00","twitter_card":"summary_large_image","twitter_misc":{"Tiempo de lectura":"1 minuto"},"schema":{"@context":"https:\/\/schema.org","@graph":[{"@type":"WebSite","@id":"https:\/\/www.assesso.com.br\/#website","url":"https:\/\/www.assesso.com.br\/","name":"Assesso - Espa\u00f1ol","description":"Conectando dados a decis\u00f5es","potentialAction":[{"@type":"SearchAction","target":{"@type":"EntryPoint","urlTemplate":"https:\/\/www.assesso.com.br\/?s={search_term_string}"},"query-input":"required name=search_term_string"}],"inLanguage":"es"},{"@type":"WebPage","@id":"https:\/\/www.assesso.com.br\/es\/isg-provider-lens-analytics-platforms-2022-brazil\/#webpage","url":"https:\/\/www.assesso.com.br\/es\/isg-provider-lens-analytics-platforms-2022-brazil\/","name":"ISG Provider Lens&#x2122; Analytics Platforms 2022 - Brazil - Assesso - Espa\u00f1ol","isPartOf":{"@id":"https:\/\/www.assesso.com.br\/#website"},"datePublished":"2023-04-10T21:11:53+00:00","dateModified":"2023-04-10T21:17:41+00:00","breadcrumb":{"@id":"https:\/\/www.assesso.com.br\/es\/isg-provider-lens-analytics-platforms-2022-brazil\/#breadcrumb"},"inLanguage":"es","potentialAction":[{"@type":"ReadAction","target":["https:\/\/www.assesso.com.br\/es\/isg-provider-lens-analytics-platforms-2022-brazil\/"]}]},{"@type":"BreadcrumbList","@id":"https:\/\/www.assesso.com.br\/es\/isg-provider-lens-analytics-platforms-2022-brazil\/#breadcrumb","itemListElement":[{"@type":"ListItem","position":1,"name":"In\u00edcio","item":"https:\/\/www.assesso.com.br\/es\/"},{"@type":"ListItem","position":2,"name":"ISG Provider Lens&#x2122; Analytics Platforms 2022 &#8211; Brazil"}]}]}},"_links":{"self":[{"href":"https:\/\/www.assesso.com.br\/es\/wp-json\/wp\/v2\/pages\/2204","targetHints":{"allow":["GET"]}}],"collection":[{"href":"https:\/\/www.assesso.com.br\/es\/wp-json\/wp\/v2\/pages"}],"about":[{"href":"https:\/\/www.assesso.com.br\/es\/wp-json\/wp\/v2\/types\/page"}],"author":[{"embeddable":true,"href":"https:\/\/www.assesso.com.br\/es\/wp-json\/wp\/v2\/users\/13"}],"replies":[{"embeddable":true,"href":"https:\/\/www.assesso.com.br\/es\/wp-json\/wp\/v2\/comments?post=2204"}],"version-history":[{"count":6,"href":"https:\/\/www.assesso.com.br\/es\/wp-json\/wp\/v2\/pages\/2204\/revisions"}],"predecessor-version":[{"id":2210,"href":"https:\/\/www.assesso.com.br\/es\/wp-json\/wp\/v2\/pages\/2204\/revisions\/2210"}],"wp:attachment":[{"href":"https:\/\/www.assesso.com.br\/es\/wp-json\/wp\/v2\/media?parent=2204"}],"curies":[{"name":"wp","href":"https:\/\/api.w.org\/{rel}","templated":true}]}}