{"id":2234,"date":"2024-04-12T08:57:01","date_gmt":"2024-04-12T11:57:01","guid":{"rendered":"https:\/\/www.assesso.com.br\/es\/?page_id=2234"},"modified":"2024-04-12T09:32:08","modified_gmt":"2024-04-12T12:32:08","slug":"whitepaper","status":"publish","type":"page","link":"https:\/\/www.assesso.com.br\/es\/whitepaper\/","title":{"rendered":"Descarga nuestro White Paper"},"content":{"rendered":"<p>[vc_row][vc_column width=&#8221;2\/3&#8243;]<div class=\"ult-spacer spacer-69f25af2a2be3\" data-id=\"69f25af2a2be3\" data-height=\"20\" data-height-mobile=\"20\" data-height-tab=\"20\" data-height-tab-portrait=\"\" data-height-mobile-landscape=\"\" style=\"clear:both;display:block;\"><\/div><div class=\"grve-element grve-image grve-align-center\" style=\"\">  <div class=\"grve-image-wrapper\"><img loading=\"lazy\" decoding=\"async\" width=\"1120\" height=\"630\" src=\"https:\/\/www.assesso.com.br\/es\/wp-content\/uploads\/3\/2024\/04\/Assesso-Thumbnail-White-Paper-Datacare-16-9.png\" class=\"attachment-full size-full\" alt=\"\" srcset=\"https:\/\/www.assesso.com.br\/es\/wp-content\/uploads\/3\/2024\/04\/Assesso-Thumbnail-White-Paper-Datacare-16-9.png 1120w, https:\/\/www.assesso.com.br\/es\/wp-content\/uploads\/3\/2024\/04\/Assesso-Thumbnail-White-Paper-Datacare-16-9-300x169.png 300w, https:\/\/www.assesso.com.br\/es\/wp-content\/uploads\/3\/2024\/04\/Assesso-Thumbnail-White-Paper-Datacare-16-9-1024x576.png 1024w, https:\/\/www.assesso.com.br\/es\/wp-content\/uploads\/3\/2024\/04\/Assesso-Thumbnail-White-Paper-Datacare-16-9-768x432.png 768w\" sizes=\"auto, (max-width: 1120px) 100vw, 1120px\" \/>   <\/div><\/div>[vc_column_text]La gesti\u00f3n de datos es un tema bastante amplio y complejo. Sabemos que puede ser dif\u00edcil adentrarse en este universo. Para facilitar sus primeros pasos, hemos producido un documento compacto y directo al punto. En \u00e9l, describimos los principales beneficios y ventajas de usar Datacare, nuestra plataforma completa de gesti\u00f3n de datos.<\/p>\n<p>Tambi\u00e9n encontrar\u00e1 una ilustraci\u00f3n que resume el flujo de tratamiento utilizado por Datacare, junto con sus caracter\u00edsticas principales y m\u00e1s recientes.<\/p>\n<p>Complete el formulario y reciba nuestro White Paper para facilitar su comparaci\u00f3n con otras soluciones y sus discusiones internas. Y recuerde: puede hablar con Assesso en cualquier momento para ayudarlo a tomar la mejor decisi\u00f3n.[\/vc_column_text]<div class=\"ult-spacer spacer-69f25af2a3040\" data-id=\"69f25af2a3040\" data-height=\"20\" data-height-mobile=\"20\" data-height-tab=\"20\" data-height-tab-portrait=\"\" data-height-mobile-landscape=\"\" style=\"clear:both;display:block;\"><\/div>[\/vc_column][vc_column width=&#8221;1\/3&#8243;][vc_raw_html]JTNDc2NyaXB0JTIwdHlwZSUzRCUyMnRleHQlMkZqYXZhc2NyaXB0JTIyJTIwc3JjJTNEJTIyJTJGJTJGY29udGVudC5hc3Nlc3NvLmNvbS5iciUyRmZvcm0lMkZnZW5lcmF0ZS5qcyUzRmlkJTNEMTIlMjIlM0UlM0MlMkZzY3JpcHQlM0U=[\/vc_raw_html]<div class=\"ult-spacer spacer-69f25af2a3051\" data-id=\"69f25af2a3051\" data-height=\"20\" data-height-mobile=\"20\" data-height-tab=\"20\" data-height-tab-portrait=\"\" data-height-mobile-landscape=\"\" style=\"clear:both;display:block;\"><\/div>[\/vc_column][\/vc_row]<\/p>\n","protected":false},"excerpt":{"rendered":"<p>[vc_row][vc_column width=&#8221;2\/3&#8243;][vc_column_text]La gesti\u00f3n de datos es un tema bastante amplio y complejo. Sabemos que puede ser dif\u00edcil adentrarse en este universo. Para facilitar sus primeros pasos, hemos producido un documento compacto y directo al punto. En \u00e9l, describimos los principales beneficios y ventajas de usar Datacare, nuestra plataforma completa de gesti\u00f3n de datos. Tambi\u00e9n encontrar\u00e1 [&hellip;]<\/p>\n","protected":false},"author":10,"featured_media":0,"parent":0,"menu_order":0,"comment_status":"closed","ping_status":"closed","template":"","meta":{"footnotes":""},"class_list":["post-2234","page","type-page","status-publish","hentry"],"yoast_head":"<!-- This site is optimized with the Yoast SEO plugin v18.0 - https:\/\/yoast.com\/wordpress\/plugins\/seo\/ -->\n<title>Descarga nuestro White Paper - Assesso - Espa\u00f1ol<\/title>\n<meta name=\"robots\" content=\"index, follow, max-snippet:-1, max-image-preview:large, max-video-preview:-1\" \/>\n<link rel=\"canonical\" href=\"https:\/\/www.assesso.com.br\/es\/whitepaper\/\" \/>\n<meta property=\"og:locale\" content=\"es_ES\" \/>\n<meta property=\"og:type\" content=\"article\" \/>\n<meta property=\"og:title\" content=\"Descarga nuestro White Paper - Assesso - Espa\u00f1ol\" \/>\n<meta property=\"og:description\" content=\"[vc_row][vc_column width=&#8221;2\/3&#8243;][vc_column_text]La gesti\u00f3n de datos es un tema bastante amplio y complejo. Sabemos que puede ser dif\u00edcil adentrarse en este universo. Para facilitar sus primeros pasos, hemos producido un documento compacto y directo al punto. En \u00e9l, describimos los principales beneficios y ventajas de usar Datacare, nuestra plataforma completa de gesti\u00f3n de datos. Tambi\u00e9n encontrar\u00e1 [&hellip;]\" \/>\n<meta property=\"og:url\" content=\"https:\/\/www.assesso.com.br\/es\/whitepaper\/\" \/>\n<meta property=\"og:site_name\" content=\"Assesso - Espa\u00f1ol\" \/>\n<meta property=\"article:modified_time\" content=\"2024-04-12T12:32:08+00:00\" \/>\n<meta name=\"twitter:card\" content=\"summary_large_image\" \/>\n<meta name=\"twitter:label1\" content=\"Tiempo de lectura\" \/>\n\t<meta name=\"twitter:data1\" content=\"1 minuto\" \/>\n<script type=\"application\/ld+json\" class=\"yoast-schema-graph\">{\"@context\":\"https:\/\/schema.org\",\"@graph\":[{\"@type\":\"WebSite\",\"@id\":\"https:\/\/www.assesso.com.br\/#website\",\"url\":\"https:\/\/www.assesso.com.br\/\",\"name\":\"Assesso - Espa\u00f1ol\",\"description\":\"Conectando dados a decis\u00f5es\",\"potentialAction\":[{\"@type\":\"SearchAction\",\"target\":{\"@type\":\"EntryPoint\",\"urlTemplate\":\"https:\/\/www.assesso.com.br\/?s={search_term_string}\"},\"query-input\":\"required name=search_term_string\"}],\"inLanguage\":\"es\"},{\"@type\":\"WebPage\",\"@id\":\"https:\/\/www.assesso.com.br\/es\/whitepaper\/#webpage\",\"url\":\"https:\/\/www.assesso.com.br\/es\/whitepaper\/\",\"name\":\"Descarga nuestro White Paper - Assesso - Espa\u00f1ol\",\"isPartOf\":{\"@id\":\"https:\/\/www.assesso.com.br\/#website\"},\"datePublished\":\"2024-04-12T11:57:01+00:00\",\"dateModified\":\"2024-04-12T12:32:08+00:00\",\"breadcrumb\":{\"@id\":\"https:\/\/www.assesso.com.br\/es\/whitepaper\/#breadcrumb\"},\"inLanguage\":\"es\",\"potentialAction\":[{\"@type\":\"ReadAction\",\"target\":[\"https:\/\/www.assesso.com.br\/es\/whitepaper\/\"]}]},{\"@type\":\"BreadcrumbList\",\"@id\":\"https:\/\/www.assesso.com.br\/es\/whitepaper\/#breadcrumb\",\"itemListElement\":[{\"@type\":\"ListItem\",\"position\":1,\"name\":\"In\u00edcio\",\"item\":\"https:\/\/www.assesso.com.br\/es\/\"},{\"@type\":\"ListItem\",\"position\":2,\"name\":\"Descarga nuestro White Paper\"}]}]}<\/script>\n<!-- \/ Yoast SEO plugin. -->","yoast_head_json":{"title":"Descarga nuestro White Paper - Assesso - Espa\u00f1ol","robots":{"index":"index","follow":"follow","max-snippet":"max-snippet:-1","max-image-preview":"max-image-preview:large","max-video-preview":"max-video-preview:-1"},"canonical":"https:\/\/www.assesso.com.br\/es\/whitepaper\/","og_locale":"es_ES","og_type":"article","og_title":"Descarga nuestro White Paper - Assesso - Espa\u00f1ol","og_description":"[vc_row][vc_column width=&#8221;2\/3&#8243;][vc_column_text]La gesti\u00f3n de datos es un tema bastante amplio y complejo. Sabemos que puede ser dif\u00edcil adentrarse en este universo. Para facilitar sus primeros pasos, hemos producido un documento compacto y directo al punto. En \u00e9l, describimos los principales beneficios y ventajas de usar Datacare, nuestra plataforma completa de gesti\u00f3n de datos. Tambi\u00e9n encontrar\u00e1 [&hellip;]","og_url":"https:\/\/www.assesso.com.br\/es\/whitepaper\/","og_site_name":"Assesso - Espa\u00f1ol","article_modified_time":"2024-04-12T12:32:08+00:00","twitter_card":"summary_large_image","twitter_misc":{"Tiempo de lectura":"1 minuto"},"schema":{"@context":"https:\/\/schema.org","@graph":[{"@type":"WebSite","@id":"https:\/\/www.assesso.com.br\/#website","url":"https:\/\/www.assesso.com.br\/","name":"Assesso - Espa\u00f1ol","description":"Conectando dados a decis\u00f5es","potentialAction":[{"@type":"SearchAction","target":{"@type":"EntryPoint","urlTemplate":"https:\/\/www.assesso.com.br\/?s={search_term_string}"},"query-input":"required name=search_term_string"}],"inLanguage":"es"},{"@type":"WebPage","@id":"https:\/\/www.assesso.com.br\/es\/whitepaper\/#webpage","url":"https:\/\/www.assesso.com.br\/es\/whitepaper\/","name":"Descarga nuestro White Paper - Assesso - Espa\u00f1ol","isPartOf":{"@id":"https:\/\/www.assesso.com.br\/#website"},"datePublished":"2024-04-12T11:57:01+00:00","dateModified":"2024-04-12T12:32:08+00:00","breadcrumb":{"@id":"https:\/\/www.assesso.com.br\/es\/whitepaper\/#breadcrumb"},"inLanguage":"es","potentialAction":[{"@type":"ReadAction","target":["https:\/\/www.assesso.com.br\/es\/whitepaper\/"]}]},{"@type":"BreadcrumbList","@id":"https:\/\/www.assesso.com.br\/es\/whitepaper\/#breadcrumb","itemListElement":[{"@type":"ListItem","position":1,"name":"In\u00edcio","item":"https:\/\/www.assesso.com.br\/es\/"},{"@type":"ListItem","position":2,"name":"Descarga nuestro White Paper"}]}]}},"_links":{"self":[{"href":"https:\/\/www.assesso.com.br\/es\/wp-json\/wp\/v2\/pages\/2234","targetHints":{"allow":["GET"]}}],"collection":[{"href":"https:\/\/www.assesso.com.br\/es\/wp-json\/wp\/v2\/pages"}],"about":[{"href":"https:\/\/www.assesso.com.br\/es\/wp-json\/wp\/v2\/types\/page"}],"author":[{"embeddable":true,"href":"https:\/\/www.assesso.com.br\/es\/wp-json\/wp\/v2\/users\/10"}],"replies":[{"embeddable":true,"href":"https:\/\/www.assesso.com.br\/es\/wp-json\/wp\/v2\/comments?post=2234"}],"version-history":[{"count":4,"href":"https:\/\/www.assesso.com.br\/es\/wp-json\/wp\/v2\/pages\/2234\/revisions"}],"predecessor-version":[{"id":2244,"href":"https:\/\/www.assesso.com.br\/es\/wp-json\/wp\/v2\/pages\/2234\/revisions\/2244"}],"wp:attachment":[{"href":"https:\/\/www.assesso.com.br\/es\/wp-json\/wp\/v2\/media?parent=2234"}],"curies":[{"name":"wp","href":"https:\/\/api.w.org\/{rel}","templated":true}]}}