{"id":2260,"date":"2024-06-13T17:08:45","date_gmt":"2024-06-13T20:08:45","guid":{"rendered":"https:\/\/www.assesso.com.br\/es\/?page_id=2260"},"modified":"2024-06-13T17:23:54","modified_gmt":"2024-06-13T20:23:54","slug":"isg-provider-lens-analytics-platforms-2023-brazil","status":"publish","type":"page","link":"https:\/\/www.assesso.com.br\/es\/isg-provider-lens-analytics-platforms-2023-brazil\/","title":{"rendered":"ISG Provider Lens&#x2122; Analytics Platforms 2023 &#8211; Brazil"},"content":{"rendered":"<p>[vc_row][vc_column]<style type=\"text\/css\">.grve-title-gradient.grve-title-69d4bccab038b > span,.grve-title-gradient.grve-title-69d4bccab038b .grve-clipping-content > span {color: #dd3333;background-image: -moz-linear-gradient(-45deg, #dd3333 0%, #003a40 100%);background-image: -webkit-linear-gradient(-45deg, #dd3333 0%, #003a40 100%);background-image: linear-gradient(135deg, #dd3333 0%, #003a40 100%);}<\/style><h2 class=\"grve-element grve-title grve-align-center grve-h2 grve-increase-heading grve-heading-140 grve-title-gradient grve-title-69d4bccab038b\" style=\"margin-bottom: 30px;\"><span>Assesso es l\u00edder por segundo a\u00f1o consecutivo.<\/span><\/h2><div class=\"grve-element grve-title grve-align-center grve-leader-text grve-increase-heading grve-heading-140\" style=\"margin-bottom: 30px;\"><span>Por segundo a\u00f1o consecutivo, el informe ISG Provider Lens&#x2122; Analytics Platforms Brazil clasifica a Assesso como &#8220;L\u00edder&#8221; en el cuadrante de Data Governance Platforms.<\/span><\/div>[\/vc_column][\/vc_row][vc_row][vc_column width=&#8221;2\/3&#8243;]<div class=\"grve-element grve-image grve-align-center\" style=\"\">  <div class=\"grve-image-wrapper\"><img loading=\"lazy\" decoding=\"async\" width=\"1536\" height=\"666\" src=\"https:\/\/www.assesso.com.br\/es\/wp-content\/uploads\/3\/2024\/06\/selo-assesso-ipl2023.png\" class=\"attachment-full size-full\" alt=\"\" srcset=\"https:\/\/www.assesso.com.br\/es\/wp-content\/uploads\/3\/2024\/06\/selo-assesso-ipl2023.png 1536w, https:\/\/www.assesso.com.br\/es\/wp-content\/uploads\/3\/2024\/06\/selo-assesso-ipl2023-300x130.png 300w, https:\/\/www.assesso.com.br\/es\/wp-content\/uploads\/3\/2024\/06\/selo-assesso-ipl2023-1024x444.png 1024w, https:\/\/www.assesso.com.br\/es\/wp-content\/uploads\/3\/2024\/06\/selo-assesso-ipl2023-768x333.png 768w\" sizes=\"auto, (max-width: 1536px) 100vw, 1536px\" \/>   <\/div><\/div><div class=\"ult-spacer spacer-69d4bccab0886\" data-id=\"69d4bccab0886\" data-height=\"20\" data-height-mobile=\"20\" data-height-tab=\"20\" data-height-tab-portrait=\"\" data-height-mobile-landscape=\"\" style=\"clear:both;display:block;\"><\/div>[vc_column_text]Seg\u00fan el informe de 2023, Assesso ha ganado varios nuevos clientes, grandes empresas de Brasil, muchas de las cuales son l\u00edderes en sus segmentos de actividad. As\u00ed, Assesso logra ocupar un espacio relevante en el mercado en diversos segmentos, como servicios financieros, bienes de consumo, medios de comunicaci\u00f3n, telecomunicaciones, educaci\u00f3n y salud.<\/p>\n<p>Adem\u00e1s, el informe destaca la incorporaci\u00f3n de nuevas funcionalidades, utilizando Inteligencia Artificial y Machine Learning para el tratamiento y descubrimiento de datos. Otras funcionalidades destacadas incluyen la disponibilidad de herramientas nativas de BI y docenas de productos de datos preconfigurados, que facilitan y agilizan la implementaci\u00f3n y abordan problemas espec\u00edficos.<\/p>\n<p>El estudio tambi\u00e9n destaca la plataforma Datacare por su capacidad para ofrecer una visi\u00f3n completa de los datos de personas f\u00edsicas y jur\u00eddicas, formando una visi\u00f3n 360\u00ba de los clientes. Este recurso es especialmente valioso para estrechar la relaci\u00f3n con el cliente, prever oportunidades de upsell y cross-sell, estimar el CLV (valor del ciclo de vida del cliente) y el riesgo de churn.[\/vc_column_text]<div class=\"ult-spacer spacer-69d4bccab089a\" data-id=\"69d4bccab089a\" data-height=\"20\" data-height-mobile=\"20\" data-height-tab=\"20\" data-height-tab-portrait=\"\" data-height-mobile-landscape=\"\" style=\"clear:both;display:block;\"><\/div><div class=\"grve-element grve-image grve-align-center\" style=\"\">  <div class=\"grve-image-wrapper\"><img loading=\"lazy\" decoding=\"async\" width=\"2560\" height=\"1440\" src=\"https:\/\/www.assesso.com.br\/es\/wp-content\/uploads\/3\/2024\/06\/assesso-ipl2023-page-en-scaled.jpg\" class=\"attachment-full size-full\" alt=\"\" srcset=\"https:\/\/www.assesso.com.br\/es\/wp-content\/uploads\/3\/2024\/06\/assesso-ipl2023-page-en-scaled.jpg 2560w, https:\/\/www.assesso.com.br\/es\/wp-content\/uploads\/3\/2024\/06\/assesso-ipl2023-page-en-300x169.jpg 300w, https:\/\/www.assesso.com.br\/es\/wp-content\/uploads\/3\/2024\/06\/assesso-ipl2023-page-en-1024x576.jpg 1024w, https:\/\/www.assesso.com.br\/es\/wp-content\/uploads\/3\/2024\/06\/assesso-ipl2023-page-en-768x432.jpg 768w, https:\/\/www.assesso.com.br\/es\/wp-content\/uploads\/3\/2024\/06\/assesso-ipl2023-page-en-1536x864.jpg 1536w, https:\/\/www.assesso.com.br\/es\/wp-content\/uploads\/3\/2024\/06\/assesso-ipl2023-page-en-1170x658.jpg 1170w, https:\/\/www.assesso.com.br\/es\/wp-content\/uploads\/3\/2024\/06\/assesso-ipl2023-page-en-1920x1080.jpg 1920w\" sizes=\"auto, (max-width: 2560px) 100vw, 2560px\" \/>   <\/div><\/div>[\/vc_column][vc_column width=&#8221;1\/3&#8243;][vc_column_text]<\/p>\n<h3>Descarga el ISG Provider Lens&#x2122;.<\/h3>\n<p>Puedes descargar gratuitamente una versi\u00f3n personalizada del estudio ISG Provider Lens&#x2122; Analytics \u2013 Platforms 2023. Completa el formulario a continuaci\u00f3n para recibir una copia en tu correo electr\u00f3nico.[\/vc_column_text][vc_raw_html]JTNDc2NyaXB0JTIwdHlwZSUzRCUyMnRleHQlMkZqYXZhc2NyaXB0JTIyJTIwc3JjJTNEJTIyJTJGJTJGY29udGVudC5hc3Nlc3NvLmNvbS5iciUyRmZvcm0lMkZnZW5lcmF0ZS5qcyUzRmlkJTNEMTQlMjIlM0UlM0MlMkZzY3JpcHQlM0U=[\/vc_raw_html]<div class=\"ult-spacer spacer-69d4bccab0c67\" data-id=\"69d4bccab0c67\" data-height=\"20\" data-height-mobile=\"20\" data-height-tab=\"20\" data-height-tab-portrait=\"\" data-height-mobile-landscape=\"\" style=\"clear:both;display:block;\"><\/div><div class=\"grve-element grve-image grve-align-center\" style=\"\">  <div class=\"grve-image-wrapper\"><img loading=\"lazy\" decoding=\"async\" width=\"986\" height=\"677\" src=\"https:\/\/www.assesso.com.br\/es\/wp-content\/uploads\/3\/2021\/12\/ISG-Logo_greater-than-3.jpg\" class=\"attachment-full size-full\" alt=\"\" srcset=\"https:\/\/www.assesso.com.br\/es\/wp-content\/uploads\/3\/2021\/12\/ISG-Logo_greater-than-3.jpg 986w, https:\/\/www.assesso.com.br\/es\/wp-content\/uploads\/3\/2021\/12\/ISG-Logo_greater-than-3-300x206.jpg 300w, https:\/\/www.assesso.com.br\/es\/wp-content\/uploads\/3\/2021\/12\/ISG-Logo_greater-than-3-768x527.jpg 768w\" sizes=\"auto, (max-width: 986px) 100vw, 986px\" \/>   <\/div><\/div>[\/vc_column][\/vc_row]<\/p>\n","protected":false},"excerpt":{"rendered":"<p>[vc_row][vc_column][\/vc_column][\/vc_row][vc_row][vc_column width=&#8221;2\/3&#8243;][vc_column_text]Seg\u00fan el informe de 2023, Assesso ha ganado varios nuevos clientes, grandes empresas de Brasil, muchas de las cuales son l\u00edderes en sus segmentos de actividad. As\u00ed, Assesso logra ocupar un espacio relevante en el mercado en diversos segmentos, como servicios financieros, bienes de consumo, medios de comunicaci\u00f3n, telecomunicaciones, educaci\u00f3n y salud. Adem\u00e1s, el [&hellip;]<\/p>\n","protected":false},"author":10,"featured_media":0,"parent":0,"menu_order":0,"comment_status":"closed","ping_status":"closed","template":"","meta":{"footnotes":""},"class_list":["post-2260","page","type-page","status-publish","hentry"],"yoast_head":"<!-- This site is optimized with the Yoast SEO plugin v18.0 - https:\/\/yoast.com\/wordpress\/plugins\/seo\/ -->\n<title>ISG Provider Lens&#x2122; Analytics Platforms 2023 - Brazil - Assesso - Espa\u00f1ol<\/title>\n<meta name=\"robots\" content=\"index, follow, max-snippet:-1, max-image-preview:large, max-video-preview:-1\" \/>\n<link rel=\"canonical\" href=\"https:\/\/www.assesso.com.br\/es\/isg-provider-lens-analytics-platforms-2023-brazil\/\" \/>\n<meta property=\"og:locale\" content=\"es_ES\" \/>\n<meta property=\"og:type\" content=\"article\" \/>\n<meta property=\"og:title\" content=\"ISG Provider Lens&#x2122; Analytics Platforms 2023 - Brazil - Assesso - Espa\u00f1ol\" \/>\n<meta property=\"og:description\" content=\"[vc_row][vc_column][\/vc_column][\/vc_row][vc_row][vc_column width=&#8221;2\/3&#8243;][vc_column_text]Seg\u00fan el informe de 2023, Assesso ha ganado varios nuevos clientes, grandes empresas de Brasil, muchas de las cuales son l\u00edderes en sus segmentos de actividad. As\u00ed, Assesso logra ocupar un espacio relevante en el mercado en diversos segmentos, como servicios financieros, bienes de consumo, medios de comunicaci\u00f3n, telecomunicaciones, educaci\u00f3n y salud. Adem\u00e1s, el [&hellip;]\" \/>\n<meta property=\"og:url\" content=\"https:\/\/www.assesso.com.br\/es\/isg-provider-lens-analytics-platforms-2023-brazil\/\" \/>\n<meta property=\"og:site_name\" content=\"Assesso - Espa\u00f1ol\" \/>\n<meta property=\"article:modified_time\" content=\"2024-06-13T20:23:54+00:00\" \/>\n<meta name=\"twitter:card\" content=\"summary_large_image\" \/>\n<meta name=\"twitter:label1\" content=\"Tiempo de lectura\" \/>\n\t<meta name=\"twitter:data1\" content=\"2 minutos\" \/>\n<script type=\"application\/ld+json\" class=\"yoast-schema-graph\">{\"@context\":\"https:\/\/schema.org\",\"@graph\":[{\"@type\":\"WebSite\",\"@id\":\"https:\/\/www.assesso.com.br\/#website\",\"url\":\"https:\/\/www.assesso.com.br\/\",\"name\":\"Assesso - Espa\u00f1ol\",\"description\":\"Conectando dados a decis\u00f5es\",\"potentialAction\":[{\"@type\":\"SearchAction\",\"target\":{\"@type\":\"EntryPoint\",\"urlTemplate\":\"https:\/\/www.assesso.com.br\/?s={search_term_string}\"},\"query-input\":\"required name=search_term_string\"}],\"inLanguage\":\"es\"},{\"@type\":\"WebPage\",\"@id\":\"https:\/\/www.assesso.com.br\/es\/isg-provider-lens-analytics-platforms-2023-brazil\/#webpage\",\"url\":\"https:\/\/www.assesso.com.br\/es\/isg-provider-lens-analytics-platforms-2023-brazil\/\",\"name\":\"ISG Provider Lens&#x2122; Analytics Platforms 2023 - Brazil - Assesso - Espa\u00f1ol\",\"isPartOf\":{\"@id\":\"https:\/\/www.assesso.com.br\/#website\"},\"datePublished\":\"2024-06-13T20:08:45+00:00\",\"dateModified\":\"2024-06-13T20:23:54+00:00\",\"breadcrumb\":{\"@id\":\"https:\/\/www.assesso.com.br\/es\/isg-provider-lens-analytics-platforms-2023-brazil\/#breadcrumb\"},\"inLanguage\":\"es\",\"potentialAction\":[{\"@type\":\"ReadAction\",\"target\":[\"https:\/\/www.assesso.com.br\/es\/isg-provider-lens-analytics-platforms-2023-brazil\/\"]}]},{\"@type\":\"BreadcrumbList\",\"@id\":\"https:\/\/www.assesso.com.br\/es\/isg-provider-lens-analytics-platforms-2023-brazil\/#breadcrumb\",\"itemListElement\":[{\"@type\":\"ListItem\",\"position\":1,\"name\":\"In\u00edcio\",\"item\":\"https:\/\/www.assesso.com.br\/es\/\"},{\"@type\":\"ListItem\",\"position\":2,\"name\":\"ISG Provider Lens&#x2122; Analytics Platforms 2023 &#8211; Brazil\"}]}]}<\/script>\n<!-- \/ Yoast SEO plugin. -->","yoast_head_json":{"title":"ISG Provider Lens&#x2122; Analytics Platforms 2023 - Brazil - Assesso - Espa\u00f1ol","robots":{"index":"index","follow":"follow","max-snippet":"max-snippet:-1","max-image-preview":"max-image-preview:large","max-video-preview":"max-video-preview:-1"},"canonical":"https:\/\/www.assesso.com.br\/es\/isg-provider-lens-analytics-platforms-2023-brazil\/","og_locale":"es_ES","og_type":"article","og_title":"ISG Provider Lens&#x2122; Analytics Platforms 2023 - Brazil - Assesso - Espa\u00f1ol","og_description":"[vc_row][vc_column][\/vc_column][\/vc_row][vc_row][vc_column width=&#8221;2\/3&#8243;][vc_column_text]Seg\u00fan el informe de 2023, Assesso ha ganado varios nuevos clientes, grandes empresas de Brasil, muchas de las cuales son l\u00edderes en sus segmentos de actividad. As\u00ed, Assesso logra ocupar un espacio relevante en el mercado en diversos segmentos, como servicios financieros, bienes de consumo, medios de comunicaci\u00f3n, telecomunicaciones, educaci\u00f3n y salud. Adem\u00e1s, el [&hellip;]","og_url":"https:\/\/www.assesso.com.br\/es\/isg-provider-lens-analytics-platforms-2023-brazil\/","og_site_name":"Assesso - Espa\u00f1ol","article_modified_time":"2024-06-13T20:23:54+00:00","twitter_card":"summary_large_image","twitter_misc":{"Tiempo de lectura":"2 minutos"},"schema":{"@context":"https:\/\/schema.org","@graph":[{"@type":"WebSite","@id":"https:\/\/www.assesso.com.br\/#website","url":"https:\/\/www.assesso.com.br\/","name":"Assesso - Espa\u00f1ol","description":"Conectando dados a decis\u00f5es","potentialAction":[{"@type":"SearchAction","target":{"@type":"EntryPoint","urlTemplate":"https:\/\/www.assesso.com.br\/?s={search_term_string}"},"query-input":"required name=search_term_string"}],"inLanguage":"es"},{"@type":"WebPage","@id":"https:\/\/www.assesso.com.br\/es\/isg-provider-lens-analytics-platforms-2023-brazil\/#webpage","url":"https:\/\/www.assesso.com.br\/es\/isg-provider-lens-analytics-platforms-2023-brazil\/","name":"ISG Provider Lens&#x2122; Analytics Platforms 2023 - Brazil - Assesso - Espa\u00f1ol","isPartOf":{"@id":"https:\/\/www.assesso.com.br\/#website"},"datePublished":"2024-06-13T20:08:45+00:00","dateModified":"2024-06-13T20:23:54+00:00","breadcrumb":{"@id":"https:\/\/www.assesso.com.br\/es\/isg-provider-lens-analytics-platforms-2023-brazil\/#breadcrumb"},"inLanguage":"es","potentialAction":[{"@type":"ReadAction","target":["https:\/\/www.assesso.com.br\/es\/isg-provider-lens-analytics-platforms-2023-brazil\/"]}]},{"@type":"BreadcrumbList","@id":"https:\/\/www.assesso.com.br\/es\/isg-provider-lens-analytics-platforms-2023-brazil\/#breadcrumb","itemListElement":[{"@type":"ListItem","position":1,"name":"In\u00edcio","item":"https:\/\/www.assesso.com.br\/es\/"},{"@type":"ListItem","position":2,"name":"ISG Provider Lens&#x2122; Analytics Platforms 2023 &#8211; Brazil"}]}]}},"_links":{"self":[{"href":"https:\/\/www.assesso.com.br\/es\/wp-json\/wp\/v2\/pages\/2260","targetHints":{"allow":["GET"]}}],"collection":[{"href":"https:\/\/www.assesso.com.br\/es\/wp-json\/wp\/v2\/pages"}],"about":[{"href":"https:\/\/www.assesso.com.br\/es\/wp-json\/wp\/v2\/types\/page"}],"author":[{"embeddable":true,"href":"https:\/\/www.assesso.com.br\/es\/wp-json\/wp\/v2\/users\/10"}],"replies":[{"embeddable":true,"href":"https:\/\/www.assesso.com.br\/es\/wp-json\/wp\/v2\/comments?post=2260"}],"version-history":[{"count":5,"href":"https:\/\/www.assesso.com.br\/es\/wp-json\/wp\/v2\/pages\/2260\/revisions"}],"predecessor-version":[{"id":2269,"href":"https:\/\/www.assesso.com.br\/es\/wp-json\/wp\/v2\/pages\/2260\/revisions\/2269"}],"wp:attachment":[{"href":"https:\/\/www.assesso.com.br\/es\/wp-json\/wp\/v2\/media?parent=2260"}],"curies":[{"name":"wp","href":"https:\/\/api.w.org\/{rel}","templated":true}]}}